{"id":10746,"date":"2024-07-03T14:46:31","date_gmt":"2024-07-03T14:46:31","guid":{"rendered":"https:\/\/www.exceptional.art\/?post_type=product&#038;p=10746"},"modified":"2024-11-16T21:13:30","modified_gmt":"2024-11-16T21:13:30","slug":"doble-mirada-por-humberto-poidomani","status":"publish","type":"product","link":"https:\/\/www.exceptional.art\/pt\/loja\/doble-mirada-por-humberto-poidomani\/","title":{"rendered":"Doble mirada de Humberto Poidomani - Arte em m\u00eddia mista"},"content":{"rendered":"<figure id=\"attachment_10745\" aria-describedby=\"caption-attachment-10745\" style=\"width: 235px\" class=\"wp-caption alignnone\"><img fetchpriority=\"high\" decoding=\"async\" class=\"size-medium wp-image-10745\" src=\"https:\/\/www.exceptional.art\/wp-content\/uploads\/2024\/07\/Doble-mirada-L.RES_.SIZE_-235x300.jpg\" alt=\"Obra de arte de m\u00eddia mista de Humberto Poidomani intitulada &quot;Doble mirada&quot;, acr\u00edlico sobre tela com revestimento de resina.\" width=\"235\" height=\"300\" srcset=\"https:\/\/www.exceptional.art\/wp-content\/uploads\/2024\/07\/Doble-mirada-L.RES_.SIZE_-235x300.jpg 235w, https:\/\/www.exceptional.art\/wp-content\/uploads\/2024\/07\/Doble-mirada-L.RES_.SIZE_-804x1024.jpg 804w, https:\/\/www.exceptional.art\/wp-content\/uploads\/2024\/07\/Doble-mirada-L.RES_.SIZE_-768x978.jpg 768w, https:\/\/www.exceptional.art\/wp-content\/uploads\/2024\/07\/Doble-mirada-L.RES_.SIZE_-1206x1536.jpg 1206w, https:\/\/www.exceptional.art\/wp-content\/uploads\/2024\/07\/Doble-mirada-L.RES_.SIZE_-9x12.jpg 9w, https:\/\/www.exceptional.art\/wp-content\/uploads\/2024\/07\/Doble-mirada-L.RES_.SIZE_-500x637.jpg 500w, https:\/\/www.exceptional.art\/wp-content\/uploads\/2024\/07\/Doble-mirada-L.RES_.SIZE_.jpg 1566w\" sizes=\"(max-width: 235px) 100vw, 235px\" \/><figcaption id=\"caption-attachment-10745\" class=\"wp-caption-text\">\"Doble mirada\" de Humberto Poidomani - Acr\u00edlico sobre tela com revestimento de resina.<\/figcaption><\/figure>\n<p>Tamb\u00e9m est\u00e1 dispon\u00edvel uma vers\u00e3o econ\u00f4mica, com alta reprodu\u00e7\u00e3o digital, ao pre\u00e7o de $439.<br \/>\nEle captura fielmente a ess\u00eancia da obra de arte original. Ao contr\u00e1rio do original, apresenta um acabamento fosco sem o revestimento de resina ep\u00f3xi.<\/p>","protected":false},"excerpt":{"rendered":"<p>\"Doble mirada\", de Humberto Poidomani, \u00e9 uma obra de m\u00eddia mista que apresenta acr\u00edlico sobre tela com revestimento de resina. Ela \u00e9 conhecida por suas texturas exclusivas e cores vibrantes.<\/p>","protected":false},"featured_media":10745,"comment_status":"open","ping_status":"closed","template":"","meta":{"_acf_changed":false,"site-sidebar-layout":"default","site-content-layout":"","ast-site-content-layout":"default","site-content-style":"default","site-sidebar-style":"default","ast-global-header-display":"","ast-banner-title-visibility":"","ast-main-header-display":"","ast-hfb-above-header-display":"","ast-hfb-below-header-display":"","ast-hfb-mobile-header-display":"","site-post-title":"","ast-breadcrumbs-content":"","ast-featured-img":"","footer-sml-layout":"","theme-transparent-header-meta":"default","adv-header-id-meta":"","stick-header-meta":"default","header-above-stick-meta":"","header-main-stick-meta":"","header-below-stick-meta":"","astra-migrate-meta-layouts":"set","ast-page-background-enabled":"default","ast-page-background-meta":{"desktop":{"background-color":"","background-image":"","background-repeat":"repeat","background-position":"center center","background-size":"auto","background-attachment":"scroll","background-type":"","background-media":"","overlay-type":"","overlay-color":"","overlay-opacity":"","overlay-gradient":""},"tablet":{"background-color":"","background-image":"","background-repeat":"repeat","background-position":"center center","background-size":"auto","background-attachment":"scroll","background-type":"","background-media":"","overlay-type":"","overlay-color":"","overlay-opacity":"","overlay-gradient":""},"mobile":{"background-color":"","background-image":"","background-repeat":"repeat","background-position":"center center","background-size":"auto","background-attachment":"scroll","background-type":"","background-media":"","overlay-type":"","overlay-color":"","overlay-opacity":"","overlay-gradient":""}},"ast-content-background-meta":{"desktop":{"background-color":"var(--ast-global-color-5)","background-image":"","background-repeat":"repeat","background-position":"center center","background-size":"auto","background-attachment":"scroll","background-type":"","background-media":"","overlay-type":"","overlay-color":"","overlay-opacity":"","overlay-gradient":""},"tablet":{"background-color":"var(--ast-global-color-5)","background-image":"","background-repeat":"repeat","background-position":"center center","background-size":"auto","background-attachment":"scroll","background-type":"","background-media":"","overlay-type":"","overlay-color":"","overlay-opacity":"","overlay-gradient":""},"mobile":{"background-color":"var(--ast-global-color-5)","background-image":"","background-repeat":"repeat","background-position":"center center","background-size":"auto","background-attachment":"scroll","background-type":"","background-media":"","overlay-type":"","overlay-color":"","overlay-opacity":"","overlay-gradient":""}}},"art-created-date":[189],"product_brand":[],"product_cat":[192],"product_tag":[],"class_list":{"0":"post-10746","1":"product","2":"type-product","3":"status-publish","4":"has-post-thumbnail","6":"art-created-date-189","7":"product_cat-acrylic-on-canvas-with-resin-coating","8":"desktop-align-left","9":"tablet-align-left","10":"mobile-align-left","11":"ast-product-gallery-layout-horizontal-slider","12":"ast-product-tabs-layout-horizontal","13":"ast-qv-on-image","15":"first","16":"instock","17":"featured","18":"taxable","19":"shipping-taxable","20":"purchasable","21":"product-type-simple"},"acf":[],"yoast_head":"<!-- This site is optimized with the Yoast SEO Premium plugin v24.1 (Yoast SEO v25.4) - https:\/\/yoast.com\/wordpress\/plugins\/seo\/ -->\n<title>Doble mirada by Humberto Poidomani - Mixed Media Art - Humberto Poidomani Art - Decades of Sculptural and Paintings Mastery<\/title>\n<meta name=\"description\" content=\"Explore &quot;Doble mirada&quot; by Humberto Poidomani, a mixed media artwork using acrylic on canvas with a resin coating, highlighting unique textures and forms.\" \/>\n<meta name=\"robots\" content=\"index, follow, max-snippet:-1, max-image-preview:large, max-video-preview:-1\" \/>\n<link rel=\"canonical\" href=\"https:\/\/www.exceptional.art\/pt\/loja\/doble-mirada-por-humberto-poidomani\/\" \/>\n<meta property=\"og:locale\" content=\"pt_BR\" \/>\n<meta property=\"og:type\" content=\"article\" \/>\n<meta property=\"og:title\" content=\"Doble mirada by Humberto Poidomani - Mixed Media Art\" \/>\n<meta property=\"og:description\" content=\"Explore &quot;Doble mirada&quot; by Humberto Poidomani, a mixed media artwork using acrylic on canvas with a resin coating, highlighting unique textures and forms.\" \/>\n<meta property=\"og:url\" content=\"https:\/\/www.exceptional.art\/pt\/loja\/doble-mirada-por-humberto-poidomani\/\" \/>\n<meta property=\"og:site_name\" content=\"Humberto Poidomani Art - Decades of Sculptural and Paintings Mastery\" \/>\n<meta property=\"article:modified_time\" content=\"2024-11-16T21:13:30+00:00\" \/>\n<meta property=\"og:image\" content=\"https:\/\/www.exceptional.art\/wp-content\/uploads\/2024\/07\/Doble-mirada-L.RES_.SIZE_.jpg\" \/>\n\t<meta property=\"og:image:width\" content=\"1566\" \/>\n\t<meta property=\"og:image:height\" content=\"1995\" \/>\n\t<meta property=\"og:image:type\" content=\"image\/jpeg\" \/>\n<meta name=\"twitter:card\" content=\"summary_large_image\" \/>\n<meta name=\"twitter:label1\" content=\"Est. tempo de leitura\" \/>\n\t<meta name=\"twitter:data1\" content=\"1 minuto\" \/>\n<script type=\"application\/ld+json\" class=\"yoast-schema-graph\">{\"@context\":\"https:\/\/schema.org\",\"@graph\":[{\"@type\":\"WebPage\",\"@id\":\"https:\/\/www.exceptional.art\/shop\/doble-mirada-by-humberto-poidomani\/\",\"url\":\"https:\/\/www.exceptional.art\/shop\/doble-mirada-by-humberto-poidomani\/\",\"name\":\"Doble mirada by Humberto Poidomani - Mixed Media Art - Humberto Poidomani Art - Decades of Sculptural and Paintings Mastery\",\"isPartOf\":{\"@id\":\"https:\/\/www.exceptional.art\/#website\"},\"primaryImageOfPage\":{\"@id\":\"https:\/\/www.exceptional.art\/shop\/doble-mirada-by-humberto-poidomani\/#primaryimage\"},\"image\":{\"@id\":\"https:\/\/www.exceptional.art\/shop\/doble-mirada-by-humberto-poidomani\/#primaryimage\"},\"thumbnailUrl\":\"https:\/\/www.exceptional.art\/wp-content\/uploads\/2024\/07\/Doble-mirada-L.RES_.SIZE_.jpg\",\"datePublished\":\"2024-07-03T14:46:31+00:00\",\"dateModified\":\"2024-11-16T21:13:30+00:00\",\"description\":\"Explore \\\"Doble mirada\\\" by Humberto Poidomani, a mixed media artwork using acrylic on canvas with a resin coating, highlighting unique textures and forms.\",\"breadcrumb\":{\"@id\":\"https:\/\/www.exceptional.art\/shop\/doble-mirada-by-humberto-poidomani\/#breadcrumb\"},\"inLanguage\":\"pt-BR\",\"potentialAction\":[{\"@type\":\"ReadAction\",\"target\":[\"https:\/\/www.exceptional.art\/shop\/doble-mirada-by-humberto-poidomani\/\"]}]},{\"@type\":\"ImageObject\",\"inLanguage\":\"pt-BR\",\"@id\":\"https:\/\/www.exceptional.art\/shop\/doble-mirada-by-humberto-poidomani\/#primaryimage\",\"url\":\"https:\/\/www.exceptional.art\/wp-content\/uploads\/2024\/07\/Doble-mirada-L.RES_.SIZE_.jpg\",\"contentUrl\":\"https:\/\/www.exceptional.art\/wp-content\/uploads\/2024\/07\/Doble-mirada-L.RES_.SIZE_.jpg\",\"width\":1566,\"height\":1995,\"caption\":\"\\\"Doble mirada\\\" by Humberto Poidomani - Acrylic on canvas with resin coating.\"},{\"@type\":\"BreadcrumbList\",\"@id\":\"https:\/\/www.exceptional.art\/shop\/doble-mirada-by-humberto-poidomani\/#breadcrumb\",\"itemListElement\":[{\"@type\":\"ListItem\",\"position\":1,\"name\":\"Home\",\"item\":\"https:\/\/www.exceptional.art\/\"},{\"@type\":\"ListItem\",\"position\":2,\"name\":\"Shop\",\"item\":\"https:\/\/www.exceptional.art\/shop\/\"},{\"@type\":\"ListItem\",\"position\":3,\"name\":\"Doble mirada by Humberto Poidomani &#8211; Mixed Media Art\"}]},{\"@type\":\"WebSite\",\"@id\":\"https:\/\/www.exceptional.art\/#website\",\"url\":\"https:\/\/www.exceptional.art\/\",\"name\":\"Humberto Poidomani Art - Decades of Sculptural and Paintings Mastery\",\"description\":\"An Artist&#039;s Journey Through Textures, Colors, and Societal Commentary\",\"publisher\":{\"@id\":\"https:\/\/www.exceptional.art\/#organization\"},\"potentialAction\":[{\"@type\":\"SearchAction\",\"target\":{\"@type\":\"EntryPoint\",\"urlTemplate\":\"https:\/\/www.exceptional.art\/?s={search_term_string}\"},\"query-input\":{\"@type\":\"PropertyValueSpecification\",\"valueRequired\":true,\"valueName\":\"search_term_string\"}}],\"inLanguage\":\"pt-BR\"},{\"@type\":\"Organization\",\"@id\":\"https:\/\/www.exceptional.art\/#organization\",\"name\":\"Humberto Poidomani Art - Decades of Sculptural and Paintings Mastery\",\"alternateName\":\"Humberto Poidomani Art\",\"url\":\"https:\/\/www.exceptional.art\/\",\"logo\":{\"@type\":\"ImageObject\",\"inLanguage\":\"pt-BR\",\"@id\":\"https:\/\/www.exceptional.art\/#\/schema\/logo\/image\/\",\"url\":\"https:\/\/www.exceptional.art\/wp-content\/uploads\/2024\/02\/cropped-Humberto-Poidomani-Signature-2-letters-red.webp\",\"contentUrl\":\"https:\/\/www.exceptional.art\/wp-content\/uploads\/2024\/02\/cropped-Humberto-Poidomani-Signature-2-letters-red.webp\",\"width\":511,\"height\":97,\"caption\":\"Humberto Poidomani Art - Decades of Sculptural and Paintings Mastery\"},\"image\":{\"@id\":\"https:\/\/www.exceptional.art\/#\/schema\/logo\/image\/\"},\"description\":\"Online Art Gallery\",\"email\":\"info@exceptional.art\",\"telephone\":\"\u202a(802) 234-8278\u202c\",\"legalName\":\"Exceptional Art\",\"foundingDate\":\"2024-06-16\",\"numberOfEmployees\":{\"@type\":\"QuantitativeValue\",\"minValue\":\"1\",\"maxValue\":\"10\"}}]}<\/script>\n<!-- \/ Yoast SEO Premium plugin. -->","yoast_head_json":{"title":"Doble mirada by Humberto Poidomani - Mixed Media Art - Humberto Poidomani Art - Decades of Sculptural and Paintings Mastery","description":"Explore \"Doble mirada\" by Humberto Poidomani, a mixed media artwork using acrylic on canvas with a resin coating, highlighting unique textures and forms.","robots":{"index":"index","follow":"follow","max-snippet":"max-snippet:-1","max-image-preview":"max-image-preview:large","max-video-preview":"max-video-preview:-1"},"canonical":"https:\/\/www.exceptional.art\/pt\/loja\/doble-mirada-por-humberto-poidomani\/","og_locale":"pt_BR","og_type":"article","og_title":"Doble mirada by Humberto Poidomani - Mixed Media Art","og_description":"Explore \"Doble mirada\" by Humberto Poidomani, a mixed media artwork using acrylic on canvas with a resin coating, highlighting unique textures and forms.","og_url":"https:\/\/www.exceptional.art\/pt\/loja\/doble-mirada-por-humberto-poidomani\/","og_site_name":"Humberto Poidomani Art - Decades of Sculptural and Paintings Mastery","article_modified_time":"2024-11-16T21:13:30+00:00","og_image":[{"width":1566,"height":1995,"url":"https:\/\/www.exceptional.art\/wp-content\/uploads\/2024\/07\/Doble-mirada-L.RES_.SIZE_.jpg","type":"image\/jpeg"}],"twitter_card":"summary_large_image","twitter_misc":{"Est. tempo de leitura":"1 minuto"},"schema":{"@context":"https:\/\/schema.org","@graph":[{"@type":"WebPage","@id":"https:\/\/www.exceptional.art\/shop\/doble-mirada-by-humberto-poidomani\/","url":"https:\/\/www.exceptional.art\/shop\/doble-mirada-by-humberto-poidomani\/","name":"Doble mirada by Humberto Poidomani - Mixed Media Art - Humberto Poidomani Art - Decades of Sculptural and Paintings Mastery","isPartOf":{"@id":"https:\/\/www.exceptional.art\/#website"},"primaryImageOfPage":{"@id":"https:\/\/www.exceptional.art\/shop\/doble-mirada-by-humberto-poidomani\/#primaryimage"},"image":{"@id":"https:\/\/www.exceptional.art\/shop\/doble-mirada-by-humberto-poidomani\/#primaryimage"},"thumbnailUrl":"https:\/\/www.exceptional.art\/wp-content\/uploads\/2024\/07\/Doble-mirada-L.RES_.SIZE_.jpg","datePublished":"2024-07-03T14:46:31+00:00","dateModified":"2024-11-16T21:13:30+00:00","description":"Explore \"Doble mirada\" by Humberto Poidomani, a mixed media artwork using acrylic on canvas with a resin coating, highlighting unique textures and forms.","breadcrumb":{"@id":"https:\/\/www.exceptional.art\/shop\/doble-mirada-by-humberto-poidomani\/#breadcrumb"},"inLanguage":"pt-BR","potentialAction":[{"@type":"ReadAction","target":["https:\/\/www.exceptional.art\/shop\/doble-mirada-by-humberto-poidomani\/"]}]},{"@type":"ImageObject","inLanguage":"pt-BR","@id":"https:\/\/www.exceptional.art\/shop\/doble-mirada-by-humberto-poidomani\/#primaryimage","url":"https:\/\/www.exceptional.art\/wp-content\/uploads\/2024\/07\/Doble-mirada-L.RES_.SIZE_.jpg","contentUrl":"https:\/\/www.exceptional.art\/wp-content\/uploads\/2024\/07\/Doble-mirada-L.RES_.SIZE_.jpg","width":1566,"height":1995,"caption":"\"Doble mirada\" by Humberto Poidomani - Acrylic on canvas with resin coating."},{"@type":"BreadcrumbList","@id":"https:\/\/www.exceptional.art\/shop\/doble-mirada-by-humberto-poidomani\/#breadcrumb","itemListElement":[{"@type":"ListItem","position":1,"name":"Home","item":"https:\/\/www.exceptional.art\/"},{"@type":"ListItem","position":2,"name":"Shop","item":"https:\/\/www.exceptional.art\/shop\/"},{"@type":"ListItem","position":3,"name":"Doble mirada by Humberto Poidomani &#8211; Mixed Media Art"}]},{"@type":"WebSite","@id":"https:\/\/www.exceptional.art\/#website","url":"https:\/\/www.exceptional.art\/","name":"Humberto Poidomani Art - Decades of Sculptural and Paintings Mastery","description":"An Artist&#039;s Journey Through Textures, Colors, and Societal Commentary","publisher":{"@id":"https:\/\/www.exceptional.art\/#organization"},"potentialAction":[{"@type":"SearchAction","target":{"@type":"EntryPoint","urlTemplate":"https:\/\/www.exceptional.art\/?s={search_term_string}"},"query-input":{"@type":"PropertyValueSpecification","valueRequired":true,"valueName":"search_term_string"}}],"inLanguage":"pt-BR"},{"@type":"Organization","@id":"https:\/\/www.exceptional.art\/#organization","name":"Humberto Poidomani Art - Decades of Sculptural and Paintings Mastery","alternateName":"Humberto Poidomani Art","url":"https:\/\/www.exceptional.art\/","logo":{"@type":"ImageObject","inLanguage":"pt-BR","@id":"https:\/\/www.exceptional.art\/#\/schema\/logo\/image\/","url":"https:\/\/www.exceptional.art\/wp-content\/uploads\/2024\/02\/cropped-Humberto-Poidomani-Signature-2-letters-red.webp","contentUrl":"https:\/\/www.exceptional.art\/wp-content\/uploads\/2024\/02\/cropped-Humberto-Poidomani-Signature-2-letters-red.webp","width":511,"height":97,"caption":"Humberto Poidomani Art - Decades of Sculptural and Paintings Mastery"},"image":{"@id":"https:\/\/www.exceptional.art\/#\/schema\/logo\/image\/"},"description":"Online Art Gallery","email":"info@exceptional.art","telephone":"\u202a(802) 234-8278\u202c","legalName":"Exceptional Art","foundingDate":"2024-06-16","numberOfEmployees":{"@type":"QuantitativeValue","minValue":"1","maxValue":"10"}}]}},"_links":{"self":[{"href":"https:\/\/www.exceptional.art\/pt\/wp-json\/wp\/v2\/product\/10746","targetHints":{"allow":["GET"]}}],"collection":[{"href":"https:\/\/www.exceptional.art\/pt\/wp-json\/wp\/v2\/product"}],"about":[{"href":"https:\/\/www.exceptional.art\/pt\/wp-json\/wp\/v2\/types\/product"}],"replies":[{"embeddable":true,"href":"https:\/\/www.exceptional.art\/pt\/wp-json\/wp\/v2\/comments?post=10746"}],"wp:featuredmedia":[{"embeddable":true,"href":"https:\/\/www.exceptional.art\/pt\/wp-json\/wp\/v2\/media\/10745"}],"wp:attachment":[{"href":"https:\/\/www.exceptional.art\/pt\/wp-json\/wp\/v2\/media?parent=10746"}],"wp:term":[{"taxonomy":"art-created-date","embeddable":true,"href":"https:\/\/www.exceptional.art\/pt\/wp-json\/wp\/v2\/art-created-date?post=10746"},{"taxonomy":"product_brand","embeddable":true,"href":"https:\/\/www.exceptional.art\/pt\/wp-json\/wp\/v2\/product_brand?post=10746"},{"taxonomy":"product_cat","embeddable":true,"href":"https:\/\/www.exceptional.art\/pt\/wp-json\/wp\/v2\/product_cat?post=10746"},{"taxonomy":"product_tag","embeddable":true,"href":"https:\/\/www.exceptional.art\/pt\/wp-json\/wp\/v2\/product_tag?post=10746"}],"curies":[{"name":"wp","href":"https:\/\/api.w.org\/{rel}","templated":true}]}}