{"id":13340,"date":"2024-11-16T21:26:41","date_gmt":"2024-11-16T21:26:41","guid":{"rendered":"https:\/\/www.exceptional.art\/?page_id=13340"},"modified":"2024-11-16T21:55:43","modified_gmt":"2024-11-16T21:55:43","slug":"linha-do-tempo-da-evolucao-das-paletas-de-cores-e-das-tecnicas-de-pinceladas","status":"publish","type":"page","link":"https:\/\/www.exceptional.art\/pt\/linha-do-tempo-da-evolucao-das-paletas-de-cores-e-das-tecnicas-de-pinceladas\/","title":{"rendered":"linha do tempo da evolu\u00e7\u00e3o das paletas de cores e das t\u00e9cnicas de pinceladas"},"content":{"rendered":"<div data-elementor-type=\"wp-page\" data-elementor-id=\"13340\" class=\"elementor elementor-13340\" data-elementor-post-type=\"page\">\n\t\t\t\t<div class=\"elementor-element elementor-element-c93266b e-flex e-con-boxed e-con e-parent\" data-id=\"c93266b\" data-element_type=\"container\" data-e-type=\"container\">\n\t\t\t\t\t<div class=\"e-con-inner\">\n\t\t\t\t\t<\/div>\n\t\t\t\t<\/div>\n\t\t<div class=\"elementor-element elementor-element-6d2f967 e-flex e-con-boxed e-con e-parent\" data-id=\"6d2f967\" data-element_type=\"container\" data-e-type=\"container\">\n\t\t\t\t\t<div class=\"e-con-inner\">\n\t\t\t\t<div class=\"elementor-element elementor-element-2e45795 elementor-widget elementor-widget-text-editor\" data-id=\"2e45795\" data-element_type=\"widget\" data-e-type=\"widget\" data-widget_type=\"text-editor.default\">\n\t\t\t\t<div class=\"elementor-widget-container\">\n\t\t\t\t\t\t\t\t\t<h3><strong>Renascimento (1400-1600)<\/strong><\/h3>\n<ul>\n  <li><strong>Paleta de cores:<\/strong> Tons terrosos, verdes suaves, azuis e vermelhos; os pigmentos mais apreciados inclu\u00edam ultramarino e vermelh\u00e3o.<\/li>\n  <li><strong>Pinceladas:<\/strong> Detalhes suaves e finos com t\u00e9cnicas de vitrifica\u00e7\u00e3o para realismo e profundidade.<\/li>\n  <li><strong>Artistas not\u00e1veis:<\/strong> Leonardo da Vinci, Michelangelo, Rafael.<\/li>\n<\/ul>\n<p><a href=\"https:\/\/en.wikipedia.org\/wiki\/Renaissance_art\" target=\"_blank\">Leia mais<\/a><\/p>\n<hr \/>\n\n<h3><strong>Barroco (1600-1700)<\/strong><\/h3>\n<ul>\n  <li><strong>Paleta de cores:<\/strong> Contrastes profundos e dram\u00e1ticos com cores ricas como vermelho carmim, ocre e preto; o claro-escuro era fundamental.<\/li>\n  <li><strong>Pinceladas:<\/strong> Fluido e preciso, enfatizando o movimento e a ilumina\u00e7\u00e3o dram\u00e1tica.<\/li>\n  <li><strong>Artistas not\u00e1veis:<\/strong> Caravaggio, Rembrandt, Peter Paul Rubens.<\/li>\n<\/ul>\n<p><a href=\"https:\/\/en.wikipedia.org\/wiki\/Baroque_art\" target=\"_blank\">Leia mais<\/a><\/p>\n<hr \/>\n\n<h3><strong>Rococ\u00f3 (de 1700 at\u00e9 o final de 1700)<\/strong><\/h3>\n<ul>\n  <li><strong>Paleta de cores:<\/strong> Tons past\u00e9is suaves, como p\u00eassego, azul celeste, rosa claro e dourado, para uma est\u00e9tica l\u00fadica e decorativa.<\/li>\n  <li><strong>Pinceladas:<\/strong> Tra\u00e7os leves e delicados que transmitem refinamento e capricho.<\/li>\n  <li><strong>Artistas not\u00e1veis:<\/strong> Fran\u00e7ois Boucher, Jean-Honor\u00e9 Fragonard.<\/li>\n<\/ul>\n<p><a href=\"https:\/\/en.wikipedia.org\/wiki\/Rococo\" target=\"_blank\">Leia mais<\/a><\/p>\n<hr \/>\n\n<h3><strong>Neoclassicismo (final dos anos 1700-1800)<\/strong><\/h3>\n<ul>\n  <li><strong>Paleta de cores:<\/strong> Tons suaves inspirados na arte grega e romana antiga, com foco em brancos, cinzas e tons de terra.<\/li>\n  <li><strong>Pinceladas:<\/strong> Linhas limpas e n\u00edtidas com superf\u00edcies lisas e polidas.<\/li>\n  <li><strong>Artistas not\u00e1veis:<\/strong> Jacques-Louis David, Jean-Auguste-Dominique Ingres.<\/li>\n<\/ul>\n<p><a href=\"https:\/\/en.wikipedia.org\/wiki\/Neoclassicism\" target=\"_blank\">Leia mais<\/a><\/p>\n<hr \/>\n\n<h3><strong>Romantismo (1800-1850)<\/strong><\/h3>\n<ul>\n  <li><strong>Paleta de cores:<\/strong> Cores vibrantes e emocionais, como vermelhos ardentes, cinzas tempestuosos e azuis profundos.<\/li>\n  <li><strong>Pinceladas:<\/strong> Expressivo e en\u00e9rgico para transmitir drama e admira\u00e7\u00e3o.<\/li>\n  <li><strong>Artistas not\u00e1veis:<\/strong> J.M.W. Turner, Eug\u00e8ne Delacroix.<\/li>\n<\/ul>\n<p><a href=\"https:\/\/en.wikipedia.org\/wiki\/Romanticism\" target=\"_blank\">Leia mais<\/a><\/p>\n<hr \/>\n\n<h3><strong>Realismo (d\u00e9cadas de 1840 a 1880)<\/strong><\/h3>\n<ul>\n  <li><strong>Paleta de cores:<\/strong> Tons naturais com marrons e verdes terrosos para representar cenas da vida real.<\/li>\n  <li><strong>Pinceladas:<\/strong> Preciso, por\u00e9m menos polido, com foco na vida cotidiana e nos detalhes.<\/li>\n  <li><strong>Artistas not\u00e1veis:<\/strong> Gustave Courbet, Jean-Fran\u00e7ois Millet.<\/li>\n<\/ul>\n<p><a href=\"https:\/\/en.wikipedia.org\/wiki\/Realism_(art_movement)\" target=\"_blank\">Leia mais<\/a><\/p>\n<hr \/>\n\n<h3><strong>Impressionismo (d\u00e9cadas de 1860 a 1900)<\/strong><\/h3>\n<ul>\n  <li><strong>Paleta de cores:<\/strong> Cores claras e vibrantes aplicadas diretamente; predominam os azuis, amarelos e rosas cintilantes.<\/li>\n  <li><strong>Pinceladas:<\/strong> Tra\u00e7os curtos e vis\u00edveis que capturam a luz e o movimento.<\/li>\n  <li><strong>Artistas not\u00e1veis:<\/strong> Claude Monet, Pierre-Auguste Renoir.<\/li>\n<\/ul>\n<p><a href=\"https:\/\/en.wikipedia.org\/wiki\/Impressionism\" target=\"_blank\">Leia mais<\/a><\/p>\n<hr \/>\n\n<h3><strong>Post-Impressionism (1880s\u20131900s)<\/strong><\/h3>\n<ul>\n  <li><strong>Paleta de cores:<\/strong> Cores ousadas e expressivas com tons emocionais, \u00e0s vezes n\u00e3o naturais.<\/li>\n  <li><strong>Pinceladas:<\/strong> Variado, do pontilhismo a pinceladas ousadas e dram\u00e1ticas.<\/li>\n  <li><strong>Artistas not\u00e1veis:<\/strong> Vincent van Gogh, Paul C\u00e9zanne, Georges Seurat.<\/li>\n<\/ul>\n<p><a href=\"https:\/\/en.wikipedia.org\/wiki\/Post-Impressionism\" target=\"_blank\">Leia mais<\/a><\/p>\n<hr \/>\n\n<h3><strong>Fauvismo (d\u00e9cadas de 1900 a 1910)<\/strong><\/h3>\n<ul>\n  <li><strong>Paleta de cores:<\/strong> Tons puros e v\u00edvidos como vermelho, laranja e azul com abstra\u00e7\u00e3o expressiva.<\/li>\n  <li><strong>Pinceladas:<\/strong> Tra\u00e7os r\u00e1pidos e arrojados que enfatizam as cores vibrantes em detrimento dos detalhes.<\/li>\n  <li><strong>Artistas not\u00e1veis:<\/strong> Henri Matisse, Andr\u00e9 Derain.<\/li>\n<\/ul>\n<p><a href=\"https:\/\/en.wikipedia.org\/wiki\/Fauvism\" target=\"_blank\">Leia mais<\/a><\/p>\n<hr \/>\n\n<h3><strong>Cubismo (d\u00e9cadas de 1907-1920)<\/strong><\/h3>\n<ul>\n  <li><strong>Paleta de cores:<\/strong> Monocromos suaves ou cores sint\u00e9ticas mais brilhantes em fases posteriores.<\/li>\n  <li><strong>Pinceladas:<\/strong> Formas geom\u00e9tricas fragmentadas com textura m\u00ednima.<\/li>\n  <li><strong>Artistas not\u00e1veis:<\/strong> Pablo Picasso, Georges Braque.<\/li>\n<\/ul>\n<p><a href=\"https:\/\/en.wikipedia.org\/wiki\/Cubism\" target=\"_blank\">Leia mais<\/a><\/p>\n<hr \/>\n\n<h3><strong>Expressionismo abstrato (d\u00e9cadas de 1940 a 1950)<\/strong><\/h3>\n<ul>\n  <li><strong>Paleta de cores:<\/strong> Prim\u00e1rias com negrito variado para causar impacto ou tons suaves para dar disposi\u00e7\u00e3o.<\/li>\n  <li><strong>Pinceladas:<\/strong> T\u00e9cnicas en\u00e9rgicas e gestuais, como gotejamento ou respingos.<\/li>\n  <li><strong>Artistas not\u00e1veis:<\/strong> Jackson Pollock, Mark Rothko.<\/li>\n<\/ul>\n<p><a href=\"https:\/\/en.wikipedia.org\/wiki\/Abstract_expressionism\" target=\"_blank\">Leia mais<\/a><\/p>\n<hr \/>\n\n<h3><strong>Pop Art (d\u00e9cadas de 1950 a 1970)<\/strong><\/h3>\n<ul>\n  <li><strong>Paleta de cores:<\/strong> Cores brilhantes e saturadas que imitam a publicidade (por exemplo, vermelho, amarelo, ciano).<\/li>\n  <li><strong>Pinceladas:<\/strong> Plano, limpo e gr\u00e1fico com bordas n\u00edtidas.<\/li>\n  <li><strong>Artistas not\u00e1veis:<\/strong> Andy Warhol, Roy Lichtenstein.<\/li>\n<\/ul>\n<p><a href=\"https:\/\/en.wikipedia.org\/wiki\/Pop_art\" target=\"_blank\">Leia mais<\/a><\/p>\n<hr \/>\n\n<h3><strong>Arte contempor\u00e2nea (d\u00e9cada de 1980 at\u00e9 o presente)<\/strong><\/h3>\n<ul>\n  <li><strong>Paleta de cores:<\/strong> Ampla variedade - de cores vivas neon a monocrom\u00e1ticos minimalistas.<\/li>\n  <li><strong>Pinceladas:<\/strong> Diversos estilos incluem hiperrealismo, texturas digitais e camadas multim\u00eddia.<\/li>\n  <li><strong>Tend\u00eancias not\u00e1veis:<\/strong> Arte de rua (por exemplo, Banksy), arte digital, pe\u00e7as de instala\u00e7\u00e3o.<\/li>\n<\/ul>\n<p><a href=\"https:\/\/en.wikipedia.org\/wiki\/Contemporary_art\" target=\"_blank\">Leia mais<\/a><\/p>\n\t\t\t\t\t\t\t\t<\/div>\n\t\t\t\t<\/div>\n\t\t\t\t\t<\/div>\n\t\t\t\t<\/div>\n\t\t<div class=\"elementor-element elementor-element-5fcda8d e-flex e-con-boxed e-con e-parent\" data-id=\"5fcda8d\" data-element_type=\"container\" data-e-type=\"container\">\n\t\t\t\t\t<div class=\"e-con-inner\">\n\t\t\t\t\t<\/div>\n\t\t\t\t<\/div>\n\t\t\t\t<\/div>","protected":false},"excerpt":{"rendered":"<p>Renaissance (1400s\u20131600s) Color Palette: Earthy tones, muted greens, blues, and reds; prized pigments included ultramarine and vermilion. Brushwork: Smooth, fine details with glazing techniques for realism and depth. Notable Artists: Leonardo da Vinci, Michelangelo, Raphael. Read More Baroque (1600s\u20131700s) Color Palette: Deep, dramatic contrasts with rich colors like carmine red, ochre, and black; chiaroscuro was[&#8230;]<\/p>","protected":false},"author":1,"featured_media":0,"parent":0,"menu_order":0,"comment_status":"closed","ping_status":"closed","template":"","meta":{"_acf_changed":false,"site-sidebar-layout":"no-sidebar","site-content-layout":"page-builder","ast-site-content-layout":"full-width-container","site-content-style":"default","site-sidebar-style":"default","ast-global-header-display":"","ast-banner-title-visibility":"","ast-main-header-display":"","ast-hfb-above-header-display":"","ast-hfb-below-header-display":"","ast-hfb-mobile-header-display":"","site-post-title":"disabled","ast-breadcrumbs-content":"","ast-featured-img":"disabled","footer-sml-layout":"","theme-transparent-header-meta":"","adv-header-id-meta":"","stick-header-meta":"","header-above-stick-meta":"","header-main-stick-meta":"","header-below-stick-meta":"","astra-migrate-meta-layouts":"set","ast-page-background-enabled":"default","ast-page-background-meta":{"desktop":{"background-color":"","background-image":"","background-repeat":"repeat","background-position":"center center","background-size":"auto","background-attachment":"scroll","background-type":"","background-media":"","overlay-type":"","overlay-color":"","overlay-opacity":"","overlay-gradient":""},"tablet":{"background-color":"","background-image":"","background-repeat":"repeat","background-position":"center center","background-size":"auto","background-attachment":"scroll","background-type":"","background-media":"","overlay-type":"","overlay-color":"","overlay-opacity":"","overlay-gradient":""},"mobile":{"background-color":"","background-image":"","background-repeat":"repeat","background-position":"center center","background-size":"auto","background-attachment":"scroll","background-type":"","background-media":"","overlay-type":"","overlay-color":"","overlay-opacity":"","overlay-gradient":""}},"ast-content-background-meta":{"desktop":{"background-color":"var(--ast-global-color-5)","background-image":"","background-repeat":"repeat","background-position":"center center","background-size":"auto","background-attachment":"scroll","background-type":"","background-media":"","overlay-type":"","overlay-color":"","overlay-opacity":"","overlay-gradient":""},"tablet":{"background-color":"var(--ast-global-color-5)","background-image":"","background-repeat":"repeat","background-position":"center center","background-size":"auto","background-attachment":"scroll","background-type":"","background-media":"","overlay-type":"","overlay-color":"","overlay-opacity":"","overlay-gradient":""},"mobile":{"background-color":"var(--ast-global-color-5)","background-image":"","background-repeat":"repeat","background-position":"center center","background-size":"auto","background-attachment":"scroll","background-type":"","background-media":"","overlay-type":"","overlay-color":"","overlay-opacity":"","overlay-gradient":""}},"footnotes":""},"class_list":["post-13340","page","type-page","status-publish","hentry"],"acf":[],"yoast_head":"<!-- This site is optimized with the Yoast SEO Premium plugin v24.1 (Yoast SEO v25.4) - https:\/\/yoast.com\/wordpress\/plugins\/seo\/ -->\n<title>timeline of evolving color palettes and brushwork techniques - Humberto Poidomani Art - Decades of Sculptural and Paintings Mastery<\/title>\n<meta name=\"robots\" content=\"index, follow, max-snippet:-1, max-image-preview:large, max-video-preview:-1\" \/>\n<link rel=\"canonical\" href=\"https:\/\/www.exceptional.art\/pt\/linha-do-tempo-da-evolucao-das-paletas-de-cores-e-das-tecnicas-de-pinceladas\/\" \/>\n<meta property=\"og:locale\" content=\"pt_BR\" \/>\n<meta property=\"og:type\" content=\"article\" \/>\n<meta property=\"og:title\" content=\"timeline of evolving color palettes and brushwork techniques\" \/>\n<meta property=\"og:description\" content=\"Renaissance (1400s\u20131600s) Color Palette: Earthy tones, muted greens, blues, and reds; prized pigments included ultramarine and vermilion. Brushwork: Smooth, fine details with glazing techniques for realism and depth. Notable Artists: Leonardo da Vinci, Michelangelo, Raphael. Read More Baroque (1600s\u20131700s) Color Palette: Deep, dramatic contrasts with rich colors like carmine red, ochre, and black; chiaroscuro was[...]\" \/>\n<meta property=\"og:url\" content=\"https:\/\/www.exceptional.art\/pt\/linha-do-tempo-da-evolucao-das-paletas-de-cores-e-das-tecnicas-de-pinceladas\/\" \/>\n<meta property=\"og:site_name\" content=\"Humberto Poidomani Art - Decades of Sculptural and Paintings Mastery\" \/>\n<meta property=\"article:modified_time\" content=\"2024-11-16T21:55:43+00:00\" \/>\n<meta name=\"twitter:card\" content=\"summary_large_image\" \/>\n<meta name=\"twitter:label1\" content=\"Est. tempo de leitura\" \/>\n\t<meta name=\"twitter:data1\" content=\"2 minutos\" \/>\n<script type=\"application\/ld+json\" class=\"yoast-schema-graph\">{\"@context\":\"https:\/\/schema.org\",\"@graph\":[{\"@type\":\"WebPage\",\"@id\":\"https:\/\/www.exceptional.art\/timeline-of-evolving-color-palettes-and-brushwork-techniques\/\",\"url\":\"https:\/\/www.exceptional.art\/timeline-of-evolving-color-palettes-and-brushwork-techniques\/\",\"name\":\"timeline of evolving color palettes and brushwork techniques - Humberto Poidomani Art - Decades of Sculptural and Paintings Mastery\",\"isPartOf\":{\"@id\":\"https:\/\/www.exceptional.art\/#website\"},\"datePublished\":\"2024-11-16T21:26:41+00:00\",\"dateModified\":\"2024-11-16T21:55:43+00:00\",\"breadcrumb\":{\"@id\":\"https:\/\/www.exceptional.art\/timeline-of-evolving-color-palettes-and-brushwork-techniques\/#breadcrumb\"},\"inLanguage\":\"pt-BR\",\"potentialAction\":[{\"@type\":\"ReadAction\",\"target\":[\"https:\/\/www.exceptional.art\/timeline-of-evolving-color-palettes-and-brushwork-techniques\/\"]}]},{\"@type\":\"BreadcrumbList\",\"@id\":\"https:\/\/www.exceptional.art\/timeline-of-evolving-color-palettes-and-brushwork-techniques\/#breadcrumb\",\"itemListElement\":[{\"@type\":\"ListItem\",\"position\":1,\"name\":\"Home\",\"item\":\"https:\/\/www.exceptional.art\/\"},{\"@type\":\"ListItem\",\"position\":2,\"name\":\"timeline of evolving color palettes and brushwork techniques\"}]},{\"@type\":\"WebSite\",\"@id\":\"https:\/\/www.exceptional.art\/#website\",\"url\":\"https:\/\/www.exceptional.art\/\",\"name\":\"Humberto Poidomani Art - Decades of Sculptural and Paintings Mastery\",\"description\":\"An Artist&#039;s Journey Through Textures, Colors, and Societal Commentary\",\"publisher\":{\"@id\":\"https:\/\/www.exceptional.art\/#organization\"},\"potentialAction\":[{\"@type\":\"SearchAction\",\"target\":{\"@type\":\"EntryPoint\",\"urlTemplate\":\"https:\/\/www.exceptional.art\/?s={search_term_string}\"},\"query-input\":{\"@type\":\"PropertyValueSpecification\",\"valueRequired\":true,\"valueName\":\"search_term_string\"}}],\"inLanguage\":\"pt-BR\"},{\"@type\":\"Organization\",\"@id\":\"https:\/\/www.exceptional.art\/#organization\",\"name\":\"Humberto Poidomani Art - Decades of Sculptural and Paintings Mastery\",\"alternateName\":\"Humberto Poidomani Art\",\"url\":\"https:\/\/www.exceptional.art\/\",\"logo\":{\"@type\":\"ImageObject\",\"inLanguage\":\"pt-BR\",\"@id\":\"https:\/\/www.exceptional.art\/#\/schema\/logo\/image\/\",\"url\":\"https:\/\/www.exceptional.art\/wp-content\/uploads\/2024\/02\/cropped-Humberto-Poidomani-Signature-2-letters-red.webp\",\"contentUrl\":\"https:\/\/www.exceptional.art\/wp-content\/uploads\/2024\/02\/cropped-Humberto-Poidomani-Signature-2-letters-red.webp\",\"width\":511,\"height\":97,\"caption\":\"Humberto Poidomani Art - Decades of Sculptural and Paintings Mastery\"},\"image\":{\"@id\":\"https:\/\/www.exceptional.art\/#\/schema\/logo\/image\/\"},\"description\":\"Online Art Gallery\",\"email\":\"info@exceptional.art\",\"telephone\":\"\u202a(802) 234-8278\u202c\",\"legalName\":\"Exceptional Art\",\"foundingDate\":\"2024-06-16\",\"numberOfEmployees\":{\"@type\":\"QuantitativeValue\",\"minValue\":\"1\",\"maxValue\":\"10\"}}]}<\/script>\n<!-- \/ Yoast SEO Premium plugin. -->","yoast_head_json":{"title":"timeline of evolving color palettes and brushwork techniques - Humberto Poidomani Art - Decades of Sculptural and Paintings Mastery","robots":{"index":"index","follow":"follow","max-snippet":"max-snippet:-1","max-image-preview":"max-image-preview:large","max-video-preview":"max-video-preview:-1"},"canonical":"https:\/\/www.exceptional.art\/pt\/linha-do-tempo-da-evolucao-das-paletas-de-cores-e-das-tecnicas-de-pinceladas\/","og_locale":"pt_BR","og_type":"article","og_title":"timeline of evolving color palettes and brushwork techniques","og_description":"Renaissance (1400s\u20131600s) Color Palette: Earthy tones, muted greens, blues, and reds; prized pigments included ultramarine and vermilion. Brushwork: Smooth, fine details with glazing techniques for realism and depth. Notable Artists: Leonardo da Vinci, Michelangelo, Raphael. Read More Baroque (1600s\u20131700s) Color Palette: Deep, dramatic contrasts with rich colors like carmine red, ochre, and black; chiaroscuro was[...]","og_url":"https:\/\/www.exceptional.art\/pt\/linha-do-tempo-da-evolucao-das-paletas-de-cores-e-das-tecnicas-de-pinceladas\/","og_site_name":"Humberto Poidomani Art - Decades of Sculptural and Paintings Mastery","article_modified_time":"2024-11-16T21:55:43+00:00","twitter_card":"summary_large_image","twitter_misc":{"Est. tempo de leitura":"2 minutos"},"schema":{"@context":"https:\/\/schema.org","@graph":[{"@type":"WebPage","@id":"https:\/\/www.exceptional.art\/timeline-of-evolving-color-palettes-and-brushwork-techniques\/","url":"https:\/\/www.exceptional.art\/timeline-of-evolving-color-palettes-and-brushwork-techniques\/","name":"timeline of evolving color palettes and brushwork techniques - Humberto Poidomani Art - Decades of Sculptural and Paintings Mastery","isPartOf":{"@id":"https:\/\/www.exceptional.art\/#website"},"datePublished":"2024-11-16T21:26:41+00:00","dateModified":"2024-11-16T21:55:43+00:00","breadcrumb":{"@id":"https:\/\/www.exceptional.art\/timeline-of-evolving-color-palettes-and-brushwork-techniques\/#breadcrumb"},"inLanguage":"pt-BR","potentialAction":[{"@type":"ReadAction","target":["https:\/\/www.exceptional.art\/timeline-of-evolving-color-palettes-and-brushwork-techniques\/"]}]},{"@type":"BreadcrumbList","@id":"https:\/\/www.exceptional.art\/timeline-of-evolving-color-palettes-and-brushwork-techniques\/#breadcrumb","itemListElement":[{"@type":"ListItem","position":1,"name":"Home","item":"https:\/\/www.exceptional.art\/"},{"@type":"ListItem","position":2,"name":"timeline of evolving color palettes and brushwork techniques"}]},{"@type":"WebSite","@id":"https:\/\/www.exceptional.art\/#website","url":"https:\/\/www.exceptional.art\/","name":"Humberto Poidomani Art - Decades of Sculptural and Paintings Mastery","description":"An Artist&#039;s Journey Through Textures, Colors, and Societal Commentary","publisher":{"@id":"https:\/\/www.exceptional.art\/#organization"},"potentialAction":[{"@type":"SearchAction","target":{"@type":"EntryPoint","urlTemplate":"https:\/\/www.exceptional.art\/?s={search_term_string}"},"query-input":{"@type":"PropertyValueSpecification","valueRequired":true,"valueName":"search_term_string"}}],"inLanguage":"pt-BR"},{"@type":"Organization","@id":"https:\/\/www.exceptional.art\/#organization","name":"Humberto Poidomani Art - Decades of Sculptural and Paintings Mastery","alternateName":"Humberto Poidomani Art","url":"https:\/\/www.exceptional.art\/","logo":{"@type":"ImageObject","inLanguage":"pt-BR","@id":"https:\/\/www.exceptional.art\/#\/schema\/logo\/image\/","url":"https:\/\/www.exceptional.art\/wp-content\/uploads\/2024\/02\/cropped-Humberto-Poidomani-Signature-2-letters-red.webp","contentUrl":"https:\/\/www.exceptional.art\/wp-content\/uploads\/2024\/02\/cropped-Humberto-Poidomani-Signature-2-letters-red.webp","width":511,"height":97,"caption":"Humberto Poidomani Art - Decades of Sculptural and Paintings Mastery"},"image":{"@id":"https:\/\/www.exceptional.art\/#\/schema\/logo\/image\/"},"description":"Online Art Gallery","email":"info@exceptional.art","telephone":"\u202a(802) 234-8278\u202c","legalName":"Exceptional Art","foundingDate":"2024-06-16","numberOfEmployees":{"@type":"QuantitativeValue","minValue":"1","maxValue":"10"}}]}},"_links":{"self":[{"href":"https:\/\/www.exceptional.art\/pt\/wp-json\/wp\/v2\/pages\/13340","targetHints":{"allow":["GET"]}}],"collection":[{"href":"https:\/\/www.exceptional.art\/pt\/wp-json\/wp\/v2\/pages"}],"about":[{"href":"https:\/\/www.exceptional.art\/pt\/wp-json\/wp\/v2\/types\/page"}],"author":[{"embeddable":true,"href":"https:\/\/www.exceptional.art\/pt\/wp-json\/wp\/v2\/users\/1"}],"replies":[{"embeddable":true,"href":"https:\/\/www.exceptional.art\/pt\/wp-json\/wp\/v2\/comments?post=13340"}],"version-history":[{"count":11,"href":"https:\/\/www.exceptional.art\/pt\/wp-json\/wp\/v2\/pages\/13340\/revisions"}],"predecessor-version":[{"id":13351,"href":"https:\/\/www.exceptional.art\/pt\/wp-json\/wp\/v2\/pages\/13340\/revisions\/13351"}],"wp:attachment":[{"href":"https:\/\/www.exceptional.art\/pt\/wp-json\/wp\/v2\/media?parent=13340"}],"curies":[{"name":"wp","href":"https:\/\/api.w.org\/{rel}","templated":true}]}}