{"id":11462,"date":"2024-08-02T04:49:45","date_gmt":"2024-08-02T04:49:45","guid":{"rendered":"https:\/\/www.exceptional.art\/?page_id=11462"},"modified":"2024-08-02T04:53:20","modified_gmt":"2024-08-02T04:53:20","slug":"explorar-as-tendencias-e-tecnicas-da-arte-moderna","status":"publish","type":"page","link":"https:\/\/www.exceptional.art\/pt\/explorar-as-tendencias-e-tecnicas-da-arte-moderna\/","title":{"rendered":"Explorando as tend\u00eancias e t\u00e9cnicas da arte moderna"},"content":{"rendered":"<div data-elementor-type=\"wp-page\" data-elementor-id=\"11462\" class=\"elementor elementor-11462\" data-elementor-post-type=\"page\">\n\t\t\t\t<div class=\"elementor-element elementor-element-52ac068 e-flex e-con-boxed e-con e-parent\" data-id=\"52ac068\" data-element_type=\"container\" data-e-type=\"container\">\n\t\t\t\t\t<div class=\"e-con-inner\">\n\t\t\t\t<div class=\"elementor-element elementor-element-6e81d04 elementor-widget elementor-widget-heading\" data-id=\"6e81d04\" data-element_type=\"widget\" data-e-type=\"widget\" data-widget_type=\"heading.default\">\n\t\t\t\t<div class=\"elementor-widget-container\">\n\t\t\t\t\t<h1 class=\"elementor-heading-title elementor-size-default\">Explorando as tend\u00eancias e t\u00e9cnicas da arte moderna<\/h1>\t\t\t\t<\/div>\n\t\t\t\t<\/div>\n\t\t\t\t\t<\/div>\n\t\t\t\t<\/div>\n\t\t<div class=\"elementor-element elementor-element-3295270 e-flex e-con-boxed e-con e-parent\" data-id=\"3295270\" data-element_type=\"container\" data-e-type=\"container\">\n\t\t\t\t\t<div class=\"e-con-inner\">\n\t\t\t\t<div class=\"elementor-element elementor-element-55e630c elementor-widget elementor-widget-heading\" data-id=\"55e630c\" data-element_type=\"widget\" data-e-type=\"widget\" data-widget_type=\"heading.default\">\n\t\t\t\t<div class=\"elementor-widget-container\">\n\t\t\t\t\t<h2 class=\"elementor-heading-title elementor-size-default\">Abra\u00e7ando a arte abstrata e de assemblage<\/h2>\t\t\t\t<\/div>\n\t\t\t\t<\/div>\n\t\t\t\t\t<\/div>\n\t\t\t\t<\/div>\n\t\t<div class=\"elementor-element elementor-element-1cd1fa5 e-flex e-con-boxed e-con e-parent\" data-id=\"1cd1fa5\" data-element_type=\"container\" data-e-type=\"container\">\n\t\t\t\t\t<div class=\"e-con-inner\">\n\t\t\t\t<div class=\"elementor-element elementor-element-0f83a5b elementor-widget elementor-widget-image\" data-id=\"0f83a5b\" data-element_type=\"widget\" data-e-type=\"widget\" data-widget_type=\"image.default\">\n\t\t\t\t<div class=\"elementor-widget-container\">\n\t\t\t\t\t\t\t\t\t\t\t\t\t\t\t<img fetchpriority=\"high\" decoding=\"async\" width=\"1024\" height=\"585\" src=\"https:\/\/www.exceptional.art\/wp-content\/uploads\/2024\/08\/A-side-by-side-comparison-of-Abstract-and-Assemblage-Art.-The-Abstract-Art-side-features-bold-vibrant-colors-with-fluid-non-representational-shapes--1024x585.webp\" class=\"attachment-large size-large wp-image-11464\" alt=\"&quot;Compara\u00e7\u00e3o lado a lado de arte abstrata com cores ousadas e vibrantes e arte de assemblage com composi\u00e7\u00f5es tridimensionais&quot;\" srcset=\"https:\/\/www.exceptional.art\/wp-content\/uploads\/2024\/08\/A-side-by-side-comparison-of-Abstract-and-Assemblage-Art.-The-Abstract-Art-side-features-bold-vibrant-colors-with-fluid-non-representational-shapes--1024x585.webp 1024w, https:\/\/www.exceptional.art\/wp-content\/uploads\/2024\/08\/A-side-by-side-comparison-of-Abstract-and-Assemblage-Art.-The-Abstract-Art-side-features-bold-vibrant-colors-with-fluid-non-representational-shapes--300x171.webp 300w, https:\/\/www.exceptional.art\/wp-content\/uploads\/2024\/08\/A-side-by-side-comparison-of-Abstract-and-Assemblage-Art.-The-Abstract-Art-side-features-bold-vibrant-colors-with-fluid-non-representational-shapes--768x439.webp 768w, https:\/\/www.exceptional.art\/wp-content\/uploads\/2024\/08\/A-side-by-side-comparison-of-Abstract-and-Assemblage-Art.-The-Abstract-Art-side-features-bold-vibrant-colors-with-fluid-non-representational-shapes--1536x878.webp 1536w, https:\/\/www.exceptional.art\/wp-content\/uploads\/2024\/08\/A-side-by-side-comparison-of-Abstract-and-Assemblage-Art.-The-Abstract-Art-side-features-bold-vibrant-colors-with-fluid-non-representational-shapes--18x10.webp 18w, https:\/\/www.exceptional.art\/wp-content\/uploads\/2024\/08\/A-side-by-side-comparison-of-Abstract-and-Assemblage-Art.-The-Abstract-Art-side-features-bold-vibrant-colors-with-fluid-non-representational-shapes--500x286.webp 500w, https:\/\/www.exceptional.art\/wp-content\/uploads\/2024\/08\/A-side-by-side-comparison-of-Abstract-and-Assemblage-Art.-The-Abstract-Art-side-features-bold-vibrant-colors-with-fluid-non-representational-shapes-.webp 1792w\" sizes=\"(max-width: 1024px) 100vw, 1024px\" \/>\t\t\t\t\t\t\t\t\t\t\t\t\t\t\t<\/div>\n\t\t\t\t<\/div>\n\t\t\t\t\t<\/div>\n\t\t\t\t<\/div>\n\t\t<div class=\"elementor-element elementor-element-a35aee6 e-flex e-con-boxed e-con e-parent\" data-id=\"a35aee6\" data-element_type=\"container\" data-e-type=\"container\">\n\t\t\t\t\t<div class=\"e-con-inner\">\n\t\t\t\t<div class=\"elementor-element elementor-element-663feed elementor-widget elementor-widget-spacer\" data-id=\"663feed\" data-element_type=\"widget\" data-e-type=\"widget\" data-widget_type=\"spacer.default\">\n\t\t\t\t<div class=\"elementor-widget-container\">\n\t\t\t\t\t\t\t<div class=\"elementor-spacer\">\n\t\t\t<div class=\"elementor-spacer-inner\"><\/div>\n\t\t<\/div>\n\t\t\t\t\t\t<\/div>\n\t\t\t\t<\/div>\n\t\t\t\t\t<\/div>\n\t\t\t\t<\/div>\n\t\t<div class=\"elementor-element elementor-element-460ba5a e-flex e-con-boxed e-con e-parent\" data-id=\"460ba5a\" data-element_type=\"container\" data-e-type=\"container\">\n\t\t\t\t\t<div class=\"e-con-inner\">\n\t\t\t\t<div class=\"elementor-element elementor-element-98905b3 elementor-widget elementor-widget-text-editor\" data-id=\"98905b3\" data-element_type=\"widget\" data-e-type=\"widget\" data-widget_type=\"text-editor.default\">\n\t\t\t\t<div class=\"elementor-widget-container\">\n\t\t\t\t\t\t\t\t\t<p>As tend\u00eancias da arte moderna est\u00e3o em constante evolu\u00e7\u00e3o, com a arte abstrata e a arte de montagem ganhando destaque. Esses estilos desafiam os limites convencionais e convidam os espectadores a interpretar e se envolver com a arte em um n\u00edvel mais profundo.<\/p><ul><li><strong>Arte abstrata:<\/strong> Concentra-se no uso de formas, cores e formatos para transmitir emo\u00e7\u00f5es e ideias sem representar objetos reconhec\u00edveis.<\/li><li><strong>Arte de montagem:<\/strong> Envolve a cria\u00e7\u00e3o de composi\u00e7\u00f5es tridimensionais a partir de objetos encontrados, oferecendo uma perspectiva \u00fanica e muitas vezes provocativa.<\/li><\/ul><h4>O processo art\u00edstico e a inspira\u00e7\u00e3o<\/h4><p>Compreender o processo art\u00edstico e encontrar inspira\u00e7\u00e3o \u00e9 fundamental para criar obras de arte exclusivas. Os artistas costumam se inspirar em experi\u00eancias pessoais, emo\u00e7\u00f5es e no ambiente ao seu redor para criar obras que repercutem entre os espectadores.<\/p><h4>Envolvimento com colecionadores de arte e tend\u00eancias<\/h4><p>Conectar-se com colecionadores de arte e manter-se atualizado sobre as tend\u00eancias da arte \u00e9 essencial tanto para artistas quanto para entusiastas. Participar de exposi\u00e7\u00f5es, fazer contatos com colecionadores e acompanhar as tend\u00eancias do setor pode proporcionar percep\u00e7\u00f5es e oportunidades valiosas.<\/p><h4>O rico patrim\u00f4nio art\u00edstico da Argentina<\/h4><p>A Argentina possui um cen\u00e1rio art\u00edstico vibrante, com uma rica hist\u00f3ria de express\u00e3o art\u00edstica. Explorar a arte na Argentina, incluindo obras de artistas argentinos proeminentes, oferece um vislumbre fascinante do patrim\u00f4nio cultural do pa\u00eds.<\/p><h4>Arte de f\u00e3 do Messi: Um tributo a um \u00edcone<\/h4><p>A arte de f\u00e3s dedicada a Lionel Messi se tornou popular, mostrando a interse\u00e7\u00e3o de esportes e arte. Essas pe\u00e7as celebram o impacto de Messi dentro e fora do campo, refletindo a paix\u00e3o e a criatividade de seus f\u00e3s. Leia nosso blog <a href=\"http:\/\/Celebrating the 2024 Olympic Games in Paris: The Inspiration Behind Humberto Poidomani\u2019s Latest Masterpiece\" data-wplink-url-error=\"true\">aqui<\/a><\/p>\t\t\t\t\t\t\t\t<\/div>\n\t\t\t\t<\/div>\n\t\t\t\t\t<\/div>\n\t\t\t\t<\/div>\n\t\t\t\t<\/div>","protected":false},"excerpt":{"rendered":"<p>Exploring Modern Art Trends and Techniques Embracing Abstract and Assemblage Art Modern art trends are continuously evolving, with abstract art and assemblage art gaining prominence. These styles challenge conventional boundaries and invite viewers to interpret and engage with art on a deeper level. Abstract Art: Focuses on using shapes, colors, and forms to convey emotions[&#8230;]<\/p>","protected":false},"author":1,"featured_media":0,"parent":0,"menu_order":0,"comment_status":"closed","ping_status":"closed","template":"","meta":{"_acf_changed":false,"site-sidebar-layout":"no-sidebar","site-content-layout":"page-builder","ast-site-content-layout":"full-width-container","site-content-style":"default","site-sidebar-style":"default","ast-global-header-display":"","ast-banner-title-visibility":"","ast-main-header-display":"","ast-hfb-above-header-display":"","ast-hfb-below-header-display":"","ast-hfb-mobile-header-display":"","site-post-title":"disabled","ast-breadcrumbs-content":"","ast-featured-img":"disabled","footer-sml-layout":"","theme-transparent-header-meta":"","adv-header-id-meta":"","stick-header-meta":"","header-above-stick-meta":"","header-main-stick-meta":"","header-below-stick-meta":"","astra-migrate-meta-layouts":"set","ast-page-background-enabled":"default","ast-page-background-meta":{"desktop":{"background-color":"","background-image":"","background-repeat":"repeat","background-position":"center center","background-size":"auto","background-attachment":"scroll","background-type":"","background-media":"","overlay-type":"","overlay-color":"","overlay-opacity":"","overlay-gradient":""},"tablet":{"background-color":"","background-image":"","background-repeat":"repeat","background-position":"center center","background-size":"auto","background-attachment":"scroll","background-type":"","background-media":"","overlay-type":"","overlay-color":"","overlay-opacity":"","overlay-gradient":""},"mobile":{"background-color":"","background-image":"","background-repeat":"repeat","background-position":"center center","background-size":"auto","background-attachment":"scroll","background-type":"","background-media":"","overlay-type":"","overlay-color":"","overlay-opacity":"","overlay-gradient":""}},"ast-content-background-meta":{"desktop":{"background-color":"var(--ast-global-color-5)","background-image":"","background-repeat":"repeat","background-position":"center center","background-size":"auto","background-attachment":"scroll","background-type":"","background-media":"","overlay-type":"","overlay-color":"","overlay-opacity":"","overlay-gradient":""},"tablet":{"background-color":"var(--ast-global-color-5)","background-image":"","background-repeat":"repeat","background-position":"center center","background-size":"auto","background-attachment":"scroll","background-type":"","background-media":"","overlay-type":"","overlay-color":"","overlay-opacity":"","overlay-gradient":""},"mobile":{"background-color":"var(--ast-global-color-5)","background-image":"","background-repeat":"repeat","background-position":"center center","background-size":"auto","background-attachment":"scroll","background-type":"","background-media":"","overlay-type":"","overlay-color":"","overlay-opacity":"","overlay-gradient":""}},"footnotes":""},"class_list":["post-11462","page","type-page","status-publish","hentry"],"acf":[],"yoast_head":"<!-- This site is optimized with the Yoast SEO Premium plugin v24.1 (Yoast SEO v25.4) - https:\/\/yoast.com\/wordpress\/plugins\/seo\/ -->\n<title>Exploring Modern Art Trends and Techniques:<\/title>\n<meta name=\"description\" content=\"Dive into the latest modern art trends and techniques, discovering innovative styles, emerging artists, and the evolving landscape of contemporary art.\" \/>\n<meta name=\"robots\" content=\"index, follow, max-snippet:-1, max-image-preview:large, max-video-preview:-1\" \/>\n<link rel=\"canonical\" href=\"https:\/\/www.exceptional.art\/pt\/explorar-as-tendencias-e-tecnicas-da-arte-moderna\/\" \/>\n<meta property=\"og:locale\" content=\"pt_BR\" \/>\n<meta property=\"og:type\" content=\"article\" \/>\n<meta property=\"og:title\" content=\"Exploring Modern Art Trends and Techniques\" \/>\n<meta property=\"og:description\" content=\"Dive into the latest modern art trends and techniques, discovering innovative styles, emerging artists, and the evolving landscape of contemporary art.\" \/>\n<meta property=\"og:url\" content=\"https:\/\/www.exceptional.art\/pt\/explorar-as-tendencias-e-tecnicas-da-arte-moderna\/\" \/>\n<meta property=\"og:site_name\" content=\"Humberto Poidomani Art - Decades of Sculptural and Paintings Mastery\" \/>\n<meta property=\"article:modified_time\" content=\"2024-08-02T04:53:20+00:00\" \/>\n<meta property=\"og:image\" content=\"https:\/\/www.exceptional.art\/wp-content\/uploads\/2024\/08\/A-side-by-side-comparison-of-Abstract-and-Assemblage-Art.-The-Abstract-Art-side-features-bold-vibrant-colors-with-fluid-non-representational-shapes--1024x585.webp\" \/>\n<meta name=\"twitter:card\" content=\"summary_large_image\" \/>\n<meta name=\"twitter:label1\" content=\"Est. tempo de leitura\" \/>\n\t<meta name=\"twitter:data1\" content=\"2 minutos\" \/>\n<script type=\"application\/ld+json\" class=\"yoast-schema-graph\">{\"@context\":\"https:\/\/schema.org\",\"@graph\":[{\"@type\":\"WebPage\",\"@id\":\"https:\/\/www.exceptional.art\/exploring-modern-art-trends-and-techniques\/\",\"url\":\"https:\/\/www.exceptional.art\/exploring-modern-art-trends-and-techniques\/\",\"name\":\"Exploring Modern Art Trends and Techniques:\",\"isPartOf\":{\"@id\":\"https:\/\/www.exceptional.art\/#website\"},\"primaryImageOfPage\":{\"@id\":\"https:\/\/www.exceptional.art\/exploring-modern-art-trends-and-techniques\/#primaryimage\"},\"image\":{\"@id\":\"https:\/\/www.exceptional.art\/exploring-modern-art-trends-and-techniques\/#primaryimage\"},\"thumbnailUrl\":\"https:\/\/www.exceptional.art\/wp-content\/uploads\/2024\/08\/A-side-by-side-comparison-of-Abstract-and-Assemblage-Art.-The-Abstract-Art-side-features-bold-vibrant-colors-with-fluid-non-representational-shapes--1024x585.webp\",\"datePublished\":\"2024-08-02T04:49:45+00:00\",\"dateModified\":\"2024-08-02T04:53:20+00:00\",\"description\":\"Dive into the latest modern art trends and techniques, discovering innovative styles, emerging artists, and the evolving landscape of contemporary art.\",\"breadcrumb\":{\"@id\":\"https:\/\/www.exceptional.art\/exploring-modern-art-trends-and-techniques\/#breadcrumb\"},\"inLanguage\":\"pt-BR\",\"potentialAction\":[{\"@type\":\"ReadAction\",\"target\":[\"https:\/\/www.exceptional.art\/exploring-modern-art-trends-and-techniques\/\"]}]},{\"@type\":\"ImageObject\",\"inLanguage\":\"pt-BR\",\"@id\":\"https:\/\/www.exceptional.art\/exploring-modern-art-trends-and-techniques\/#primaryimage\",\"url\":\"https:\/\/www.exceptional.art\/wp-content\/uploads\/2024\/08\/A-side-by-side-comparison-of-Abstract-and-Assemblage-Art.-The-Abstract-Art-side-features-bold-vibrant-colors-with-fluid-non-representational-shapes--1024x585.webp\",\"contentUrl\":\"https:\/\/www.exceptional.art\/wp-content\/uploads\/2024\/08\/A-side-by-side-comparison-of-Abstract-and-Assemblage-Art.-The-Abstract-Art-side-features-bold-vibrant-colors-with-fluid-non-representational-shapes--1024x585.webp\"},{\"@type\":\"BreadcrumbList\",\"@id\":\"https:\/\/www.exceptional.art\/exploring-modern-art-trends-and-techniques\/#breadcrumb\",\"itemListElement\":[{\"@type\":\"ListItem\",\"position\":1,\"name\":\"Home\",\"item\":\"https:\/\/www.exceptional.art\/\"},{\"@type\":\"ListItem\",\"position\":2,\"name\":\"Exploring Modern Art Trends and Techniques\"}]},{\"@type\":\"WebSite\",\"@id\":\"https:\/\/www.exceptional.art\/#website\",\"url\":\"https:\/\/www.exceptional.art\/\",\"name\":\"Humberto Poidomani Art - Decades of Sculptural and Paintings Mastery\",\"description\":\"An Artist&#039;s Journey Through Textures, Colors, and Societal Commentary\",\"publisher\":{\"@id\":\"https:\/\/www.exceptional.art\/#organization\"},\"potentialAction\":[{\"@type\":\"SearchAction\",\"target\":{\"@type\":\"EntryPoint\",\"urlTemplate\":\"https:\/\/www.exceptional.art\/?s={search_term_string}\"},\"query-input\":{\"@type\":\"PropertyValueSpecification\",\"valueRequired\":true,\"valueName\":\"search_term_string\"}}],\"inLanguage\":\"pt-BR\"},{\"@type\":\"Organization\",\"@id\":\"https:\/\/www.exceptional.art\/#organization\",\"name\":\"Humberto Poidomani Art - Decades of Sculptural and Paintings Mastery\",\"alternateName\":\"Humberto Poidomani Art\",\"url\":\"https:\/\/www.exceptional.art\/\",\"logo\":{\"@type\":\"ImageObject\",\"inLanguage\":\"pt-BR\",\"@id\":\"https:\/\/www.exceptional.art\/#\/schema\/logo\/image\/\",\"url\":\"https:\/\/www.exceptional.art\/wp-content\/uploads\/2024\/02\/cropped-Humberto-Poidomani-Signature-2-letters-red.webp\",\"contentUrl\":\"https:\/\/www.exceptional.art\/wp-content\/uploads\/2024\/02\/cropped-Humberto-Poidomani-Signature-2-letters-red.webp\",\"width\":511,\"height\":97,\"caption\":\"Humberto Poidomani Art - Decades of Sculptural and Paintings Mastery\"},\"image\":{\"@id\":\"https:\/\/www.exceptional.art\/#\/schema\/logo\/image\/\"},\"description\":\"Online Art Gallery\",\"email\":\"info@exceptional.art\",\"telephone\":\"\u202a(802) 234-8278\u202c\",\"legalName\":\"Exceptional Art\",\"foundingDate\":\"2024-06-16\",\"numberOfEmployees\":{\"@type\":\"QuantitativeValue\",\"minValue\":\"1\",\"maxValue\":\"10\"}}]}<\/script>\n<!-- \/ Yoast SEO Premium plugin. -->","yoast_head_json":{"title":"Exploring Modern Art Trends and Techniques:","description":"Dive into the latest modern art trends and techniques, discovering innovative styles, emerging artists, and the evolving landscape of contemporary art.","robots":{"index":"index","follow":"follow","max-snippet":"max-snippet:-1","max-image-preview":"max-image-preview:large","max-video-preview":"max-video-preview:-1"},"canonical":"https:\/\/www.exceptional.art\/pt\/explorar-as-tendencias-e-tecnicas-da-arte-moderna\/","og_locale":"pt_BR","og_type":"article","og_title":"Exploring Modern Art Trends and Techniques","og_description":"Dive into the latest modern art trends and techniques, discovering innovative styles, emerging artists, and the evolving landscape of contemporary art.","og_url":"https:\/\/www.exceptional.art\/pt\/explorar-as-tendencias-e-tecnicas-da-arte-moderna\/","og_site_name":"Humberto Poidomani Art - Decades of Sculptural and Paintings Mastery","article_modified_time":"2024-08-02T04:53:20+00:00","og_image":[{"url":"https:\/\/www.exceptional.art\/wp-content\/uploads\/2024\/08\/A-side-by-side-comparison-of-Abstract-and-Assemblage-Art.-The-Abstract-Art-side-features-bold-vibrant-colors-with-fluid-non-representational-shapes--1024x585.webp","type":"","width":"","height":""}],"twitter_card":"summary_large_image","twitter_misc":{"Est. tempo de leitura":"2 minutos"},"schema":{"@context":"https:\/\/schema.org","@graph":[{"@type":"WebPage","@id":"https:\/\/www.exceptional.art\/exploring-modern-art-trends-and-techniques\/","url":"https:\/\/www.exceptional.art\/exploring-modern-art-trends-and-techniques\/","name":"Exploring Modern Art Trends and Techniques:","isPartOf":{"@id":"https:\/\/www.exceptional.art\/#website"},"primaryImageOfPage":{"@id":"https:\/\/www.exceptional.art\/exploring-modern-art-trends-and-techniques\/#primaryimage"},"image":{"@id":"https:\/\/www.exceptional.art\/exploring-modern-art-trends-and-techniques\/#primaryimage"},"thumbnailUrl":"https:\/\/www.exceptional.art\/wp-content\/uploads\/2024\/08\/A-side-by-side-comparison-of-Abstract-and-Assemblage-Art.-The-Abstract-Art-side-features-bold-vibrant-colors-with-fluid-non-representational-shapes--1024x585.webp","datePublished":"2024-08-02T04:49:45+00:00","dateModified":"2024-08-02T04:53:20+00:00","description":"Dive into the latest modern art trends and techniques, discovering innovative styles, emerging artists, and the evolving landscape of contemporary art.","breadcrumb":{"@id":"https:\/\/www.exceptional.art\/exploring-modern-art-trends-and-techniques\/#breadcrumb"},"inLanguage":"pt-BR","potentialAction":[{"@type":"ReadAction","target":["https:\/\/www.exceptional.art\/exploring-modern-art-trends-and-techniques\/"]}]},{"@type":"ImageObject","inLanguage":"pt-BR","@id":"https:\/\/www.exceptional.art\/exploring-modern-art-trends-and-techniques\/#primaryimage","url":"https:\/\/www.exceptional.art\/wp-content\/uploads\/2024\/08\/A-side-by-side-comparison-of-Abstract-and-Assemblage-Art.-The-Abstract-Art-side-features-bold-vibrant-colors-with-fluid-non-representational-shapes--1024x585.webp","contentUrl":"https:\/\/www.exceptional.art\/wp-content\/uploads\/2024\/08\/A-side-by-side-comparison-of-Abstract-and-Assemblage-Art.-The-Abstract-Art-side-features-bold-vibrant-colors-with-fluid-non-representational-shapes--1024x585.webp"},{"@type":"BreadcrumbList","@id":"https:\/\/www.exceptional.art\/exploring-modern-art-trends-and-techniques\/#breadcrumb","itemListElement":[{"@type":"ListItem","position":1,"name":"Home","item":"https:\/\/www.exceptional.art\/"},{"@type":"ListItem","position":2,"name":"Exploring Modern Art Trends and Techniques"}]},{"@type":"WebSite","@id":"https:\/\/www.exceptional.art\/#website","url":"https:\/\/www.exceptional.art\/","name":"Humberto Poidomani Art - Decades of Sculptural and Paintings Mastery","description":"An Artist&#039;s Journey Through Textures, Colors, and Societal Commentary","publisher":{"@id":"https:\/\/www.exceptional.art\/#organization"},"potentialAction":[{"@type":"SearchAction","target":{"@type":"EntryPoint","urlTemplate":"https:\/\/www.exceptional.art\/?s={search_term_string}"},"query-input":{"@type":"PropertyValueSpecification","valueRequired":true,"valueName":"search_term_string"}}],"inLanguage":"pt-BR"},{"@type":"Organization","@id":"https:\/\/www.exceptional.art\/#organization","name":"Humberto Poidomani Art - Decades of Sculptural and Paintings Mastery","alternateName":"Humberto Poidomani Art","url":"https:\/\/www.exceptional.art\/","logo":{"@type":"ImageObject","inLanguage":"pt-BR","@id":"https:\/\/www.exceptional.art\/#\/schema\/logo\/image\/","url":"https:\/\/www.exceptional.art\/wp-content\/uploads\/2024\/02\/cropped-Humberto-Poidomani-Signature-2-letters-red.webp","contentUrl":"https:\/\/www.exceptional.art\/wp-content\/uploads\/2024\/02\/cropped-Humberto-Poidomani-Signature-2-letters-red.webp","width":511,"height":97,"caption":"Humberto Poidomani Art - Decades of Sculptural and Paintings Mastery"},"image":{"@id":"https:\/\/www.exceptional.art\/#\/schema\/logo\/image\/"},"description":"Online Art Gallery","email":"info@exceptional.art","telephone":"\u202a(802) 234-8278\u202c","legalName":"Exceptional Art","foundingDate":"2024-06-16","numberOfEmployees":{"@type":"QuantitativeValue","minValue":"1","maxValue":"10"}}]}},"_links":{"self":[{"href":"https:\/\/www.exceptional.art\/pt\/wp-json\/wp\/v2\/pages\/11462","targetHints":{"allow":["GET"]}}],"collection":[{"href":"https:\/\/www.exceptional.art\/pt\/wp-json\/wp\/v2\/pages"}],"about":[{"href":"https:\/\/www.exceptional.art\/pt\/wp-json\/wp\/v2\/types\/page"}],"author":[{"embeddable":true,"href":"https:\/\/www.exceptional.art\/pt\/wp-json\/wp\/v2\/users\/1"}],"replies":[{"embeddable":true,"href":"https:\/\/www.exceptional.art\/pt\/wp-json\/wp\/v2\/comments?post=11462"}],"version-history":[{"count":4,"href":"https:\/\/www.exceptional.art\/pt\/wp-json\/wp\/v2\/pages\/11462\/revisions"}],"predecessor-version":[{"id":11467,"href":"https:\/\/www.exceptional.art\/pt\/wp-json\/wp\/v2\/pages\/11462\/revisions\/11467"}],"wp:attachment":[{"href":"https:\/\/www.exceptional.art\/pt\/wp-json\/wp\/v2\/media?parent=11462"}],"curies":[{"name":"wp","href":"https:\/\/api.w.org\/{rel}","templated":true}]}}