{"id":12665,"date":"2024-10-25T16:33:35","date_gmt":"2024-10-25T16:33:35","guid":{"rendered":"https:\/\/www.exceptional.art\/?post_type=product&#038;p=12665"},"modified":"2024-11-06T00:00:54","modified_gmt":"2024-11-06T00:00:54","slug":"devoilez-la-magie-de-lhalloween-avec-le-chef-doeuvre-dhumbertos","status":"publish","type":"product","link":"https:\/\/www.exceptional.art\/fr\/boutique\/devoilez-la-magie-de-lhalloween-avec-le-chef-doeuvre-dhumbertos\/","title":{"rendered":"Halloween avec Humberto's Masterpiece"},"content":{"rendered":"<figure id=\"attachment_12613\" aria-describedby=\"caption-attachment-12613\" style=\"width: 169px\" class=\"wp-caption alignnone\"><img fetchpriority=\"high\" decoding=\"async\" class=\"size-medium wp-image-12613\" src=\"https:\/\/www.exceptional.art\/wp-content\/uploads\/2024\/10\/Halloween-Humberto-Poidomani-1-169x300.jpg\" alt=\"La sculpture d&#039;Halloween de Humberto Poidomani pr\u00e9sente des d\u00e9tails et des textures complexes.\" width=\"169\" height=\"300\" srcset=\"https:\/\/www.exceptional.art\/wp-content\/uploads\/2024\/10\/Halloween-Humberto-Poidomani-1-169x300.jpg 169w, https:\/\/www.exceptional.art\/wp-content\/uploads\/2024\/10\/Halloween-Humberto-Poidomani-1-576x1024.jpg 576w, https:\/\/www.exceptional.art\/wp-content\/uploads\/2024\/10\/Halloween-Humberto-Poidomani-1-768x1365.jpg 768w, https:\/\/www.exceptional.art\/wp-content\/uploads\/2024\/10\/Halloween-Humberto-Poidomani-1-864x1536.jpg 864w, https:\/\/www.exceptional.art\/wp-content\/uploads\/2024\/10\/Halloween-Humberto-Poidomani-1-1152x2048.jpg 1152w, https:\/\/www.exceptional.art\/wp-content\/uploads\/2024\/10\/Halloween-Humberto-Poidomani-1-7x12.jpg 7w, https:\/\/www.exceptional.art\/wp-content\/uploads\/2024\/10\/Halloween-Humberto-Poidomani-1-500x889.jpg 500w, https:\/\/www.exceptional.art\/wp-content\/uploads\/2024\/10\/Halloween-Humberto-Poidomani-1-scaled.jpg 1440w\" sizes=\"(max-width: 169px) 100vw, 169px\" \/><figcaption id=\"caption-attachment-12613\" class=\"wp-caption-text\">Humberto Poidomani's <a href=\"https:\/\/www.exceptional.art\/fr\/origines-de-lhalloween-coutumes-et-celebrations\/\">Th\u00e8me de l'Halloween<\/a> sculpture.<\/figcaption><\/figure>\n<p>&nbsp;<\/p>\n<p>&nbsp;<\/p>\n<p>&nbsp;<\/p>","protected":false},"excerpt":{"rendered":"<p>Prix de $15,000. Remise jusqu'au 31 octobre en raison d'une arriv\u00e9e tardive pour 2024.<\/p>\n<p>D\u00e9coration d'Halloween par Humberto Poidomani<\/p>\n<p>&nbsp;<\/p>\n<ul>\n<li>\n<h4><strong><span data-preserver-spaces=\"true\">Opportunit\u00e9 d'investissement exclusive<\/span><\/strong><\/h4>\n<p><span data-preserver-spaces=\"true\">Poss\u00e9der la sculpture Halloween de Poidomani en \u00e9dition limit\u00e9e offre aux collectionneurs d'art et aux investisseurs la possibilit\u00e9 d'acqu\u00e9rir une pi\u00e8ce unique d'un artiste mondialement reconnu. Ses \u0153uvres associent des th\u00e8mes sociaux \u00e0 une valeur de collection, offrant ainsi un potentiel d'appr\u00e9ciation \u00e0 long terme.<\/span><\/li>\n<li>\n<h4><strong><span data-preserver-spaces=\"true\">Id\u00e9al pour les lieux haut de gamme<\/span><\/strong><\/h4>\n<p><span data-preserver-spaces=\"true\">Cette \u0153uvre d'art est parfaite pour \u00eatre plac\u00e9e dans les halls d'entr\u00e9e des h\u00f4tels de luxe, les centres commerciaux haut de gamme, les parcs \u00e0 th\u00e8me et les centres commerciaux. Elle rehausse l'ambiance et suscite l'int\u00e9r\u00eat des visiteurs gr\u00e2ce \u00e0 une \u0153uvre qui est \u00e0 la fois visuellement captivante et qui incite \u00e0 la r\u00e9flexion.<\/span><\/li>\n<li>\n<h4><strong><span data-preserver-spaces=\"true\">Une taille et une pr\u00e9sence distinctes<\/span><\/strong><\/h4>\n<ul>\n<li><span data-preserver-spaces=\"true\">Hauteur : 80 pouces<\/span><\/li>\n<li><span data-preserver-spaces=\"true\">Largeur : 15 pouces (19 pouces avec les roues)<\/span><\/li>\n<li><span data-preserver-spaces=\"true\">Profondeur : 17 pouces (20 pouces avec les roues)<\/span><\/li>\n<li>Connexion Bluetooth<\/li>\n<li>Source d'\u00e9nergie<span data-preserver-spaces=\"true\">: En option, il peut \u00eatre aliment\u00e9 en 110 volts, ce qui lui permet de s'adapter \u00e0 diverses configurations d'affichage avec une alimentation \u00e9lectrique standard.<\/span><\/li>\n<\/ul>\n<\/li>\n<li>\n<h4><strong><span data-preserver-spaces=\"true\">Appel th\u00e9matique<\/span><\/strong><\/h4>\n<p><span data-preserver-spaces=\"true\">Incarnant les th\u00e8mes de la crise sociale, de la vie, de la mort et de la r\u00e9flexion \u00e9cologique, cette pi\u00e8ce r\u00e9sonne dans le d\u00e9cor d'Halloween et de toute l'ann\u00e9e, attirant l'attention et la conversation.<\/span><\/li>\n<li>\n<h4><strong><span data-preserver-spaces=\"true\">2024, 2025 et au-del\u00e0<\/span><\/strong><\/h4>\n<p><span data-preserver-spaces=\"true\">Cette sculpture peut servir de pi\u00e8ce ma\u00eetresse annuelle ou d'installation artistique pour Halloween et d'autres \u00e9v\u00e9nements th\u00e9matiques pendant des ann\u00e9es, ce qui en fait une attraction durable et polyvalente.<\/span><\/li>\n<\/ul>","protected":false},"featured_media":12613,"comment_status":"open","ping_status":"closed","template":"","meta":{"_acf_changed":false,"site-sidebar-layout":"default","site-content-layout":"","ast-site-content-layout":"default","site-content-style":"default","site-sidebar-style":"default","ast-global-header-display":"","ast-banner-title-visibility":"","ast-main-header-display":"","ast-hfb-above-header-display":"","ast-hfb-below-header-display":"","ast-hfb-mobile-header-display":"","site-post-title":"","ast-breadcrumbs-content":"","ast-featured-img":"","footer-sml-layout":"","theme-transparent-header-meta":"default","adv-header-id-meta":"","stick-header-meta":"default","header-above-stick-meta":"","header-main-stick-meta":"","header-below-stick-meta":"","astra-migrate-meta-layouts":"set","ast-page-background-enabled":"default","ast-page-background-meta":{"desktop":{"background-color":"","background-image":"","background-repeat":"repeat","background-position":"center center","background-size":"auto","background-attachment":"scroll","background-type":"","background-media":"","overlay-type":"","overlay-color":"","overlay-opacity":"","overlay-gradient":""},"tablet":{"background-color":"","background-image":"","background-repeat":"repeat","background-position":"center center","background-size":"auto","background-attachment":"scroll","background-type":"","background-media":"","overlay-type":"","overlay-color":"","overlay-opacity":"","overlay-gradient":""},"mobile":{"background-color":"","background-image":"","background-repeat":"repeat","background-position":"center center","background-size":"auto","background-attachment":"scroll","background-type":"","background-media":"","overlay-type":"","overlay-color":"","overlay-opacity":"","overlay-gradient":""}},"ast-content-background-meta":{"desktop":{"background-color":"var(--ast-global-color-5)","background-image":"","background-repeat":"repeat","background-position":"center center","background-size":"auto","background-attachment":"scroll","background-type":"","background-media":"","overlay-type":"","overlay-color":"","overlay-opacity":"","overlay-gradient":""},"tablet":{"background-color":"var(--ast-global-color-5)","background-image":"","background-repeat":"repeat","background-position":"center center","background-size":"auto","background-attachment":"scroll","background-type":"","background-media":"","overlay-type":"","overlay-color":"","overlay-opacity":"","overlay-gradient":""},"mobile":{"background-color":"var(--ast-global-color-5)","background-image":"","background-repeat":"repeat","background-position":"center center","background-size":"auto","background-attachment":"scroll","background-type":"","background-media":"","overlay-type":"","overlay-color":"","overlay-opacity":"","overlay-gradient":""}}},"art-created-date":[189],"product_brand":[],"product_cat":[73,190],"product_tag":[127,204],"class_list":{"0":"post-12665","1":"product","2":"type-product","3":"status-publish","4":"has-post-thumbnail","6":"art-created-date-189","7":"product_cat-common","8":"product_cat-mixed-media-artwork","9":"product_tag-mixed-media","10":"product_tag-sculpture","11":"desktop-align-left","12":"tablet-align-left","13":"mobile-align-left","14":"ast-product-gallery-layout-horizontal-slider","15":"ast-product-tabs-layout-horizontal","16":"ast-qv-on-image","18":"first","19":"instock","20":"featured","21":"taxable","22":"shipping-taxable","23":"purchasable","24":"product-type-simple"},"acf":[],"yoast_head":"<!-- This site is optimized with the Yoast SEO Premium plugin v24.1 (Yoast SEO v25.4) - https:\/\/yoast.com\/wordpress\/plugins\/seo\/ -->\n<title>Unveil the Magic of Halloween with Humberto\u2019s Masterpiece<\/title>\n<meta name=\"description\" content=\"Mixed-media Halloween sculpture. Perfect for art enthusiasts and collectors, this sculpture brings a thought-provoking edge to Halloween decor.\" \/>\n<meta name=\"robots\" content=\"index, follow, max-snippet:-1, max-image-preview:large, max-video-preview:-1\" \/>\n<link rel=\"canonical\" href=\"https:\/\/www.exceptional.art\/fr\/boutique\/devoilez-la-magie-de-lhalloween-avec-le-chef-doeuvre-dhumbertos\/\" \/>\n<meta property=\"og:locale\" content=\"fr_FR\" \/>\n<meta property=\"og:type\" content=\"article\" \/>\n<meta property=\"og:title\" content=\"Halloween with Humberto&#039;s Masterpiece\" \/>\n<meta property=\"og:description\" content=\"Mixed-media Halloween sculpture. Perfect for art enthusiasts and collectors, this sculpture brings a thought-provoking edge to Halloween decor.\" \/>\n<meta property=\"og:url\" content=\"https:\/\/www.exceptional.art\/fr\/boutique\/devoilez-la-magie-de-lhalloween-avec-le-chef-doeuvre-dhumbertos\/\" \/>\n<meta property=\"og:site_name\" content=\"Humberto Poidomani Art - Decades of Sculptural and Paintings Mastery\" \/>\n<meta property=\"article:modified_time\" content=\"2024-11-06T00:00:54+00:00\" \/>\n<meta property=\"og:image\" content=\"https:\/\/www.exceptional.art\/wp-content\/uploads\/2024\/10\/Halloween-Humberto-Poidomani-1-scaled.jpg\" \/>\n\t<meta property=\"og:image:width\" content=\"1440\" \/>\n\t<meta property=\"og:image:height\" content=\"2560\" \/>\n\t<meta property=\"og:image:type\" content=\"image\/jpeg\" \/>\n<meta name=\"twitter:card\" content=\"summary_large_image\" \/>\n<meta name=\"twitter:label1\" content=\"Dur\u00e9e de lecture estim\u00e9e\" \/>\n\t<meta name=\"twitter:data1\" content=\"1 minute\" \/>\n<script type=\"application\/ld+json\" class=\"yoast-schema-graph\">{\"@context\":\"https:\/\/schema.org\",\"@graph\":[{\"@type\":\"WebPage\",\"@id\":\"https:\/\/www.exceptional.art\/shop\/unveil-the-magic-of-halloween-with-humbertos-masterpiece\/\",\"url\":\"https:\/\/www.exceptional.art\/shop\/unveil-the-magic-of-halloween-with-humbertos-masterpiece\/\",\"name\":\"Unveil the Magic of Halloween with Humberto\u2019s Masterpiece\",\"isPartOf\":{\"@id\":\"https:\/\/www.exceptional.art\/#website\"},\"primaryImageOfPage\":{\"@id\":\"https:\/\/www.exceptional.art\/shop\/unveil-the-magic-of-halloween-with-humbertos-masterpiece\/#primaryimage\"},\"image\":{\"@id\":\"https:\/\/www.exceptional.art\/shop\/unveil-the-magic-of-halloween-with-humbertos-masterpiece\/#primaryimage\"},\"thumbnailUrl\":\"https:\/\/www.exceptional.art\/wp-content\/uploads\/2024\/10\/Halloween-Humberto-Poidomani-1-scaled.jpg\",\"datePublished\":\"2024-10-25T16:33:35+00:00\",\"dateModified\":\"2024-11-06T00:00:54+00:00\",\"description\":\"Mixed-media Halloween sculpture. Perfect for art enthusiasts and collectors, this sculpture brings a thought-provoking edge to Halloween decor.\",\"breadcrumb\":{\"@id\":\"https:\/\/www.exceptional.art\/shop\/unveil-the-magic-of-halloween-with-humbertos-masterpiece\/#breadcrumb\"},\"inLanguage\":\"fr-FR\",\"potentialAction\":[{\"@type\":\"ReadAction\",\"target\":[\"https:\/\/www.exceptional.art\/shop\/unveil-the-magic-of-halloween-with-humbertos-masterpiece\/\"]}]},{\"@type\":\"ImageObject\",\"inLanguage\":\"fr-FR\",\"@id\":\"https:\/\/www.exceptional.art\/shop\/unveil-the-magic-of-halloween-with-humbertos-masterpiece\/#primaryimage\",\"url\":\"https:\/\/www.exceptional.art\/wp-content\/uploads\/2024\/10\/Halloween-Humberto-Poidomani-1-scaled.jpg\",\"contentUrl\":\"https:\/\/www.exceptional.art\/wp-content\/uploads\/2024\/10\/Halloween-Humberto-Poidomani-1-scaled.jpg\",\"width\":1440,\"height\":2560,\"caption\":\"Humberto Poidomani's Halloween-themed sculpture, capturing the intricate textures and haunting details that reflect themes of social crisis, life, and death.\"},{\"@type\":\"BreadcrumbList\",\"@id\":\"https:\/\/www.exceptional.art\/shop\/unveil-the-magic-of-halloween-with-humbertos-masterpiece\/#breadcrumb\",\"itemListElement\":[{\"@type\":\"ListItem\",\"position\":1,\"name\":\"Home\",\"item\":\"https:\/\/www.exceptional.art\/\"},{\"@type\":\"ListItem\",\"position\":2,\"name\":\"Shop\",\"item\":\"https:\/\/www.exceptional.art\/shop\/\"},{\"@type\":\"ListItem\",\"position\":3,\"name\":\"Halloween with Humberto&#8217;s Masterpiece\"}]},{\"@type\":\"WebSite\",\"@id\":\"https:\/\/www.exceptional.art\/#website\",\"url\":\"https:\/\/www.exceptional.art\/\",\"name\":\"Humberto Poidomani Art - Decades of Sculptural and Paintings Mastery\",\"description\":\"An Artist&#039;s Journey Through Textures, Colors, and Societal Commentary\",\"publisher\":{\"@id\":\"https:\/\/www.exceptional.art\/#organization\"},\"potentialAction\":[{\"@type\":\"SearchAction\",\"target\":{\"@type\":\"EntryPoint\",\"urlTemplate\":\"https:\/\/www.exceptional.art\/?s={search_term_string}\"},\"query-input\":{\"@type\":\"PropertyValueSpecification\",\"valueRequired\":true,\"valueName\":\"search_term_string\"}}],\"inLanguage\":\"fr-FR\"},{\"@type\":\"Organization\",\"@id\":\"https:\/\/www.exceptional.art\/#organization\",\"name\":\"Humberto Poidomani Art - Decades of Sculptural and Paintings Mastery\",\"alternateName\":\"Humberto Poidomani Art\",\"url\":\"https:\/\/www.exceptional.art\/\",\"logo\":{\"@type\":\"ImageObject\",\"inLanguage\":\"fr-FR\",\"@id\":\"https:\/\/www.exceptional.art\/#\/schema\/logo\/image\/\",\"url\":\"https:\/\/www.exceptional.art\/wp-content\/uploads\/2024\/02\/cropped-Humberto-Poidomani-Signature-2-letters-red.webp\",\"contentUrl\":\"https:\/\/www.exceptional.art\/wp-content\/uploads\/2024\/02\/cropped-Humberto-Poidomani-Signature-2-letters-red.webp\",\"width\":511,\"height\":97,\"caption\":\"Humberto Poidomani Art - Decades of Sculptural and Paintings Mastery\"},\"image\":{\"@id\":\"https:\/\/www.exceptional.art\/#\/schema\/logo\/image\/\"},\"description\":\"Online Art Gallery\",\"email\":\"info@exceptional.art\",\"telephone\":\"\u202a(802) 234-8278\u202c\",\"legalName\":\"Exceptional Art\",\"foundingDate\":\"2024-06-16\",\"numberOfEmployees\":{\"@type\":\"QuantitativeValue\",\"minValue\":\"1\",\"maxValue\":\"10\"}}]}<\/script>\n<!-- \/ Yoast SEO Premium plugin. -->","yoast_head_json":{"title":"Unveil the Magic of Halloween with Humberto\u2019s Masterpiece","description":"Mixed-media Halloween sculpture. Perfect for art enthusiasts and collectors, this sculpture brings a thought-provoking edge to Halloween decor.","robots":{"index":"index","follow":"follow","max-snippet":"max-snippet:-1","max-image-preview":"max-image-preview:large","max-video-preview":"max-video-preview:-1"},"canonical":"https:\/\/www.exceptional.art\/fr\/boutique\/devoilez-la-magie-de-lhalloween-avec-le-chef-doeuvre-dhumbertos\/","og_locale":"fr_FR","og_type":"article","og_title":"Halloween with Humberto's Masterpiece","og_description":"Mixed-media Halloween sculpture. Perfect for art enthusiasts and collectors, this sculpture brings a thought-provoking edge to Halloween decor.","og_url":"https:\/\/www.exceptional.art\/fr\/boutique\/devoilez-la-magie-de-lhalloween-avec-le-chef-doeuvre-dhumbertos\/","og_site_name":"Humberto Poidomani Art - Decades of Sculptural and Paintings Mastery","article_modified_time":"2024-11-06T00:00:54+00:00","og_image":[{"width":1440,"height":2560,"url":"https:\/\/www.exceptional.art\/wp-content\/uploads\/2024\/10\/Halloween-Humberto-Poidomani-1-scaled.jpg","type":"image\/jpeg"}],"twitter_card":"summary_large_image","twitter_misc":{"Dur\u00e9e de lecture estim\u00e9e":"1 minute"},"schema":{"@context":"https:\/\/schema.org","@graph":[{"@type":"WebPage","@id":"https:\/\/www.exceptional.art\/shop\/unveil-the-magic-of-halloween-with-humbertos-masterpiece\/","url":"https:\/\/www.exceptional.art\/shop\/unveil-the-magic-of-halloween-with-humbertos-masterpiece\/","name":"Unveil the Magic of Halloween with Humberto\u2019s Masterpiece","isPartOf":{"@id":"https:\/\/www.exceptional.art\/#website"},"primaryImageOfPage":{"@id":"https:\/\/www.exceptional.art\/shop\/unveil-the-magic-of-halloween-with-humbertos-masterpiece\/#primaryimage"},"image":{"@id":"https:\/\/www.exceptional.art\/shop\/unveil-the-magic-of-halloween-with-humbertos-masterpiece\/#primaryimage"},"thumbnailUrl":"https:\/\/www.exceptional.art\/wp-content\/uploads\/2024\/10\/Halloween-Humberto-Poidomani-1-scaled.jpg","datePublished":"2024-10-25T16:33:35+00:00","dateModified":"2024-11-06T00:00:54+00:00","description":"Mixed-media Halloween sculpture. Perfect for art enthusiasts and collectors, this sculpture brings a thought-provoking edge to Halloween decor.","breadcrumb":{"@id":"https:\/\/www.exceptional.art\/shop\/unveil-the-magic-of-halloween-with-humbertos-masterpiece\/#breadcrumb"},"inLanguage":"fr-FR","potentialAction":[{"@type":"ReadAction","target":["https:\/\/www.exceptional.art\/shop\/unveil-the-magic-of-halloween-with-humbertos-masterpiece\/"]}]},{"@type":"ImageObject","inLanguage":"fr-FR","@id":"https:\/\/www.exceptional.art\/shop\/unveil-the-magic-of-halloween-with-humbertos-masterpiece\/#primaryimage","url":"https:\/\/www.exceptional.art\/wp-content\/uploads\/2024\/10\/Halloween-Humberto-Poidomani-1-scaled.jpg","contentUrl":"https:\/\/www.exceptional.art\/wp-content\/uploads\/2024\/10\/Halloween-Humberto-Poidomani-1-scaled.jpg","width":1440,"height":2560,"caption":"Humberto Poidomani's Halloween-themed sculpture, capturing the intricate textures and haunting details that reflect themes of social crisis, life, and death."},{"@type":"BreadcrumbList","@id":"https:\/\/www.exceptional.art\/shop\/unveil-the-magic-of-halloween-with-humbertos-masterpiece\/#breadcrumb","itemListElement":[{"@type":"ListItem","position":1,"name":"Home","item":"https:\/\/www.exceptional.art\/"},{"@type":"ListItem","position":2,"name":"Shop","item":"https:\/\/www.exceptional.art\/shop\/"},{"@type":"ListItem","position":3,"name":"Halloween with Humberto&#8217;s Masterpiece"}]},{"@type":"WebSite","@id":"https:\/\/www.exceptional.art\/#website","url":"https:\/\/www.exceptional.art\/","name":"Humberto Poidomani Art - Decades of Sculptural and Paintings Mastery","description":"An Artist&#039;s Journey Through Textures, Colors, and Societal Commentary","publisher":{"@id":"https:\/\/www.exceptional.art\/#organization"},"potentialAction":[{"@type":"SearchAction","target":{"@type":"EntryPoint","urlTemplate":"https:\/\/www.exceptional.art\/?s={search_term_string}"},"query-input":{"@type":"PropertyValueSpecification","valueRequired":true,"valueName":"search_term_string"}}],"inLanguage":"fr-FR"},{"@type":"Organization","@id":"https:\/\/www.exceptional.art\/#organization","name":"Humberto Poidomani Art - Decades of Sculptural and Paintings Mastery","alternateName":"Humberto Poidomani Art","url":"https:\/\/www.exceptional.art\/","logo":{"@type":"ImageObject","inLanguage":"fr-FR","@id":"https:\/\/www.exceptional.art\/#\/schema\/logo\/image\/","url":"https:\/\/www.exceptional.art\/wp-content\/uploads\/2024\/02\/cropped-Humberto-Poidomani-Signature-2-letters-red.webp","contentUrl":"https:\/\/www.exceptional.art\/wp-content\/uploads\/2024\/02\/cropped-Humberto-Poidomani-Signature-2-letters-red.webp","width":511,"height":97,"caption":"Humberto Poidomani Art - Decades of Sculptural and Paintings Mastery"},"image":{"@id":"https:\/\/www.exceptional.art\/#\/schema\/logo\/image\/"},"description":"Online Art Gallery","email":"info@exceptional.art","telephone":"\u202a(802) 234-8278\u202c","legalName":"Exceptional Art","foundingDate":"2024-06-16","numberOfEmployees":{"@type":"QuantitativeValue","minValue":"1","maxValue":"10"}}]}},"_links":{"self":[{"href":"https:\/\/www.exceptional.art\/fr\/wp-json\/wp\/v2\/product\/12665","targetHints":{"allow":["GET"]}}],"collection":[{"href":"https:\/\/www.exceptional.art\/fr\/wp-json\/wp\/v2\/product"}],"about":[{"href":"https:\/\/www.exceptional.art\/fr\/wp-json\/wp\/v2\/types\/product"}],"replies":[{"embeddable":true,"href":"https:\/\/www.exceptional.art\/fr\/wp-json\/wp\/v2\/comments?post=12665"}],"wp:featuredmedia":[{"embeddable":true,"href":"https:\/\/www.exceptional.art\/fr\/wp-json\/wp\/v2\/media\/12613"}],"wp:attachment":[{"href":"https:\/\/www.exceptional.art\/fr\/wp-json\/wp\/v2\/media?parent=12665"}],"wp:term":[{"taxonomy":"art-created-date","embeddable":true,"href":"https:\/\/www.exceptional.art\/fr\/wp-json\/wp\/v2\/art-created-date?post=12665"},{"taxonomy":"product_brand","embeddable":true,"href":"https:\/\/www.exceptional.art\/fr\/wp-json\/wp\/v2\/product_brand?post=12665"},{"taxonomy":"product_cat","embeddable":true,"href":"https:\/\/www.exceptional.art\/fr\/wp-json\/wp\/v2\/product_cat?post=12665"},{"taxonomy":"product_tag","embeddable":true,"href":"https:\/\/www.exceptional.art\/fr\/wp-json\/wp\/v2\/product_tag?post=12665"}],"curies":[{"name":"wp","href":"https:\/\/api.w.org\/{rel}","templated":true}]}}