{"id":10736,"date":"2024-07-03T13:58:04","date_gmt":"2024-07-03T13:58:04","guid":{"rendered":"https:\/\/www.exceptional.art\/?post_type=product&#038;p=10736"},"modified":"2024-07-04T20:25:00","modified_gmt":"2024-07-04T20:25:00","slug":"invasion-motorisee-par-humberto-poidomani","status":"publish","type":"product","link":"https:\/\/www.exceptional.art\/fr\/boutique\/invasion-motorisee-par-humberto-poidomani\/","title":{"rendered":"Invasi\u00f3n Motorizada"},"content":{"rendered":"<p>\"Invasi\u00f3n Motorizada\" de Humberto Poidomani est une \u0153uvre d'art mixte cr\u00e9\u00e9e avec de l'acrylique sur toile et une couche de r\u00e9sine, mettant en valeur des textures, des couleurs et des formes uniques.<\/p>","protected":false},"excerpt":{"rendered":"<p>\"Invasi\u00f3n Motorizada\" de Humberto Poidomani est une \u0153uvre mixte compos\u00e9e d'acrylique sur toile enduite de r\u00e9sine, connue pour ses textures uniques et ses couleurs vibrantes.<\/p>","protected":false},"featured_media":10735,"comment_status":"open","ping_status":"closed","template":"","meta":{"_acf_changed":false,"site-sidebar-layout":"default","site-content-layout":"","ast-site-content-layout":"default","site-content-style":"default","site-sidebar-style":"default","ast-global-header-display":"","ast-banner-title-visibility":"","ast-main-header-display":"","ast-hfb-above-header-display":"","ast-hfb-below-header-display":"","ast-hfb-mobile-header-display":"","site-post-title":"","ast-breadcrumbs-content":"","ast-featured-img":"","footer-sml-layout":"","theme-transparent-header-meta":"default","adv-header-id-meta":"","stick-header-meta":"default","header-above-stick-meta":"","header-main-stick-meta":"","header-below-stick-meta":"","astra-migrate-meta-layouts":"set","ast-page-background-enabled":"default","ast-page-background-meta":{"desktop":{"background-color":"","background-image":"","background-repeat":"repeat","background-position":"center center","background-size":"auto","background-attachment":"scroll","background-type":"","background-media":"","overlay-type":"","overlay-color":"","overlay-opacity":"","overlay-gradient":""},"tablet":{"background-color":"","background-image":"","background-repeat":"repeat","background-position":"center center","background-size":"auto","background-attachment":"scroll","background-type":"","background-media":"","overlay-type":"","overlay-color":"","overlay-opacity":"","overlay-gradient":""},"mobile":{"background-color":"","background-image":"","background-repeat":"repeat","background-position":"center center","background-size":"auto","background-attachment":"scroll","background-type":"","background-media":"","overlay-type":"","overlay-color":"","overlay-opacity":"","overlay-gradient":""}},"ast-content-background-meta":{"desktop":{"background-color":"var(--ast-global-color-5)","background-image":"","background-repeat":"repeat","background-position":"center center","background-size":"auto","background-attachment":"scroll","background-type":"","background-media":"","overlay-type":"","overlay-color":"","overlay-opacity":"","overlay-gradient":""},"tablet":{"background-color":"var(--ast-global-color-5)","background-image":"","background-repeat":"repeat","background-position":"center center","background-size":"auto","background-attachment":"scroll","background-type":"","background-media":"","overlay-type":"","overlay-color":"","overlay-opacity":"","overlay-gradient":""},"mobile":{"background-color":"var(--ast-global-color-5)","background-image":"","background-repeat":"repeat","background-position":"center center","background-size":"auto","background-attachment":"scroll","background-type":"","background-media":"","overlay-type":"","overlay-color":"","overlay-opacity":"","overlay-gradient":""}}},"art-created-date":[189],"product_brand":[],"product_cat":[192],"product_tag":[],"class_list":{"0":"post-10736","1":"product","2":"type-product","3":"status-publish","4":"has-post-thumbnail","6":"art-created-date-189","7":"product_cat-acrylic-on-canvas-with-resin-coating","8":"desktop-align-left","9":"tablet-align-left","10":"mobile-align-left","11":"ast-product-gallery-layout-horizontal-slider","12":"ast-product-tabs-layout-horizontal","13":"ast-qv-on-image","15":"first","16":"instock","17":"featured","18":"taxable","19":"shipping-taxable","20":"purchasable","21":"product-type-simple"},"acf":[],"yoast_head":"<!-- This site is optimized with the Yoast SEO Premium plugin v24.1 (Yoast SEO v25.4) - https:\/\/yoast.com\/wordpress\/plugins\/seo\/ -->\n<title>Invasi\u00f3n Motorizada - Humberto Poidomani Art - Decades of Sculptural and Paintings Mastery<\/title>\n<meta name=\"description\" content=\"Explore &quot;Invasi\u00f3n Motorizada&quot; by Humberto Poidomani, a mixed media artwork using acrylic on canvas with a resin coating, highlighting unique textures and forms.\" \/>\n<meta name=\"robots\" content=\"index, follow, max-snippet:-1, max-image-preview:large, max-video-preview:-1\" \/>\n<link rel=\"canonical\" href=\"https:\/\/www.exceptional.art\/fr\/boutique\/invasion-motorisee-par-humberto-poidomani\/\" \/>\n<meta property=\"og:locale\" content=\"fr_FR\" \/>\n<meta property=\"og:type\" content=\"article\" \/>\n<meta property=\"og:title\" content=\"Invasi\u00f3n Motorizada\" \/>\n<meta property=\"og:description\" content=\"Explore &quot;Invasi\u00f3n Motorizada&quot; by Humberto Poidomani, a mixed media artwork using acrylic on canvas with a resin coating, highlighting unique textures and forms.\" \/>\n<meta property=\"og:url\" content=\"https:\/\/www.exceptional.art\/fr\/boutique\/invasion-motorisee-par-humberto-poidomani\/\" \/>\n<meta property=\"og:site_name\" content=\"Humberto Poidomani Art - Decades of Sculptural and Paintings Mastery\" \/>\n<meta property=\"article:modified_time\" content=\"2024-07-04T20:25:00+00:00\" \/>\n<meta property=\"og:image\" content=\"https:\/\/www.exceptional.art\/wp-content\/uploads\/2024\/07\/Invasion-Motorizada-L.RES_.1920.jpg\" \/>\n\t<meta property=\"og:image:width\" content=\"1920\" \/>\n\t<meta property=\"og:image:height\" content=\"2445\" \/>\n\t<meta property=\"og:image:type\" content=\"image\/jpeg\" \/>\n<meta name=\"twitter:card\" content=\"summary_large_image\" \/>\n<meta name=\"twitter:label1\" content=\"Dur\u00e9e de lecture estim\u00e9e\" \/>\n\t<meta name=\"twitter:data1\" content=\"1 minute\" \/>\n<script type=\"application\/ld+json\" class=\"yoast-schema-graph\">{\"@context\":\"https:\/\/schema.org\",\"@graph\":[{\"@type\":\"WebPage\",\"@id\":\"https:\/\/www.exceptional.art\/shop\/invasion-motorizada-by-humberto-poidomani\/\",\"url\":\"https:\/\/www.exceptional.art\/shop\/invasion-motorizada-by-humberto-poidomani\/\",\"name\":\"Invasi\u00f3n Motorizada - Humberto Poidomani Art - Decades of Sculptural and Paintings Mastery\",\"isPartOf\":{\"@id\":\"https:\/\/www.exceptional.art\/#website\"},\"primaryImageOfPage\":{\"@id\":\"https:\/\/www.exceptional.art\/shop\/invasion-motorizada-by-humberto-poidomani\/#primaryimage\"},\"image\":{\"@id\":\"https:\/\/www.exceptional.art\/shop\/invasion-motorizada-by-humberto-poidomani\/#primaryimage\"},\"thumbnailUrl\":\"https:\/\/www.exceptional.art\/wp-content\/uploads\/2024\/07\/Invasion-Motorizada-L.RES_.1920.jpg\",\"datePublished\":\"2024-07-03T13:58:04+00:00\",\"dateModified\":\"2024-07-04T20:25:00+00:00\",\"description\":\"Explore \\\"Invasi\u00f3n Motorizada\\\" by Humberto Poidomani, a mixed media artwork using acrylic on canvas with a resin coating, highlighting unique textures and forms.\",\"breadcrumb\":{\"@id\":\"https:\/\/www.exceptional.art\/shop\/invasion-motorizada-by-humberto-poidomani\/#breadcrumb\"},\"inLanguage\":\"fr-FR\",\"potentialAction\":[{\"@type\":\"ReadAction\",\"target\":[\"https:\/\/www.exceptional.art\/shop\/invasion-motorizada-by-humberto-poidomani\/\"]}]},{\"@type\":\"ImageObject\",\"inLanguage\":\"fr-FR\",\"@id\":\"https:\/\/www.exceptional.art\/shop\/invasion-motorizada-by-humberto-poidomani\/#primaryimage\",\"url\":\"https:\/\/www.exceptional.art\/wp-content\/uploads\/2024\/07\/Invasion-Motorizada-L.RES_.1920.jpg\",\"contentUrl\":\"https:\/\/www.exceptional.art\/wp-content\/uploads\/2024\/07\/Invasion-Motorizada-L.RES_.1920.jpg\",\"width\":1920,\"height\":2445,\"caption\":\"\\\"Invasi\u00f3n Motorizada\\\" by Humberto Poidomani - Acrylic on canvas with resin coating.\"},{\"@type\":\"BreadcrumbList\",\"@id\":\"https:\/\/www.exceptional.art\/shop\/invasion-motorizada-by-humberto-poidomani\/#breadcrumb\",\"itemListElement\":[{\"@type\":\"ListItem\",\"position\":1,\"name\":\"Home\",\"item\":\"https:\/\/www.exceptional.art\/\"},{\"@type\":\"ListItem\",\"position\":2,\"name\":\"Shop\",\"item\":\"https:\/\/www.exceptional.art\/shop\/\"},{\"@type\":\"ListItem\",\"position\":3,\"name\":\"Invasi\u00f3n Motorizada\"}]},{\"@type\":\"WebSite\",\"@id\":\"https:\/\/www.exceptional.art\/#website\",\"url\":\"https:\/\/www.exceptional.art\/\",\"name\":\"Humberto Poidomani Art - Decades of Sculptural and Paintings Mastery\",\"description\":\"An Artist&#039;s Journey Through Textures, Colors, and Societal Commentary\",\"publisher\":{\"@id\":\"https:\/\/www.exceptional.art\/#organization\"},\"potentialAction\":[{\"@type\":\"SearchAction\",\"target\":{\"@type\":\"EntryPoint\",\"urlTemplate\":\"https:\/\/www.exceptional.art\/?s={search_term_string}\"},\"query-input\":{\"@type\":\"PropertyValueSpecification\",\"valueRequired\":true,\"valueName\":\"search_term_string\"}}],\"inLanguage\":\"fr-FR\"},{\"@type\":\"Organization\",\"@id\":\"https:\/\/www.exceptional.art\/#organization\",\"name\":\"Humberto Poidomani Art - Decades of Sculptural and Paintings Mastery\",\"alternateName\":\"Humberto Poidomani Art\",\"url\":\"https:\/\/www.exceptional.art\/\",\"logo\":{\"@type\":\"ImageObject\",\"inLanguage\":\"fr-FR\",\"@id\":\"https:\/\/www.exceptional.art\/#\/schema\/logo\/image\/\",\"url\":\"https:\/\/www.exceptional.art\/wp-content\/uploads\/2024\/02\/cropped-Humberto-Poidomani-Signature-2-letters-red.webp\",\"contentUrl\":\"https:\/\/www.exceptional.art\/wp-content\/uploads\/2024\/02\/cropped-Humberto-Poidomani-Signature-2-letters-red.webp\",\"width\":511,\"height\":97,\"caption\":\"Humberto Poidomani Art - Decades of Sculptural and Paintings Mastery\"},\"image\":{\"@id\":\"https:\/\/www.exceptional.art\/#\/schema\/logo\/image\/\"},\"description\":\"Online Art Gallery\",\"email\":\"info@exceptional.art\",\"telephone\":\"\u202a(802) 234-8278\u202c\",\"legalName\":\"Exceptional Art\",\"foundingDate\":\"2024-06-16\",\"numberOfEmployees\":{\"@type\":\"QuantitativeValue\",\"minValue\":\"1\",\"maxValue\":\"10\"}}]}<\/script>\n<!-- \/ Yoast SEO Premium plugin. -->","yoast_head_json":{"title":"Invasi\u00f3n Motorizada - Humberto Poidomani Art - Decades of Sculptural and Paintings Mastery","description":"Explore \"Invasi\u00f3n Motorizada\" by Humberto Poidomani, a mixed media artwork using acrylic on canvas with a resin coating, highlighting unique textures and forms.","robots":{"index":"index","follow":"follow","max-snippet":"max-snippet:-1","max-image-preview":"max-image-preview:large","max-video-preview":"max-video-preview:-1"},"canonical":"https:\/\/www.exceptional.art\/fr\/boutique\/invasion-motorisee-par-humberto-poidomani\/","og_locale":"fr_FR","og_type":"article","og_title":"Invasi\u00f3n Motorizada","og_description":"Explore \"Invasi\u00f3n Motorizada\" by Humberto Poidomani, a mixed media artwork using acrylic on canvas with a resin coating, highlighting unique textures and forms.","og_url":"https:\/\/www.exceptional.art\/fr\/boutique\/invasion-motorisee-par-humberto-poidomani\/","og_site_name":"Humberto Poidomani Art - Decades of Sculptural and Paintings Mastery","article_modified_time":"2024-07-04T20:25:00+00:00","og_image":[{"width":1920,"height":2445,"url":"https:\/\/www.exceptional.art\/wp-content\/uploads\/2024\/07\/Invasion-Motorizada-L.RES_.1920.jpg","type":"image\/jpeg"}],"twitter_card":"summary_large_image","twitter_misc":{"Dur\u00e9e de lecture estim\u00e9e":"1 minute"},"schema":{"@context":"https:\/\/schema.org","@graph":[{"@type":"WebPage","@id":"https:\/\/www.exceptional.art\/shop\/invasion-motorizada-by-humberto-poidomani\/","url":"https:\/\/www.exceptional.art\/shop\/invasion-motorizada-by-humberto-poidomani\/","name":"Invasi\u00f3n Motorizada - Humberto Poidomani Art - Decades of Sculptural and Paintings Mastery","isPartOf":{"@id":"https:\/\/www.exceptional.art\/#website"},"primaryImageOfPage":{"@id":"https:\/\/www.exceptional.art\/shop\/invasion-motorizada-by-humberto-poidomani\/#primaryimage"},"image":{"@id":"https:\/\/www.exceptional.art\/shop\/invasion-motorizada-by-humberto-poidomani\/#primaryimage"},"thumbnailUrl":"https:\/\/www.exceptional.art\/wp-content\/uploads\/2024\/07\/Invasion-Motorizada-L.RES_.1920.jpg","datePublished":"2024-07-03T13:58:04+00:00","dateModified":"2024-07-04T20:25:00+00:00","description":"Explore \"Invasi\u00f3n Motorizada\" by Humberto Poidomani, a mixed media artwork using acrylic on canvas with a resin coating, highlighting unique textures and forms.","breadcrumb":{"@id":"https:\/\/www.exceptional.art\/shop\/invasion-motorizada-by-humberto-poidomani\/#breadcrumb"},"inLanguage":"fr-FR","potentialAction":[{"@type":"ReadAction","target":["https:\/\/www.exceptional.art\/shop\/invasion-motorizada-by-humberto-poidomani\/"]}]},{"@type":"ImageObject","inLanguage":"fr-FR","@id":"https:\/\/www.exceptional.art\/shop\/invasion-motorizada-by-humberto-poidomani\/#primaryimage","url":"https:\/\/www.exceptional.art\/wp-content\/uploads\/2024\/07\/Invasion-Motorizada-L.RES_.1920.jpg","contentUrl":"https:\/\/www.exceptional.art\/wp-content\/uploads\/2024\/07\/Invasion-Motorizada-L.RES_.1920.jpg","width":1920,"height":2445,"caption":"\"Invasi\u00f3n Motorizada\" by Humberto Poidomani - Acrylic on canvas with resin coating."},{"@type":"BreadcrumbList","@id":"https:\/\/www.exceptional.art\/shop\/invasion-motorizada-by-humberto-poidomani\/#breadcrumb","itemListElement":[{"@type":"ListItem","position":1,"name":"Home","item":"https:\/\/www.exceptional.art\/"},{"@type":"ListItem","position":2,"name":"Shop","item":"https:\/\/www.exceptional.art\/shop\/"},{"@type":"ListItem","position":3,"name":"Invasi\u00f3n Motorizada"}]},{"@type":"WebSite","@id":"https:\/\/www.exceptional.art\/#website","url":"https:\/\/www.exceptional.art\/","name":"Humberto Poidomani Art - Decades of Sculptural and Paintings Mastery","description":"An Artist&#039;s Journey Through Textures, Colors, and Societal Commentary","publisher":{"@id":"https:\/\/www.exceptional.art\/#organization"},"potentialAction":[{"@type":"SearchAction","target":{"@type":"EntryPoint","urlTemplate":"https:\/\/www.exceptional.art\/?s={search_term_string}"},"query-input":{"@type":"PropertyValueSpecification","valueRequired":true,"valueName":"search_term_string"}}],"inLanguage":"fr-FR"},{"@type":"Organization","@id":"https:\/\/www.exceptional.art\/#organization","name":"Humberto Poidomani Art - Decades of Sculptural and Paintings Mastery","alternateName":"Humberto Poidomani Art","url":"https:\/\/www.exceptional.art\/","logo":{"@type":"ImageObject","inLanguage":"fr-FR","@id":"https:\/\/www.exceptional.art\/#\/schema\/logo\/image\/","url":"https:\/\/www.exceptional.art\/wp-content\/uploads\/2024\/02\/cropped-Humberto-Poidomani-Signature-2-letters-red.webp","contentUrl":"https:\/\/www.exceptional.art\/wp-content\/uploads\/2024\/02\/cropped-Humberto-Poidomani-Signature-2-letters-red.webp","width":511,"height":97,"caption":"Humberto Poidomani Art - Decades of Sculptural and Paintings Mastery"},"image":{"@id":"https:\/\/www.exceptional.art\/#\/schema\/logo\/image\/"},"description":"Online Art Gallery","email":"info@exceptional.art","telephone":"\u202a(802) 234-8278\u202c","legalName":"Exceptional Art","foundingDate":"2024-06-16","numberOfEmployees":{"@type":"QuantitativeValue","minValue":"1","maxValue":"10"}}]}},"_links":{"self":[{"href":"https:\/\/www.exceptional.art\/fr\/wp-json\/wp\/v2\/product\/10736","targetHints":{"allow":["GET"]}}],"collection":[{"href":"https:\/\/www.exceptional.art\/fr\/wp-json\/wp\/v2\/product"}],"about":[{"href":"https:\/\/www.exceptional.art\/fr\/wp-json\/wp\/v2\/types\/product"}],"replies":[{"embeddable":true,"href":"https:\/\/www.exceptional.art\/fr\/wp-json\/wp\/v2\/comments?post=10736"}],"wp:featuredmedia":[{"embeddable":true,"href":"https:\/\/www.exceptional.art\/fr\/wp-json\/wp\/v2\/media\/10735"}],"wp:attachment":[{"href":"https:\/\/www.exceptional.art\/fr\/wp-json\/wp\/v2\/media?parent=10736"}],"wp:term":[{"taxonomy":"art-created-date","embeddable":true,"href":"https:\/\/www.exceptional.art\/fr\/wp-json\/wp\/v2\/art-created-date?post=10736"},{"taxonomy":"product_brand","embeddable":true,"href":"https:\/\/www.exceptional.art\/fr\/wp-json\/wp\/v2\/product_brand?post=10736"},{"taxonomy":"product_cat","embeddable":true,"href":"https:\/\/www.exceptional.art\/fr\/wp-json\/wp\/v2\/product_cat?post=10736"},{"taxonomy":"product_tag","embeddable":true,"href":"https:\/\/www.exceptional.art\/fr\/wp-json\/wp\/v2\/product_tag?post=10736"}],"curies":[{"name":"wp","href":"https:\/\/api.w.org\/{rel}","templated":true}]}}