{"id":13340,"date":"2024-11-16T21:26:41","date_gmt":"2024-11-16T21:26:41","guid":{"rendered":"https:\/\/www.exceptional.art\/?page_id=13340"},"modified":"2024-11-16T21:55:43","modified_gmt":"2024-11-16T21:55:43","slug":"la-chronologie-de-levolution-des-palettes-de-couleurs-et-des-techniques-de-travail-au-pinceau","status":"publish","type":"page","link":"https:\/\/www.exceptional.art\/fr\/la-chronologie-de-levolution-des-palettes-de-couleurs-et-des-techniques-de-travail-au-pinceau\/","title":{"rendered":"la chronologie de l'\u00e9volution des palettes de couleurs et des techniques de travail au pinceau"},"content":{"rendered":"<div data-elementor-type=\"wp-page\" data-elementor-id=\"13340\" class=\"elementor elementor-13340\" data-elementor-post-type=\"page\">\n\t\t\t\t<div class=\"elementor-element elementor-element-c93266b e-flex e-con-boxed e-con e-parent\" data-id=\"c93266b\" data-element_type=\"container\" data-e-type=\"container\">\n\t\t\t\t\t<div class=\"e-con-inner\">\n\t\t\t\t\t<\/div>\n\t\t\t\t<\/div>\n\t\t<div class=\"elementor-element elementor-element-6d2f967 e-flex e-con-boxed e-con e-parent\" data-id=\"6d2f967\" data-element_type=\"container\" data-e-type=\"container\">\n\t\t\t\t\t<div class=\"e-con-inner\">\n\t\t\t\t<div class=\"elementor-element elementor-element-2e45795 elementor-widget elementor-widget-text-editor\" data-id=\"2e45795\" data-element_type=\"widget\" data-e-type=\"widget\" data-widget_type=\"text-editor.default\">\n\t\t\t\t<div class=\"elementor-widget-container\">\n\t\t\t\t\t\t\t\t\t<h3><strong>Renaissance (1400-1600)<\/strong><\/h3>\n<ul>\n  <li><strong>Palette de couleurs :<\/strong> Tons de terre, verts, bleus et rouges att\u00e9nu\u00e9s ; les pigments les plus pris\u00e9s sont l'outremer et le vermillon.<\/li>\n  <li><strong>Pinceau :<\/strong> D\u00e9tails fins et lisses avec des techniques de gla\u00e7age pour plus de r\u00e9alisme et de profondeur.<\/li>\n  <li><strong>Artistes notables :<\/strong> L\u00e9onard de Vinci, Michel-Ange, Rapha\u00ebl.<\/li>\n<\/ul>\n<p><a href=\"https:\/\/en.wikipedia.org\/wiki\/Renaissance_art\" target=\"_blank\">Lire plus<\/a><\/p>\n<hr \/>\n\n<h3><strong>Baroque (1600-1700)<\/strong><\/h3>\n<ul>\n  <li><strong>Palette de couleurs :<\/strong> Des contrastes profonds et dramatiques avec des couleurs riches comme le rouge carmin, l'ocre et le noir ; le clair-obscur \u00e9tait la cl\u00e9.<\/li>\n  <li><strong>Pinceau :<\/strong> Fluide et pr\u00e9cis, il met l'accent sur le mouvement et l'\u00e9clairage dramatique.<\/li>\n  <li><strong>Artistes notables :<\/strong> Caravaggio, Rembrandt, Pierre Paul Rubens.<\/li>\n<\/ul>\n<p><a href=\"https:\/\/en.wikipedia.org\/wiki\/Baroque_art\" target=\"_blank\">Lire plus<\/a><\/p>\n<hr \/>\n\n<h3><strong>Rococo (1700s-fin 1700s)<\/strong><\/h3>\n<ul>\n  <li><strong>Palette de couleurs :<\/strong> Des pastels doux tels que la p\u00eache, le bleu ciel, le rose clair et l'or pour une esth\u00e9tique ludique et d\u00e9corative.<\/li>\n  <li><strong>Pinceau :<\/strong> Des traits l\u00e9gers et d\u00e9licats qui traduisent le raffinement et la fantaisie.<\/li>\n  <li><strong>Artistes notables :<\/strong> Fran\u00e7ois Boucher, Jean-Honor\u00e9 Fragonard.<\/li>\n<\/ul>\n<p><a href=\"https:\/\/en.wikipedia.org\/wiki\/Rococo\" target=\"_blank\">Lire plus<\/a><\/p>\n<hr \/>\n\n<h3><strong>N\u00e9oclassicisme (fin des ann\u00e9es 1700-1800)<\/strong><\/h3>\n<ul>\n  <li><strong>Palette de couleurs :<\/strong> Tons sourds inspir\u00e9s de l'art antique grec et romain, ax\u00e9s sur les blancs, les gris et les tons de terre.<\/li>\n  <li><strong>Pinceau :<\/strong> Des lignes nettes et pr\u00e9cises avec des surfaces lisses et polies.<\/li>\n  <li><strong>Artistes notables :<\/strong> Jacques-Louis David, Jean-Auguste-Dominique Ingres.<\/li>\n<\/ul>\n<p><a href=\"https:\/\/en.wikipedia.org\/wiki\/Neoclassicism\" target=\"_blank\">Lire plus<\/a><\/p>\n<hr \/>\n\n<h3><strong>Romantisme (ann\u00e9es 1800-1850)<\/strong><\/h3>\n<ul>\n  <li><strong>Palette de couleurs :<\/strong> Des couleurs vibrantes et \u00e9motionnelles comme les rouges ardents, les gris orageux et les bleus profonds.<\/li>\n  <li><strong>Pinceau :<\/strong> Expressif et \u00e9nergique pour transmettre le drame et l'admiration.<\/li>\n  <li><strong>Artistes notables :<\/strong> J.M.W. Turner, Eug\u00e8ne Delacroix.<\/li>\n<\/ul>\n<p><a href=\"https:\/\/en.wikipedia.org\/wiki\/Romanticism\" target=\"_blank\">Lire plus<\/a><\/p>\n<hr \/>\n\n<h3><strong>Le r\u00e9alisme (1840-1880)<\/strong><\/h3>\n<ul>\n  <li><strong>Palette de couleurs :<\/strong> Des tons naturels avec des bruns et des verts terreux pour repr\u00e9senter des sc\u00e8nes de la vie r\u00e9elle.<\/li>\n  <li><strong>Pinceau :<\/strong> Pr\u00e9cise mais moins polie, elle se concentre sur la vie quotidienne et les d\u00e9tails.<\/li>\n  <li><strong>Artistes notables :<\/strong> Gustave Courbet, Jean-Fran\u00e7ois Millet.<\/li>\n<\/ul>\n<p><a href=\"https:\/\/en.wikipedia.org\/wiki\/Realism_(art_movement)\" target=\"_blank\">Lire plus<\/a><\/p>\n<hr \/>\n\n<h3><strong>Impressionnisme (1860-1900)<\/strong><\/h3>\n<ul>\n  <li><strong>Palette de couleurs :<\/strong> Des couleurs claires et vibrantes sont appliqu\u00e9es directement ; les bleus, les jaunes et les roses chatoyants dominent.<\/li>\n  <li><strong>Pinceau :<\/strong> Des traits courts et visibles qui capturent la lumi\u00e8re et le mouvement.<\/li>\n  <li><strong>Artistes notables :<\/strong> Claude Monet, Pierre-Auguste Renoir.<\/li>\n<\/ul>\n<p><a href=\"https:\/\/en.wikipedia.org\/wiki\/Impressionism\" target=\"_blank\">Lire plus<\/a><\/p>\n<hr \/>\n\n<h3><strong>Post-Impressionism (1880s\u20131900s)<\/strong><\/h3>\n<ul>\n  <li><strong>Palette de couleurs :<\/strong> Des couleurs audacieuses et expressives avec des teintes \u00e9motionnelles, parfois peu naturelles.<\/li>\n  <li><strong>Pinceau :<\/strong> Vari\u00e9e, allant du pointillisme \u00e0 des traits audacieux et dramatiques.<\/li>\n  <li><strong>Artistes notables :<\/strong> Vincent van Gogh, Paul C\u00e9zanne, Georges Seurat.<\/li>\n<\/ul>\n<p><a href=\"https:\/\/en.wikipedia.org\/wiki\/Post-Impressionism\" target=\"_blank\">Lire plus<\/a><\/p>\n<hr \/>\n\n<h3><strong>Fauvisme (ann\u00e9es 1900-1910)<\/strong><\/h3>\n<ul>\n  <li><strong>Palette de couleurs :<\/strong> Des teintes pures et vives comme le rouge, l'orange et le bleu avec une abstraction expressive.<\/li>\n  <li><strong>Pinceau :<\/strong> Des traits gras et rapides qui mettent l'accent sur les couleurs vives plut\u00f4t que sur les d\u00e9tails.<\/li>\n  <li><strong>Artistes notables :<\/strong> Henri Matisse, Andr\u00e9 Derain.<\/li>\n<\/ul>\n<p><a href=\"https:\/\/en.wikipedia.org\/wiki\/Fauvism\" target=\"_blank\">Lire plus<\/a><\/p>\n<hr \/>\n\n<h3><strong>Le cubisme (1907-1920)<\/strong><\/h3>\n<ul>\n  <li><strong>Palette de couleurs :<\/strong> Des monochromes sourds ou des couleurs synth\u00e9tiques plus vives dans les phases ult\u00e9rieures.<\/li>\n  <li><strong>Pinceau :<\/strong> Formes g\u00e9om\u00e9triques fragment\u00e9es avec une texture minimale.<\/li>\n  <li><strong>Artistes notables :<\/strong> Pablo Picasso, Georges Braque.<\/li>\n<\/ul>\n<p><a href=\"https:\/\/en.wikipedia.org\/wiki\/Cubism\" target=\"_blank\">Lire plus<\/a><\/p>\n<hr \/>\n\n<h3><strong>Expressionnisme abstrait (ann\u00e9es 1940-1950)<\/strong><\/h3>\n<ul>\n  <li><strong>Palette de couleurs :<\/strong> Des couleurs primaires vari\u00e9es et audacieuses pour l'impact ou des tons sourds pour l'ambiance.<\/li>\n  <li><strong>Pinceau :<\/strong> Techniques \u00e9nergiques et gestuelles telles que les gouttes ou les \u00e9claboussures.<\/li>\n  <li><strong>Artistes notables :<\/strong> Jackson Pollock, Mark Rothko.<\/li>\n<\/ul>\n<p><a href=\"https:\/\/en.wikipedia.org\/wiki\/Abstract_expressionism\" target=\"_blank\">Lire plus<\/a><\/p>\n<hr \/>\n\n<h3><strong>Pop Art (ann\u00e9es 1950-1970)<\/strong><\/h3>\n<ul>\n  <li><strong>Palette de couleurs :<\/strong> Couleurs vives et satur\u00e9es imitant la publicit\u00e9 (par exemple, rouge, jaune, cyan).<\/li>\n  <li><strong>Pinceau :<\/strong> Plat, propre et graphique avec des ar\u00eates vives.<\/li>\n  <li><strong>Artistes notables :<\/strong> Andy Warhol, Roy Lichtenstein.<\/li>\n<\/ul>\n<p><a href=\"https:\/\/en.wikipedia.org\/wiki\/Pop_art\" target=\"_blank\">Lire plus<\/a><\/p>\n<hr \/>\n\n<h3><strong>Art contemporain (1980-aujourd'hui)<\/strong><\/h3>\n<ul>\n  <li><strong>Palette de couleurs :<\/strong> Un large \u00e9ventail, des couleurs vives aux monochromes minimalistes.<\/li>\n  <li><strong>Pinceau :<\/strong> Les styles vari\u00e9s comprennent l'hyperr\u00e9alisme, les textures num\u00e9riques et les couches multim\u00e9dias.<\/li>\n  <li><strong>Tendances notables :<\/strong> Art de la rue (par exemple, Banksy), art num\u00e9rique, installations.<\/li>\n<\/ul>\n<p><a href=\"https:\/\/en.wikipedia.org\/wiki\/Contemporary_art\" target=\"_blank\">Lire plus<\/a><\/p>\n\t\t\t\t\t\t\t\t<\/div>\n\t\t\t\t<\/div>\n\t\t\t\t\t<\/div>\n\t\t\t\t<\/div>\n\t\t<div class=\"elementor-element elementor-element-5fcda8d e-flex e-con-boxed e-con e-parent\" data-id=\"5fcda8d\" data-element_type=\"container\" data-e-type=\"container\">\n\t\t\t\t\t<div class=\"e-con-inner\">\n\t\t\t\t\t<\/div>\n\t\t\t\t<\/div>\n\t\t\t\t<\/div>","protected":false},"excerpt":{"rendered":"<p>Renaissance (1400s\u20131600s) Color Palette: Earthy tones, muted greens, blues, and reds; prized pigments included ultramarine and vermilion. Brushwork: Smooth, fine details with glazing techniques for realism and depth. Notable Artists: Leonardo da Vinci, Michelangelo, Raphael. Read More Baroque (1600s\u20131700s) Color Palette: Deep, dramatic contrasts with rich colors like carmine red, ochre, and black; chiaroscuro was[&#8230;]<\/p>","protected":false},"author":1,"featured_media":0,"parent":0,"menu_order":0,"comment_status":"closed","ping_status":"closed","template":"","meta":{"_acf_changed":false,"site-sidebar-layout":"no-sidebar","site-content-layout":"page-builder","ast-site-content-layout":"full-width-container","site-content-style":"default","site-sidebar-style":"default","ast-global-header-display":"","ast-banner-title-visibility":"","ast-main-header-display":"","ast-hfb-above-header-display":"","ast-hfb-below-header-display":"","ast-hfb-mobile-header-display":"","site-post-title":"disabled","ast-breadcrumbs-content":"","ast-featured-img":"disabled","footer-sml-layout":"","theme-transparent-header-meta":"","adv-header-id-meta":"","stick-header-meta":"","header-above-stick-meta":"","header-main-stick-meta":"","header-below-stick-meta":"","astra-migrate-meta-layouts":"set","ast-page-background-enabled":"default","ast-page-background-meta":{"desktop":{"background-color":"","background-image":"","background-repeat":"repeat","background-position":"center center","background-size":"auto","background-attachment":"scroll","background-type":"","background-media":"","overlay-type":"","overlay-color":"","overlay-opacity":"","overlay-gradient":""},"tablet":{"background-color":"","background-image":"","background-repeat":"repeat","background-position":"center center","background-size":"auto","background-attachment":"scroll","background-type":"","background-media":"","overlay-type":"","overlay-color":"","overlay-opacity":"","overlay-gradient":""},"mobile":{"background-color":"","background-image":"","background-repeat":"repeat","background-position":"center center","background-size":"auto","background-attachment":"scroll","background-type":"","background-media":"","overlay-type":"","overlay-color":"","overlay-opacity":"","overlay-gradient":""}},"ast-content-background-meta":{"desktop":{"background-color":"var(--ast-global-color-5)","background-image":"","background-repeat":"repeat","background-position":"center center","background-size":"auto","background-attachment":"scroll","background-type":"","background-media":"","overlay-type":"","overlay-color":"","overlay-opacity":"","overlay-gradient":""},"tablet":{"background-color":"var(--ast-global-color-5)","background-image":"","background-repeat":"repeat","background-position":"center center","background-size":"auto","background-attachment":"scroll","background-type":"","background-media":"","overlay-type":"","overlay-color":"","overlay-opacity":"","overlay-gradient":""},"mobile":{"background-color":"var(--ast-global-color-5)","background-image":"","background-repeat":"repeat","background-position":"center center","background-size":"auto","background-attachment":"scroll","background-type":"","background-media":"","overlay-type":"","overlay-color":"","overlay-opacity":"","overlay-gradient":""}},"footnotes":""},"class_list":["post-13340","page","type-page","status-publish","hentry"],"acf":[],"yoast_head":"<!-- This site is optimized with the Yoast SEO Premium plugin v24.1 (Yoast SEO v25.4) - https:\/\/yoast.com\/wordpress\/plugins\/seo\/ -->\n<title>timeline of evolving color palettes and brushwork techniques - Humberto Poidomani Art - Decades of Sculptural and Paintings Mastery<\/title>\n<meta name=\"robots\" content=\"index, follow, max-snippet:-1, max-image-preview:large, max-video-preview:-1\" \/>\n<link rel=\"canonical\" href=\"https:\/\/www.exceptional.art\/fr\/la-chronologie-de-levolution-des-palettes-de-couleurs-et-des-techniques-de-travail-au-pinceau\/\" \/>\n<meta property=\"og:locale\" content=\"fr_FR\" \/>\n<meta property=\"og:type\" content=\"article\" \/>\n<meta property=\"og:title\" content=\"timeline of evolving color palettes and brushwork techniques\" \/>\n<meta property=\"og:description\" content=\"Renaissance (1400s\u20131600s) Color Palette: Earthy tones, muted greens, blues, and reds; prized pigments included ultramarine and vermilion. Brushwork: Smooth, fine details with glazing techniques for realism and depth. Notable Artists: Leonardo da Vinci, Michelangelo, Raphael. Read More Baroque (1600s\u20131700s) Color Palette: Deep, dramatic contrasts with rich colors like carmine red, ochre, and black; chiaroscuro was[...]\" \/>\n<meta property=\"og:url\" content=\"https:\/\/www.exceptional.art\/fr\/la-chronologie-de-levolution-des-palettes-de-couleurs-et-des-techniques-de-travail-au-pinceau\/\" \/>\n<meta property=\"og:site_name\" content=\"Humberto Poidomani Art - Decades of Sculptural and Paintings Mastery\" \/>\n<meta property=\"article:modified_time\" content=\"2024-11-16T21:55:43+00:00\" \/>\n<meta name=\"twitter:card\" content=\"summary_large_image\" \/>\n<meta name=\"twitter:label1\" content=\"Dur\u00e9e de lecture estim\u00e9e\" \/>\n\t<meta name=\"twitter:data1\" content=\"2 minutes\" \/>\n<script type=\"application\/ld+json\" class=\"yoast-schema-graph\">{\"@context\":\"https:\/\/schema.org\",\"@graph\":[{\"@type\":\"WebPage\",\"@id\":\"https:\/\/www.exceptional.art\/timeline-of-evolving-color-palettes-and-brushwork-techniques\/\",\"url\":\"https:\/\/www.exceptional.art\/timeline-of-evolving-color-palettes-and-brushwork-techniques\/\",\"name\":\"timeline of evolving color palettes and brushwork techniques - Humberto Poidomani Art - Decades of Sculptural and Paintings Mastery\",\"isPartOf\":{\"@id\":\"https:\/\/www.exceptional.art\/#website\"},\"datePublished\":\"2024-11-16T21:26:41+00:00\",\"dateModified\":\"2024-11-16T21:55:43+00:00\",\"breadcrumb\":{\"@id\":\"https:\/\/www.exceptional.art\/timeline-of-evolving-color-palettes-and-brushwork-techniques\/#breadcrumb\"},\"inLanguage\":\"fr-FR\",\"potentialAction\":[{\"@type\":\"ReadAction\",\"target\":[\"https:\/\/www.exceptional.art\/timeline-of-evolving-color-palettes-and-brushwork-techniques\/\"]}]},{\"@type\":\"BreadcrumbList\",\"@id\":\"https:\/\/www.exceptional.art\/timeline-of-evolving-color-palettes-and-brushwork-techniques\/#breadcrumb\",\"itemListElement\":[{\"@type\":\"ListItem\",\"position\":1,\"name\":\"Home\",\"item\":\"https:\/\/www.exceptional.art\/\"},{\"@type\":\"ListItem\",\"position\":2,\"name\":\"timeline of evolving color palettes and brushwork techniques\"}]},{\"@type\":\"WebSite\",\"@id\":\"https:\/\/www.exceptional.art\/#website\",\"url\":\"https:\/\/www.exceptional.art\/\",\"name\":\"Humberto Poidomani Art - Decades of Sculptural and Paintings Mastery\",\"description\":\"An Artist&#039;s Journey Through Textures, Colors, and Societal Commentary\",\"publisher\":{\"@id\":\"https:\/\/www.exceptional.art\/#organization\"},\"potentialAction\":[{\"@type\":\"SearchAction\",\"target\":{\"@type\":\"EntryPoint\",\"urlTemplate\":\"https:\/\/www.exceptional.art\/?s={search_term_string}\"},\"query-input\":{\"@type\":\"PropertyValueSpecification\",\"valueRequired\":true,\"valueName\":\"search_term_string\"}}],\"inLanguage\":\"fr-FR\"},{\"@type\":\"Organization\",\"@id\":\"https:\/\/www.exceptional.art\/#organization\",\"name\":\"Humberto Poidomani Art - Decades of Sculptural and Paintings Mastery\",\"alternateName\":\"Humberto Poidomani Art\",\"url\":\"https:\/\/www.exceptional.art\/\",\"logo\":{\"@type\":\"ImageObject\",\"inLanguage\":\"fr-FR\",\"@id\":\"https:\/\/www.exceptional.art\/#\/schema\/logo\/image\/\",\"url\":\"https:\/\/www.exceptional.art\/wp-content\/uploads\/2024\/02\/cropped-Humberto-Poidomani-Signature-2-letters-red.webp\",\"contentUrl\":\"https:\/\/www.exceptional.art\/wp-content\/uploads\/2024\/02\/cropped-Humberto-Poidomani-Signature-2-letters-red.webp\",\"width\":511,\"height\":97,\"caption\":\"Humberto Poidomani Art - Decades of Sculptural and Paintings Mastery\"},\"image\":{\"@id\":\"https:\/\/www.exceptional.art\/#\/schema\/logo\/image\/\"},\"description\":\"Online Art Gallery\",\"email\":\"info@exceptional.art\",\"telephone\":\"\u202a(802) 234-8278\u202c\",\"legalName\":\"Exceptional Art\",\"foundingDate\":\"2024-06-16\",\"numberOfEmployees\":{\"@type\":\"QuantitativeValue\",\"minValue\":\"1\",\"maxValue\":\"10\"}}]}<\/script>\n<!-- \/ Yoast SEO Premium plugin. -->","yoast_head_json":{"title":"timeline of evolving color palettes and brushwork techniques - Humberto Poidomani Art - Decades of Sculptural and Paintings Mastery","robots":{"index":"index","follow":"follow","max-snippet":"max-snippet:-1","max-image-preview":"max-image-preview:large","max-video-preview":"max-video-preview:-1"},"canonical":"https:\/\/www.exceptional.art\/fr\/la-chronologie-de-levolution-des-palettes-de-couleurs-et-des-techniques-de-travail-au-pinceau\/","og_locale":"fr_FR","og_type":"article","og_title":"timeline of evolving color palettes and brushwork techniques","og_description":"Renaissance (1400s\u20131600s) Color Palette: Earthy tones, muted greens, blues, and reds; prized pigments included ultramarine and vermilion. Brushwork: Smooth, fine details with glazing techniques for realism and depth. Notable Artists: Leonardo da Vinci, Michelangelo, Raphael. Read More Baroque (1600s\u20131700s) Color Palette: Deep, dramatic contrasts with rich colors like carmine red, ochre, and black; chiaroscuro was[...]","og_url":"https:\/\/www.exceptional.art\/fr\/la-chronologie-de-levolution-des-palettes-de-couleurs-et-des-techniques-de-travail-au-pinceau\/","og_site_name":"Humberto Poidomani Art - Decades of Sculptural and Paintings Mastery","article_modified_time":"2024-11-16T21:55:43+00:00","twitter_card":"summary_large_image","twitter_misc":{"Dur\u00e9e de lecture estim\u00e9e":"2 minutes"},"schema":{"@context":"https:\/\/schema.org","@graph":[{"@type":"WebPage","@id":"https:\/\/www.exceptional.art\/timeline-of-evolving-color-palettes-and-brushwork-techniques\/","url":"https:\/\/www.exceptional.art\/timeline-of-evolving-color-palettes-and-brushwork-techniques\/","name":"timeline of evolving color palettes and brushwork techniques - Humberto Poidomani Art - Decades of Sculptural and Paintings Mastery","isPartOf":{"@id":"https:\/\/www.exceptional.art\/#website"},"datePublished":"2024-11-16T21:26:41+00:00","dateModified":"2024-11-16T21:55:43+00:00","breadcrumb":{"@id":"https:\/\/www.exceptional.art\/timeline-of-evolving-color-palettes-and-brushwork-techniques\/#breadcrumb"},"inLanguage":"fr-FR","potentialAction":[{"@type":"ReadAction","target":["https:\/\/www.exceptional.art\/timeline-of-evolving-color-palettes-and-brushwork-techniques\/"]}]},{"@type":"BreadcrumbList","@id":"https:\/\/www.exceptional.art\/timeline-of-evolving-color-palettes-and-brushwork-techniques\/#breadcrumb","itemListElement":[{"@type":"ListItem","position":1,"name":"Home","item":"https:\/\/www.exceptional.art\/"},{"@type":"ListItem","position":2,"name":"timeline of evolving color palettes and brushwork techniques"}]},{"@type":"WebSite","@id":"https:\/\/www.exceptional.art\/#website","url":"https:\/\/www.exceptional.art\/","name":"Humberto Poidomani Art - Decades of Sculptural and Paintings Mastery","description":"An Artist&#039;s Journey Through Textures, Colors, and Societal Commentary","publisher":{"@id":"https:\/\/www.exceptional.art\/#organization"},"potentialAction":[{"@type":"SearchAction","target":{"@type":"EntryPoint","urlTemplate":"https:\/\/www.exceptional.art\/?s={search_term_string}"},"query-input":{"@type":"PropertyValueSpecification","valueRequired":true,"valueName":"search_term_string"}}],"inLanguage":"fr-FR"},{"@type":"Organization","@id":"https:\/\/www.exceptional.art\/#organization","name":"Humberto Poidomani Art - Decades of Sculptural and Paintings Mastery","alternateName":"Humberto Poidomani Art","url":"https:\/\/www.exceptional.art\/","logo":{"@type":"ImageObject","inLanguage":"fr-FR","@id":"https:\/\/www.exceptional.art\/#\/schema\/logo\/image\/","url":"https:\/\/www.exceptional.art\/wp-content\/uploads\/2024\/02\/cropped-Humberto-Poidomani-Signature-2-letters-red.webp","contentUrl":"https:\/\/www.exceptional.art\/wp-content\/uploads\/2024\/02\/cropped-Humberto-Poidomani-Signature-2-letters-red.webp","width":511,"height":97,"caption":"Humberto Poidomani Art - Decades of Sculptural and Paintings Mastery"},"image":{"@id":"https:\/\/www.exceptional.art\/#\/schema\/logo\/image\/"},"description":"Online Art Gallery","email":"info@exceptional.art","telephone":"\u202a(802) 234-8278\u202c","legalName":"Exceptional Art","foundingDate":"2024-06-16","numberOfEmployees":{"@type":"QuantitativeValue","minValue":"1","maxValue":"10"}}]}},"_links":{"self":[{"href":"https:\/\/www.exceptional.art\/fr\/wp-json\/wp\/v2\/pages\/13340","targetHints":{"allow":["GET"]}}],"collection":[{"href":"https:\/\/www.exceptional.art\/fr\/wp-json\/wp\/v2\/pages"}],"about":[{"href":"https:\/\/www.exceptional.art\/fr\/wp-json\/wp\/v2\/types\/page"}],"author":[{"embeddable":true,"href":"https:\/\/www.exceptional.art\/fr\/wp-json\/wp\/v2\/users\/1"}],"replies":[{"embeddable":true,"href":"https:\/\/www.exceptional.art\/fr\/wp-json\/wp\/v2\/comments?post=13340"}],"version-history":[{"count":11,"href":"https:\/\/www.exceptional.art\/fr\/wp-json\/wp\/v2\/pages\/13340\/revisions"}],"predecessor-version":[{"id":13351,"href":"https:\/\/www.exceptional.art\/fr\/wp-json\/wp\/v2\/pages\/13340\/revisions\/13351"}],"wp:attachment":[{"href":"https:\/\/www.exceptional.art\/fr\/wp-json\/wp\/v2\/media?parent=13340"}],"curies":[{"name":"wp","href":"https:\/\/api.w.org\/{rel}","templated":true}]}}