{"id":11462,"date":"2024-08-02T04:49:45","date_gmt":"2024-08-02T04:49:45","guid":{"rendered":"https:\/\/www.exceptional.art\/?page_id=11462"},"modified":"2024-08-02T04:53:20","modified_gmt":"2024-08-02T04:53:20","slug":"explorer-les-tendances-et-les-techniques-de-lart-moderne","status":"publish","type":"page","link":"https:\/\/www.exceptional.art\/fr\/explorer-les-tendances-et-les-techniques-de-lart-moderne\/","title":{"rendered":"Explorer les tendances et les techniques de l'art moderne"},"content":{"rendered":"<div data-elementor-type=\"wp-page\" data-elementor-id=\"11462\" class=\"elementor elementor-11462\" data-elementor-post-type=\"page\">\n\t\t\t\t<div class=\"elementor-element elementor-element-52ac068 e-flex e-con-boxed e-con e-parent\" data-id=\"52ac068\" data-element_type=\"container\" data-e-type=\"container\">\n\t\t\t\t\t<div class=\"e-con-inner\">\n\t\t\t\t<div class=\"elementor-element elementor-element-6e81d04 elementor-widget elementor-widget-heading\" data-id=\"6e81d04\" data-element_type=\"widget\" data-e-type=\"widget\" data-widget_type=\"heading.default\">\n\t\t\t\t<div class=\"elementor-widget-container\">\n\t\t\t\t\t<h1 class=\"elementor-heading-title elementor-size-default\">Explorer les tendances et les techniques de l'art moderne<\/h1>\t\t\t\t<\/div>\n\t\t\t\t<\/div>\n\t\t\t\t\t<\/div>\n\t\t\t\t<\/div>\n\t\t<div class=\"elementor-element elementor-element-3295270 e-flex e-con-boxed e-con e-parent\" data-id=\"3295270\" data-element_type=\"container\" data-e-type=\"container\">\n\t\t\t\t\t<div class=\"e-con-inner\">\n\t\t\t\t<div class=\"elementor-element elementor-element-55e630c elementor-widget elementor-widget-heading\" data-id=\"55e630c\" data-element_type=\"widget\" data-e-type=\"widget\" data-widget_type=\"heading.default\">\n\t\t\t\t<div class=\"elementor-widget-container\">\n\t\t\t\t\t<h2 class=\"elementor-heading-title elementor-size-default\">L'art abstrait et l'art de l'assemblage<\/h2>\t\t\t\t<\/div>\n\t\t\t\t<\/div>\n\t\t\t\t\t<\/div>\n\t\t\t\t<\/div>\n\t\t<div class=\"elementor-element elementor-element-1cd1fa5 e-flex e-con-boxed e-con e-parent\" data-id=\"1cd1fa5\" data-element_type=\"container\" data-e-type=\"container\">\n\t\t\t\t\t<div class=\"e-con-inner\">\n\t\t\t\t<div class=\"elementor-element elementor-element-0f83a5b elementor-widget elementor-widget-image\" data-id=\"0f83a5b\" data-element_type=\"widget\" data-e-type=\"widget\" data-widget_type=\"image.default\">\n\t\t\t\t<div class=\"elementor-widget-container\">\n\t\t\t\t\t\t\t\t\t\t\t\t\t\t\t<img fetchpriority=\"high\" decoding=\"async\" width=\"1024\" height=\"585\" src=\"https:\/\/www.exceptional.art\/wp-content\/uploads\/2024\/08\/A-side-by-side-comparison-of-Abstract-and-Assemblage-Art.-The-Abstract-Art-side-features-bold-vibrant-colors-with-fluid-non-representational-shapes--1024x585.webp\" class=\"attachment-large size-large wp-image-11464\" alt=\"&quot;Comparaison c\u00f4te \u00e0 c\u00f4te de l&#039;art abstrait aux couleurs vives et \u00e9clatantes et de l&#039;art de l&#039;assemblage aux compositions tridimensionnelles.\" srcset=\"https:\/\/www.exceptional.art\/wp-content\/uploads\/2024\/08\/A-side-by-side-comparison-of-Abstract-and-Assemblage-Art.-The-Abstract-Art-side-features-bold-vibrant-colors-with-fluid-non-representational-shapes--1024x585.webp 1024w, https:\/\/www.exceptional.art\/wp-content\/uploads\/2024\/08\/A-side-by-side-comparison-of-Abstract-and-Assemblage-Art.-The-Abstract-Art-side-features-bold-vibrant-colors-with-fluid-non-representational-shapes--300x171.webp 300w, https:\/\/www.exceptional.art\/wp-content\/uploads\/2024\/08\/A-side-by-side-comparison-of-Abstract-and-Assemblage-Art.-The-Abstract-Art-side-features-bold-vibrant-colors-with-fluid-non-representational-shapes--768x439.webp 768w, https:\/\/www.exceptional.art\/wp-content\/uploads\/2024\/08\/A-side-by-side-comparison-of-Abstract-and-Assemblage-Art.-The-Abstract-Art-side-features-bold-vibrant-colors-with-fluid-non-representational-shapes--1536x878.webp 1536w, https:\/\/www.exceptional.art\/wp-content\/uploads\/2024\/08\/A-side-by-side-comparison-of-Abstract-and-Assemblage-Art.-The-Abstract-Art-side-features-bold-vibrant-colors-with-fluid-non-representational-shapes--18x10.webp 18w, https:\/\/www.exceptional.art\/wp-content\/uploads\/2024\/08\/A-side-by-side-comparison-of-Abstract-and-Assemblage-Art.-The-Abstract-Art-side-features-bold-vibrant-colors-with-fluid-non-representational-shapes--500x286.webp 500w, https:\/\/www.exceptional.art\/wp-content\/uploads\/2024\/08\/A-side-by-side-comparison-of-Abstract-and-Assemblage-Art.-The-Abstract-Art-side-features-bold-vibrant-colors-with-fluid-non-representational-shapes-.webp 1792w\" sizes=\"(max-width: 1024px) 100vw, 1024px\" \/>\t\t\t\t\t\t\t\t\t\t\t\t\t\t\t<\/div>\n\t\t\t\t<\/div>\n\t\t\t\t\t<\/div>\n\t\t\t\t<\/div>\n\t\t<div class=\"elementor-element elementor-element-a35aee6 e-flex e-con-boxed e-con e-parent\" data-id=\"a35aee6\" data-element_type=\"container\" data-e-type=\"container\">\n\t\t\t\t\t<div class=\"e-con-inner\">\n\t\t\t\t<div class=\"elementor-element elementor-element-663feed elementor-widget elementor-widget-spacer\" data-id=\"663feed\" data-element_type=\"widget\" data-e-type=\"widget\" data-widget_type=\"spacer.default\">\n\t\t\t\t<div class=\"elementor-widget-container\">\n\t\t\t\t\t\t\t<div class=\"elementor-spacer\">\n\t\t\t<div class=\"elementor-spacer-inner\"><\/div>\n\t\t<\/div>\n\t\t\t\t\t\t<\/div>\n\t\t\t\t<\/div>\n\t\t\t\t\t<\/div>\n\t\t\t\t<\/div>\n\t\t<div class=\"elementor-element elementor-element-460ba5a e-flex e-con-boxed e-con e-parent\" data-id=\"460ba5a\" data-element_type=\"container\" data-e-type=\"container\">\n\t\t\t\t\t<div class=\"e-con-inner\">\n\t\t\t\t<div class=\"elementor-element elementor-element-98905b3 elementor-widget elementor-widget-text-editor\" data-id=\"98905b3\" data-element_type=\"widget\" data-e-type=\"widget\" data-widget_type=\"text-editor.default\">\n\t\t\t\t<div class=\"elementor-widget-container\">\n\t\t\t\t\t\t\t\t\t<p>Les tendances de l'art moderne sont en constante \u00e9volution, l'art abstrait et l'art de l'assemblage gagnant en importance. Ces styles remettent en question les fronti\u00e8res conventionnelles et invitent les spectateurs \u00e0 interpr\u00e9ter et \u00e0 s'engager dans l'art \u00e0 un niveau plus profond.<\/p><ul><li><strong>Art abstrait :<\/strong> L'accent est mis sur l'utilisation des formes et des couleurs pour transmettre des \u00e9motions et des id\u00e9es sans repr\u00e9senter des objets reconnaissables.<\/li><li><strong>L'art de l'assemblage :<\/strong> Il s'agit de cr\u00e9er des compositions tridimensionnelles \u00e0 partir d'objets trouv\u00e9s, offrant une perspective unique et souvent provocante.<\/li><\/ul><h4>Le processus artistique et l'inspiration<\/h4><p>Il est essentiel de comprendre le processus artistique et de trouver l'inspiration pour cr\u00e9er des \u0153uvres d'art uniques. Les artistes s'inspirent souvent de leurs exp\u00e9riences personnelles, de leurs \u00e9motions et de l'environnement qui les entoure pour cr\u00e9er des \u0153uvres qui trouvent un \u00e9cho aupr\u00e8s des spectateurs.<\/p><h4>S'engager avec les collectionneurs d'art et les tendances<\/h4><p>Il est essentiel pour les artistes et les amateurs d'art d'entrer en contact avec des collectionneurs d'art et de se tenir au courant des tendances artistiques. Participer \u00e0 des expositions, nouer des contacts avec des collectionneurs et suivre les tendances du secteur peut apporter des informations et des opportunit\u00e9s pr\u00e9cieuses.<\/p><h4>Le riche patrimoine artistique de l'Argentine<\/h4><p>L'Argentine s'enorgueillit d'une sc\u00e8ne artistique dynamique et d'une riche histoire de l'expression artistique. L'exploration de l'art en Argentine, notamment des \u0153uvres d'artistes argentins de renom, offre un aper\u00e7u fascinant du patrimoine culturel du pays.<\/p><h4>L'art des fans de Messi : Hommage \u00e0 une ic\u00f4ne<\/h4><p>Les \u0153uvres d'art des supporters consacr\u00e9es \u00e0 Lionel Messi sont devenues populaires, mettant en \u00e9vidence l'intersection du sport et de l'art. Ces \u0153uvres c\u00e9l\u00e8brent l'impact de Messi sur et en dehors du terrain, refl\u00e9tant la passion et la cr\u00e9ativit\u00e9 de ses fans. Lire notre blog <a href=\"http:\/\/Celebrating the 2024 Olympic Games in Paris: The Inspiration Behind Humberto Poidomani\u2019s Latest Masterpiece\" data-wplink-url-error=\"true\">ici<\/a><\/p>\t\t\t\t\t\t\t\t<\/div>\n\t\t\t\t<\/div>\n\t\t\t\t\t<\/div>\n\t\t\t\t<\/div>\n\t\t\t\t<\/div>","protected":false},"excerpt":{"rendered":"<p>Exploring Modern Art Trends and Techniques Embracing Abstract and Assemblage Art Modern art trends are continuously evolving, with abstract art and assemblage art gaining prominence. These styles challenge conventional boundaries and invite viewers to interpret and engage with art on a deeper level. Abstract Art: Focuses on using shapes, colors, and forms to convey emotions[&#8230;]<\/p>","protected":false},"author":1,"featured_media":0,"parent":0,"menu_order":0,"comment_status":"closed","ping_status":"closed","template":"","meta":{"_acf_changed":false,"site-sidebar-layout":"no-sidebar","site-content-layout":"page-builder","ast-site-content-layout":"full-width-container","site-content-style":"default","site-sidebar-style":"default","ast-global-header-display":"","ast-banner-title-visibility":"","ast-main-header-display":"","ast-hfb-above-header-display":"","ast-hfb-below-header-display":"","ast-hfb-mobile-header-display":"","site-post-title":"disabled","ast-breadcrumbs-content":"","ast-featured-img":"disabled","footer-sml-layout":"","theme-transparent-header-meta":"","adv-header-id-meta":"","stick-header-meta":"","header-above-stick-meta":"","header-main-stick-meta":"","header-below-stick-meta":"","astra-migrate-meta-layouts":"set","ast-page-background-enabled":"default","ast-page-background-meta":{"desktop":{"background-color":"","background-image":"","background-repeat":"repeat","background-position":"center center","background-size":"auto","background-attachment":"scroll","background-type":"","background-media":"","overlay-type":"","overlay-color":"","overlay-opacity":"","overlay-gradient":""},"tablet":{"background-color":"","background-image":"","background-repeat":"repeat","background-position":"center center","background-size":"auto","background-attachment":"scroll","background-type":"","background-media":"","overlay-type":"","overlay-color":"","overlay-opacity":"","overlay-gradient":""},"mobile":{"background-color":"","background-image":"","background-repeat":"repeat","background-position":"center center","background-size":"auto","background-attachment":"scroll","background-type":"","background-media":"","overlay-type":"","overlay-color":"","overlay-opacity":"","overlay-gradient":""}},"ast-content-background-meta":{"desktop":{"background-color":"var(--ast-global-color-5)","background-image":"","background-repeat":"repeat","background-position":"center center","background-size":"auto","background-attachment":"scroll","background-type":"","background-media":"","overlay-type":"","overlay-color":"","overlay-opacity":"","overlay-gradient":""},"tablet":{"background-color":"var(--ast-global-color-5)","background-image":"","background-repeat":"repeat","background-position":"center center","background-size":"auto","background-attachment":"scroll","background-type":"","background-media":"","overlay-type":"","overlay-color":"","overlay-opacity":"","overlay-gradient":""},"mobile":{"background-color":"var(--ast-global-color-5)","background-image":"","background-repeat":"repeat","background-position":"center center","background-size":"auto","background-attachment":"scroll","background-type":"","background-media":"","overlay-type":"","overlay-color":"","overlay-opacity":"","overlay-gradient":""}},"footnotes":""},"class_list":["post-11462","page","type-page","status-publish","hentry"],"acf":[],"yoast_head":"<!-- This site is optimized with the Yoast SEO Premium plugin v24.1 (Yoast SEO v25.4) - https:\/\/yoast.com\/wordpress\/plugins\/seo\/ -->\n<title>Exploring Modern Art Trends and Techniques:<\/title>\n<meta name=\"description\" content=\"Dive into the latest modern art trends and techniques, discovering innovative styles, emerging artists, and the evolving landscape of contemporary art.\" \/>\n<meta name=\"robots\" content=\"index, follow, max-snippet:-1, max-image-preview:large, max-video-preview:-1\" \/>\n<link rel=\"canonical\" href=\"https:\/\/www.exceptional.art\/fr\/explorer-les-tendances-et-les-techniques-de-lart-moderne\/\" \/>\n<meta property=\"og:locale\" content=\"fr_FR\" \/>\n<meta property=\"og:type\" content=\"article\" \/>\n<meta property=\"og:title\" content=\"Exploring Modern Art Trends and Techniques\" \/>\n<meta property=\"og:description\" content=\"Dive into the latest modern art trends and techniques, discovering innovative styles, emerging artists, and the evolving landscape of contemporary art.\" \/>\n<meta property=\"og:url\" content=\"https:\/\/www.exceptional.art\/fr\/explorer-les-tendances-et-les-techniques-de-lart-moderne\/\" \/>\n<meta property=\"og:site_name\" content=\"Humberto Poidomani Art - Decades of Sculptural and Paintings Mastery\" \/>\n<meta property=\"article:modified_time\" content=\"2024-08-02T04:53:20+00:00\" \/>\n<meta property=\"og:image\" content=\"https:\/\/www.exceptional.art\/wp-content\/uploads\/2024\/08\/A-side-by-side-comparison-of-Abstract-and-Assemblage-Art.-The-Abstract-Art-side-features-bold-vibrant-colors-with-fluid-non-representational-shapes--1024x585.webp\" \/>\n<meta name=\"twitter:card\" content=\"summary_large_image\" \/>\n<meta name=\"twitter:label1\" content=\"Dur\u00e9e de lecture estim\u00e9e\" \/>\n\t<meta name=\"twitter:data1\" content=\"2 minutes\" \/>\n<script type=\"application\/ld+json\" class=\"yoast-schema-graph\">{\"@context\":\"https:\/\/schema.org\",\"@graph\":[{\"@type\":\"WebPage\",\"@id\":\"https:\/\/www.exceptional.art\/exploring-modern-art-trends-and-techniques\/\",\"url\":\"https:\/\/www.exceptional.art\/exploring-modern-art-trends-and-techniques\/\",\"name\":\"Exploring Modern Art Trends and Techniques:\",\"isPartOf\":{\"@id\":\"https:\/\/www.exceptional.art\/#website\"},\"primaryImageOfPage\":{\"@id\":\"https:\/\/www.exceptional.art\/exploring-modern-art-trends-and-techniques\/#primaryimage\"},\"image\":{\"@id\":\"https:\/\/www.exceptional.art\/exploring-modern-art-trends-and-techniques\/#primaryimage\"},\"thumbnailUrl\":\"https:\/\/www.exceptional.art\/wp-content\/uploads\/2024\/08\/A-side-by-side-comparison-of-Abstract-and-Assemblage-Art.-The-Abstract-Art-side-features-bold-vibrant-colors-with-fluid-non-representational-shapes--1024x585.webp\",\"datePublished\":\"2024-08-02T04:49:45+00:00\",\"dateModified\":\"2024-08-02T04:53:20+00:00\",\"description\":\"Dive into the latest modern art trends and techniques, discovering innovative styles, emerging artists, and the evolving landscape of contemporary art.\",\"breadcrumb\":{\"@id\":\"https:\/\/www.exceptional.art\/exploring-modern-art-trends-and-techniques\/#breadcrumb\"},\"inLanguage\":\"fr-FR\",\"potentialAction\":[{\"@type\":\"ReadAction\",\"target\":[\"https:\/\/www.exceptional.art\/exploring-modern-art-trends-and-techniques\/\"]}]},{\"@type\":\"ImageObject\",\"inLanguage\":\"fr-FR\",\"@id\":\"https:\/\/www.exceptional.art\/exploring-modern-art-trends-and-techniques\/#primaryimage\",\"url\":\"https:\/\/www.exceptional.art\/wp-content\/uploads\/2024\/08\/A-side-by-side-comparison-of-Abstract-and-Assemblage-Art.-The-Abstract-Art-side-features-bold-vibrant-colors-with-fluid-non-representational-shapes--1024x585.webp\",\"contentUrl\":\"https:\/\/www.exceptional.art\/wp-content\/uploads\/2024\/08\/A-side-by-side-comparison-of-Abstract-and-Assemblage-Art.-The-Abstract-Art-side-features-bold-vibrant-colors-with-fluid-non-representational-shapes--1024x585.webp\"},{\"@type\":\"BreadcrumbList\",\"@id\":\"https:\/\/www.exceptional.art\/exploring-modern-art-trends-and-techniques\/#breadcrumb\",\"itemListElement\":[{\"@type\":\"ListItem\",\"position\":1,\"name\":\"Home\",\"item\":\"https:\/\/www.exceptional.art\/\"},{\"@type\":\"ListItem\",\"position\":2,\"name\":\"Exploring Modern Art Trends and Techniques\"}]},{\"@type\":\"WebSite\",\"@id\":\"https:\/\/www.exceptional.art\/#website\",\"url\":\"https:\/\/www.exceptional.art\/\",\"name\":\"Humberto Poidomani Art - Decades of Sculptural and Paintings Mastery\",\"description\":\"An Artist&#039;s Journey Through Textures, Colors, and Societal Commentary\",\"publisher\":{\"@id\":\"https:\/\/www.exceptional.art\/#organization\"},\"potentialAction\":[{\"@type\":\"SearchAction\",\"target\":{\"@type\":\"EntryPoint\",\"urlTemplate\":\"https:\/\/www.exceptional.art\/?s={search_term_string}\"},\"query-input\":{\"@type\":\"PropertyValueSpecification\",\"valueRequired\":true,\"valueName\":\"search_term_string\"}}],\"inLanguage\":\"fr-FR\"},{\"@type\":\"Organization\",\"@id\":\"https:\/\/www.exceptional.art\/#organization\",\"name\":\"Humberto Poidomani Art - Decades of Sculptural and Paintings Mastery\",\"alternateName\":\"Humberto Poidomani Art\",\"url\":\"https:\/\/www.exceptional.art\/\",\"logo\":{\"@type\":\"ImageObject\",\"inLanguage\":\"fr-FR\",\"@id\":\"https:\/\/www.exceptional.art\/#\/schema\/logo\/image\/\",\"url\":\"https:\/\/www.exceptional.art\/wp-content\/uploads\/2024\/02\/cropped-Humberto-Poidomani-Signature-2-letters-red.webp\",\"contentUrl\":\"https:\/\/www.exceptional.art\/wp-content\/uploads\/2024\/02\/cropped-Humberto-Poidomani-Signature-2-letters-red.webp\",\"width\":511,\"height\":97,\"caption\":\"Humberto Poidomani Art - Decades of Sculptural and Paintings Mastery\"},\"image\":{\"@id\":\"https:\/\/www.exceptional.art\/#\/schema\/logo\/image\/\"},\"description\":\"Online Art Gallery\",\"email\":\"info@exceptional.art\",\"telephone\":\"\u202a(802) 234-8278\u202c\",\"legalName\":\"Exceptional Art\",\"foundingDate\":\"2024-06-16\",\"numberOfEmployees\":{\"@type\":\"QuantitativeValue\",\"minValue\":\"1\",\"maxValue\":\"10\"}}]}<\/script>\n<!-- \/ Yoast SEO Premium plugin. -->","yoast_head_json":{"title":"Exploring Modern Art Trends and Techniques:","description":"Dive into the latest modern art trends and techniques, discovering innovative styles, emerging artists, and the evolving landscape of contemporary art.","robots":{"index":"index","follow":"follow","max-snippet":"max-snippet:-1","max-image-preview":"max-image-preview:large","max-video-preview":"max-video-preview:-1"},"canonical":"https:\/\/www.exceptional.art\/fr\/explorer-les-tendances-et-les-techniques-de-lart-moderne\/","og_locale":"fr_FR","og_type":"article","og_title":"Exploring Modern Art Trends and Techniques","og_description":"Dive into the latest modern art trends and techniques, discovering innovative styles, emerging artists, and the evolving landscape of contemporary art.","og_url":"https:\/\/www.exceptional.art\/fr\/explorer-les-tendances-et-les-techniques-de-lart-moderne\/","og_site_name":"Humberto Poidomani Art - Decades of Sculptural and Paintings Mastery","article_modified_time":"2024-08-02T04:53:20+00:00","og_image":[{"url":"https:\/\/www.exceptional.art\/wp-content\/uploads\/2024\/08\/A-side-by-side-comparison-of-Abstract-and-Assemblage-Art.-The-Abstract-Art-side-features-bold-vibrant-colors-with-fluid-non-representational-shapes--1024x585.webp","type":"","width":"","height":""}],"twitter_card":"summary_large_image","twitter_misc":{"Dur\u00e9e de lecture estim\u00e9e":"2 minutes"},"schema":{"@context":"https:\/\/schema.org","@graph":[{"@type":"WebPage","@id":"https:\/\/www.exceptional.art\/exploring-modern-art-trends-and-techniques\/","url":"https:\/\/www.exceptional.art\/exploring-modern-art-trends-and-techniques\/","name":"Exploring Modern Art Trends and Techniques:","isPartOf":{"@id":"https:\/\/www.exceptional.art\/#website"},"primaryImageOfPage":{"@id":"https:\/\/www.exceptional.art\/exploring-modern-art-trends-and-techniques\/#primaryimage"},"image":{"@id":"https:\/\/www.exceptional.art\/exploring-modern-art-trends-and-techniques\/#primaryimage"},"thumbnailUrl":"https:\/\/www.exceptional.art\/wp-content\/uploads\/2024\/08\/A-side-by-side-comparison-of-Abstract-and-Assemblage-Art.-The-Abstract-Art-side-features-bold-vibrant-colors-with-fluid-non-representational-shapes--1024x585.webp","datePublished":"2024-08-02T04:49:45+00:00","dateModified":"2024-08-02T04:53:20+00:00","description":"Dive into the latest modern art trends and techniques, discovering innovative styles, emerging artists, and the evolving landscape of contemporary art.","breadcrumb":{"@id":"https:\/\/www.exceptional.art\/exploring-modern-art-trends-and-techniques\/#breadcrumb"},"inLanguage":"fr-FR","potentialAction":[{"@type":"ReadAction","target":["https:\/\/www.exceptional.art\/exploring-modern-art-trends-and-techniques\/"]}]},{"@type":"ImageObject","inLanguage":"fr-FR","@id":"https:\/\/www.exceptional.art\/exploring-modern-art-trends-and-techniques\/#primaryimage","url":"https:\/\/www.exceptional.art\/wp-content\/uploads\/2024\/08\/A-side-by-side-comparison-of-Abstract-and-Assemblage-Art.-The-Abstract-Art-side-features-bold-vibrant-colors-with-fluid-non-representational-shapes--1024x585.webp","contentUrl":"https:\/\/www.exceptional.art\/wp-content\/uploads\/2024\/08\/A-side-by-side-comparison-of-Abstract-and-Assemblage-Art.-The-Abstract-Art-side-features-bold-vibrant-colors-with-fluid-non-representational-shapes--1024x585.webp"},{"@type":"BreadcrumbList","@id":"https:\/\/www.exceptional.art\/exploring-modern-art-trends-and-techniques\/#breadcrumb","itemListElement":[{"@type":"ListItem","position":1,"name":"Home","item":"https:\/\/www.exceptional.art\/"},{"@type":"ListItem","position":2,"name":"Exploring Modern Art Trends and Techniques"}]},{"@type":"WebSite","@id":"https:\/\/www.exceptional.art\/#website","url":"https:\/\/www.exceptional.art\/","name":"Humberto Poidomani Art - Decades of Sculptural and Paintings Mastery","description":"An Artist&#039;s Journey Through Textures, Colors, and Societal Commentary","publisher":{"@id":"https:\/\/www.exceptional.art\/#organization"},"potentialAction":[{"@type":"SearchAction","target":{"@type":"EntryPoint","urlTemplate":"https:\/\/www.exceptional.art\/?s={search_term_string}"},"query-input":{"@type":"PropertyValueSpecification","valueRequired":true,"valueName":"search_term_string"}}],"inLanguage":"fr-FR"},{"@type":"Organization","@id":"https:\/\/www.exceptional.art\/#organization","name":"Humberto Poidomani Art - Decades of Sculptural and Paintings Mastery","alternateName":"Humberto Poidomani Art","url":"https:\/\/www.exceptional.art\/","logo":{"@type":"ImageObject","inLanguage":"fr-FR","@id":"https:\/\/www.exceptional.art\/#\/schema\/logo\/image\/","url":"https:\/\/www.exceptional.art\/wp-content\/uploads\/2024\/02\/cropped-Humberto-Poidomani-Signature-2-letters-red.webp","contentUrl":"https:\/\/www.exceptional.art\/wp-content\/uploads\/2024\/02\/cropped-Humberto-Poidomani-Signature-2-letters-red.webp","width":511,"height":97,"caption":"Humberto Poidomani Art - Decades of Sculptural and Paintings Mastery"},"image":{"@id":"https:\/\/www.exceptional.art\/#\/schema\/logo\/image\/"},"description":"Online Art Gallery","email":"info@exceptional.art","telephone":"\u202a(802) 234-8278\u202c","legalName":"Exceptional Art","foundingDate":"2024-06-16","numberOfEmployees":{"@type":"QuantitativeValue","minValue":"1","maxValue":"10"}}]}},"_links":{"self":[{"href":"https:\/\/www.exceptional.art\/fr\/wp-json\/wp\/v2\/pages\/11462","targetHints":{"allow":["GET"]}}],"collection":[{"href":"https:\/\/www.exceptional.art\/fr\/wp-json\/wp\/v2\/pages"}],"about":[{"href":"https:\/\/www.exceptional.art\/fr\/wp-json\/wp\/v2\/types\/page"}],"author":[{"embeddable":true,"href":"https:\/\/www.exceptional.art\/fr\/wp-json\/wp\/v2\/users\/1"}],"replies":[{"embeddable":true,"href":"https:\/\/www.exceptional.art\/fr\/wp-json\/wp\/v2\/comments?post=11462"}],"version-history":[{"count":4,"href":"https:\/\/www.exceptional.art\/fr\/wp-json\/wp\/v2\/pages\/11462\/revisions"}],"predecessor-version":[{"id":11467,"href":"https:\/\/www.exceptional.art\/fr\/wp-json\/wp\/v2\/pages\/11462\/revisions\/11467"}],"wp:attachment":[{"href":"https:\/\/www.exceptional.art\/fr\/wp-json\/wp\/v2\/media?parent=11462"}],"curies":[{"name":"wp","href":"https:\/\/api.w.org\/{rel}","templated":true}]}}