{"id":13380,"date":"2024-11-25T20:25:18","date_gmt":"2024-11-25T20:25:18","guid":{"rendered":"https:\/\/www.exceptional.art\/?post_type=product&#038;p=13380"},"modified":"2025-01-01T00:00:39","modified_gmt":"2025-01-01T00:00:39","slug":"doble-mirada-de-humberto-poidomani-impresion-digital","status":"publish","type":"product","link":"https:\/\/www.exceptional.art\/es\/tienda\/doble-mirada-de-humberto-poidomani-impresion-digital\/","title":{"rendered":"\"Doble Mirada\" de Humberto Poidomani - Impresi\u00f3n digital"},"content":{"rendered":"<p><img fetchpriority=\"high\" decoding=\"async\" class=\"alignnone size-medium wp-image-13381\" src=\"https:\/\/www.exceptional.art\/wp-content\/uploads\/2024\/11\/Doble-Mirada-235x300.jpg\" alt=\"Doble-Mirada Impresi\u00f3n Digital\" width=\"235\" height=\"300\" srcset=\"https:\/\/www.exceptional.art\/wp-content\/uploads\/2024\/11\/Doble-Mirada-235x300.jpg 235w, https:\/\/www.exceptional.art\/wp-content\/uploads\/2024\/11\/Doble-Mirada-804x1024.jpg 804w, https:\/\/www.exceptional.art\/wp-content\/uploads\/2024\/11\/Doble-Mirada-768x978.jpg 768w, https:\/\/www.exceptional.art\/wp-content\/uploads\/2024\/11\/Doble-Mirada-1206x1536.jpg 1206w, https:\/\/www.exceptional.art\/wp-content\/uploads\/2024\/11\/Doble-Mirada-1608x2048.jpg 1608w, https:\/\/www.exceptional.art\/wp-content\/uploads\/2024\/11\/Doble-Mirada-9x12.jpg 9w, https:\/\/www.exceptional.art\/wp-content\/uploads\/2024\/11\/Doble-Mirada-500x637.jpg 500w, https:\/\/www.exceptional.art\/wp-content\/uploads\/2024\/11\/Doble-Mirada.jpg 1920w\" sizes=\"(max-width: 235px) 100vw, 235px\" \/><\/p>\n<p>Este lienzo es de alta calidad <strong>reproducci\u00f3n digital<\/strong>que capta fielmente la esencia de la obra de arte original. A diferencia del original, presenta un acabado mate sin el revestimiento de resina epoxi, que puedes ver en el original aqu\u00ed.<\/p>\n<p>Esta pieza mantiene un notable nivel de detalle y viveza gracias a las avanzadas t\u00e9cnicas de impresi\u00f3n digital. Para m\u00e1s informaci\u00f3n, consulte nuestras preguntas frecuentes sobre reproducci\u00f3n digital.<\/p>","protected":false},"excerpt":{"rendered":"<p><strong>\"Doble Mirado\" de Humberto Poidomani - Impresi\u00f3n digital<\/strong><\/p>\n<p>Este lienzo es de alta calidad <strong>reproducci\u00f3n digital<\/strong>que capta fielmente la esencia de la obra de arte original. A diferencia del original, presenta un acabado mate sin el revestimiento de resina epoxi, que puedes ver en el original aqu\u00ed.<\/p>\n<p>Esta pieza mantiene un notable nivel de detalle y viveza gracias a las avanzadas t\u00e9cnicas de impresi\u00f3n digital. Para m\u00e1s informaci\u00f3n, consulte nuestras preguntas frecuentes sobre reproducci\u00f3n digital.<\/p>\n<p>&nbsp;<\/p>","protected":false},"featured_media":13381,"comment_status":"open","ping_status":"closed","template":"","meta":{"_acf_changed":false,"site-sidebar-layout":"default","site-content-layout":"","ast-site-content-layout":"default","site-content-style":"default","site-sidebar-style":"default","ast-global-header-display":"","ast-banner-title-visibility":"","ast-main-header-display":"","ast-hfb-above-header-display":"","ast-hfb-below-header-display":"","ast-hfb-mobile-header-display":"","site-post-title":"","ast-breadcrumbs-content":"","ast-featured-img":"","footer-sml-layout":"","theme-transparent-header-meta":"default","adv-header-id-meta":"","stick-header-meta":"default","header-above-stick-meta":"","header-main-stick-meta":"","header-below-stick-meta":"","astra-migrate-meta-layouts":"set","ast-page-background-enabled":"default","ast-page-background-meta":{"desktop":{"background-color":"","background-image":"","background-repeat":"repeat","background-position":"center center","background-size":"auto","background-attachment":"scroll","background-type":"","background-media":"","overlay-type":"","overlay-color":"","overlay-opacity":"","overlay-gradient":""},"tablet":{"background-color":"","background-image":"","background-repeat":"repeat","background-position":"center center","background-size":"auto","background-attachment":"scroll","background-type":"","background-media":"","overlay-type":"","overlay-color":"","overlay-opacity":"","overlay-gradient":""},"mobile":{"background-color":"","background-image":"","background-repeat":"repeat","background-position":"center center","background-size":"auto","background-attachment":"scroll","background-type":"","background-media":"","overlay-type":"","overlay-color":"","overlay-opacity":"","overlay-gradient":""}},"ast-content-background-meta":{"desktop":{"background-color":"var(--ast-global-color-5)","background-image":"","background-repeat":"repeat","background-position":"center center","background-size":"auto","background-attachment":"scroll","background-type":"","background-media":"","overlay-type":"","overlay-color":"","overlay-opacity":"","overlay-gradient":""},"tablet":{"background-color":"var(--ast-global-color-5)","background-image":"","background-repeat":"repeat","background-position":"center center","background-size":"auto","background-attachment":"scroll","background-type":"","background-media":"","overlay-type":"","overlay-color":"","overlay-opacity":"","overlay-gradient":""},"mobile":{"background-color":"var(--ast-global-color-5)","background-image":"","background-repeat":"repeat","background-position":"center center","background-size":"auto","background-attachment":"scroll","background-type":"","background-media":"","overlay-type":"","overlay-color":"","overlay-opacity":"","overlay-gradient":""}}},"art-created-date":[189],"product_brand":[],"product_cat":[205,206],"product_tag":[207],"class_list":{"0":"post-13380","1":"product","2":"type-product","3":"status-publish","4":"has-post-thumbnail","6":"art-created-date-189","7":"product_cat-digital-art-reproduction","8":"product_cat-digital-print-on-canvas","9":"product_tag-digital-print","10":"desktop-align-left","11":"tablet-align-left","12":"mobile-align-left","13":"ast-product-gallery-layout-horizontal-slider","14":"ast-product-tabs-layout-horizontal","15":"ast-qv-on-image","17":"first","18":"instock","19":"taxable","20":"shipping-taxable","21":"purchasable","22":"product-type-simple"},"acf":[],"yoast_head":"<!-- This site is optimized with the Yoast SEO Premium plugin v24.1 (Yoast SEO v25.4) - https:\/\/yoast.com\/wordpress\/plugins\/seo\/ -->\n<title>&quot;Doble Mirada&quot; by Humberto Poidomani - Digital Print - Humberto Poidomani Art - Decades of Sculptural and Paintings Mastery<\/title>\n<meta name=\"robots\" content=\"index, follow, max-snippet:-1, max-image-preview:large, max-video-preview:-1\" \/>\n<link rel=\"canonical\" href=\"https:\/\/www.exceptional.art\/es\/tienda\/doble-mirada-de-humberto-poidomani-impresion-digital\/\" \/>\n<meta property=\"og:locale\" content=\"es_ES\" \/>\n<meta property=\"og:type\" content=\"article\" \/>\n<meta property=\"og:title\" content=\"&quot;Doble Mirada&quot; by Humberto Poidomani - Digital Print\" \/>\n<meta property=\"og:description\" content=\"&quot;Doble Mirado&quot; by Humberto Poidomani - Digital Print  This canvas print is a high-quality digital reproduction, faithfully capturing the essence of the original artwork. Unlike the original, it features a matte finish without the epoxy resin coating, which you can view on the original here.  This piece maintains remarkable detail and vibrancy using advanced digital printing techniques. For more information, please refer to our Digital Reproduction FAQ.  &nbsp;\" \/>\n<meta property=\"og:url\" content=\"https:\/\/www.exceptional.art\/es\/tienda\/doble-mirada-de-humberto-poidomani-impresion-digital\/\" \/>\n<meta property=\"og:site_name\" content=\"Humberto Poidomani Art - Decades of Sculptural and Paintings Mastery\" \/>\n<meta property=\"article:modified_time\" content=\"2025-01-01T00:00:39+00:00\" \/>\n<meta property=\"og:image\" content=\"https:\/\/www.exceptional.art\/wp-content\/uploads\/2024\/11\/Doble-Mirada.jpg\" \/>\n\t<meta property=\"og:image:width\" content=\"1920\" \/>\n\t<meta property=\"og:image:height\" content=\"2446\" \/>\n\t<meta property=\"og:image:type\" content=\"image\/jpeg\" \/>\n<meta name=\"twitter:card\" content=\"summary_large_image\" \/>\n<meta name=\"twitter:label1\" content=\"Tiempo de lectura\" \/>\n\t<meta name=\"twitter:data1\" content=\"1 minuto\" \/>\n<script type=\"application\/ld+json\" class=\"yoast-schema-graph\">{\"@context\":\"https:\/\/schema.org\",\"@graph\":[{\"@type\":\"WebPage\",\"@id\":\"https:\/\/www.exceptional.art\/shop\/doble-mirada-by-humberto-poidomani-digital-print\/\",\"url\":\"https:\/\/www.exceptional.art\/shop\/doble-mirada-by-humberto-poidomani-digital-print\/\",\"name\":\"\\\"Doble Mirada\\\" by Humberto Poidomani - Digital Print - Humberto Poidomani Art - Decades of Sculptural and Paintings Mastery\",\"isPartOf\":{\"@id\":\"https:\/\/www.exceptional.art\/#website\"},\"primaryImageOfPage\":{\"@id\":\"https:\/\/www.exceptional.art\/shop\/doble-mirada-by-humberto-poidomani-digital-print\/#primaryimage\"},\"image\":{\"@id\":\"https:\/\/www.exceptional.art\/shop\/doble-mirada-by-humberto-poidomani-digital-print\/#primaryimage\"},\"thumbnailUrl\":\"https:\/\/www.exceptional.art\/wp-content\/uploads\/2024\/11\/Doble-Mirada.jpg\",\"datePublished\":\"2024-11-25T20:25:18+00:00\",\"dateModified\":\"2025-01-01T00:00:39+00:00\",\"breadcrumb\":{\"@id\":\"https:\/\/www.exceptional.art\/shop\/doble-mirada-by-humberto-poidomani-digital-print\/#breadcrumb\"},\"inLanguage\":\"es-AR\",\"potentialAction\":[{\"@type\":\"ReadAction\",\"target\":[\"https:\/\/www.exceptional.art\/shop\/doble-mirada-by-humberto-poidomani-digital-print\/\"]}]},{\"@type\":\"ImageObject\",\"inLanguage\":\"es-AR\",\"@id\":\"https:\/\/www.exceptional.art\/shop\/doble-mirada-by-humberto-poidomani-digital-print\/#primaryimage\",\"url\":\"https:\/\/www.exceptional.art\/wp-content\/uploads\/2024\/11\/Doble-Mirada.jpg\",\"contentUrl\":\"https:\/\/www.exceptional.art\/wp-content\/uploads\/2024\/11\/Doble-Mirada.jpg\",\"width\":1920,\"height\":2446,\"caption\":\"Doble-Mirada Digital Print\"},{\"@type\":\"BreadcrumbList\",\"@id\":\"https:\/\/www.exceptional.art\/shop\/doble-mirada-by-humberto-poidomani-digital-print\/#breadcrumb\",\"itemListElement\":[{\"@type\":\"ListItem\",\"position\":1,\"name\":\"Home\",\"item\":\"https:\/\/www.exceptional.art\/\"},{\"@type\":\"ListItem\",\"position\":2,\"name\":\"Shop\",\"item\":\"https:\/\/www.exceptional.art\/shop\/\"},{\"@type\":\"ListItem\",\"position\":3,\"name\":\"&#8220;Doble Mirada&#8221; by Humberto Poidomani &#8211; Digital Print\"}]},{\"@type\":\"WebSite\",\"@id\":\"https:\/\/www.exceptional.art\/#website\",\"url\":\"https:\/\/www.exceptional.art\/\",\"name\":\"Humberto Poidomani Art - Decades of Sculptural and Paintings Mastery\",\"description\":\"An Artist&#039;s Journey Through Textures, Colors, and Societal Commentary\",\"publisher\":{\"@id\":\"https:\/\/www.exceptional.art\/#organization\"},\"potentialAction\":[{\"@type\":\"SearchAction\",\"target\":{\"@type\":\"EntryPoint\",\"urlTemplate\":\"https:\/\/www.exceptional.art\/?s={search_term_string}\"},\"query-input\":{\"@type\":\"PropertyValueSpecification\",\"valueRequired\":true,\"valueName\":\"search_term_string\"}}],\"inLanguage\":\"es-AR\"},{\"@type\":\"Organization\",\"@id\":\"https:\/\/www.exceptional.art\/#organization\",\"name\":\"Humberto Poidomani Art - Decades of Sculptural and Paintings Mastery\",\"alternateName\":\"Humberto Poidomani Art\",\"url\":\"https:\/\/www.exceptional.art\/\",\"logo\":{\"@type\":\"ImageObject\",\"inLanguage\":\"es-AR\",\"@id\":\"https:\/\/www.exceptional.art\/#\/schema\/logo\/image\/\",\"url\":\"https:\/\/www.exceptional.art\/wp-content\/uploads\/2024\/02\/cropped-Humberto-Poidomani-Signature-2-letters-red.webp\",\"contentUrl\":\"https:\/\/www.exceptional.art\/wp-content\/uploads\/2024\/02\/cropped-Humberto-Poidomani-Signature-2-letters-red.webp\",\"width\":511,\"height\":97,\"caption\":\"Humberto Poidomani Art - Decades of Sculptural and Paintings Mastery\"},\"image\":{\"@id\":\"https:\/\/www.exceptional.art\/#\/schema\/logo\/image\/\"},\"description\":\"Online Art Gallery\",\"email\":\"info@exceptional.art\",\"telephone\":\"\u202a(802) 234-8278\u202c\",\"legalName\":\"Exceptional Art\",\"foundingDate\":\"2024-06-16\",\"numberOfEmployees\":{\"@type\":\"QuantitativeValue\",\"minValue\":\"1\",\"maxValue\":\"10\"}}]}<\/script>\n<!-- \/ Yoast SEO Premium plugin. -->","yoast_head_json":{"title":"\"Doble Mirada\" by Humberto Poidomani - Digital Print - Humberto Poidomani Art - Decades of Sculptural and Paintings Mastery","robots":{"index":"index","follow":"follow","max-snippet":"max-snippet:-1","max-image-preview":"max-image-preview:large","max-video-preview":"max-video-preview:-1"},"canonical":"https:\/\/www.exceptional.art\/es\/tienda\/doble-mirada-de-humberto-poidomani-impresion-digital\/","og_locale":"es_ES","og_type":"article","og_title":"\"Doble Mirada\" by Humberto Poidomani - Digital Print","og_description":"\"Doble Mirado\" by Humberto Poidomani - Digital Print  This canvas print is a high-quality digital reproduction, faithfully capturing the essence of the original artwork. Unlike the original, it features a matte finish without the epoxy resin coating, which you can view on the original here.  This piece maintains remarkable detail and vibrancy using advanced digital printing techniques. For more information, please refer to our Digital Reproduction FAQ.  &nbsp;","og_url":"https:\/\/www.exceptional.art\/es\/tienda\/doble-mirada-de-humberto-poidomani-impresion-digital\/","og_site_name":"Humberto Poidomani Art - Decades of Sculptural and Paintings Mastery","article_modified_time":"2025-01-01T00:00:39+00:00","og_image":[{"width":1920,"height":2446,"url":"https:\/\/www.exceptional.art\/wp-content\/uploads\/2024\/11\/Doble-Mirada.jpg","type":"image\/jpeg"}],"twitter_card":"summary_large_image","twitter_misc":{"Tiempo de lectura":"1 minuto"},"schema":{"@context":"https:\/\/schema.org","@graph":[{"@type":"WebPage","@id":"https:\/\/www.exceptional.art\/shop\/doble-mirada-by-humberto-poidomani-digital-print\/","url":"https:\/\/www.exceptional.art\/shop\/doble-mirada-by-humberto-poidomani-digital-print\/","name":"\"Doble Mirada\" by Humberto Poidomani - Digital Print - Humberto Poidomani Art - Decades of Sculptural and Paintings Mastery","isPartOf":{"@id":"https:\/\/www.exceptional.art\/#website"},"primaryImageOfPage":{"@id":"https:\/\/www.exceptional.art\/shop\/doble-mirada-by-humberto-poidomani-digital-print\/#primaryimage"},"image":{"@id":"https:\/\/www.exceptional.art\/shop\/doble-mirada-by-humberto-poidomani-digital-print\/#primaryimage"},"thumbnailUrl":"https:\/\/www.exceptional.art\/wp-content\/uploads\/2024\/11\/Doble-Mirada.jpg","datePublished":"2024-11-25T20:25:18+00:00","dateModified":"2025-01-01T00:00:39+00:00","breadcrumb":{"@id":"https:\/\/www.exceptional.art\/shop\/doble-mirada-by-humberto-poidomani-digital-print\/#breadcrumb"},"inLanguage":"es-AR","potentialAction":[{"@type":"ReadAction","target":["https:\/\/www.exceptional.art\/shop\/doble-mirada-by-humberto-poidomani-digital-print\/"]}]},{"@type":"ImageObject","inLanguage":"es-AR","@id":"https:\/\/www.exceptional.art\/shop\/doble-mirada-by-humberto-poidomani-digital-print\/#primaryimage","url":"https:\/\/www.exceptional.art\/wp-content\/uploads\/2024\/11\/Doble-Mirada.jpg","contentUrl":"https:\/\/www.exceptional.art\/wp-content\/uploads\/2024\/11\/Doble-Mirada.jpg","width":1920,"height":2446,"caption":"Doble-Mirada Digital Print"},{"@type":"BreadcrumbList","@id":"https:\/\/www.exceptional.art\/shop\/doble-mirada-by-humberto-poidomani-digital-print\/#breadcrumb","itemListElement":[{"@type":"ListItem","position":1,"name":"Home","item":"https:\/\/www.exceptional.art\/"},{"@type":"ListItem","position":2,"name":"Shop","item":"https:\/\/www.exceptional.art\/shop\/"},{"@type":"ListItem","position":3,"name":"&#8220;Doble Mirada&#8221; by Humberto Poidomani &#8211; Digital Print"}]},{"@type":"WebSite","@id":"https:\/\/www.exceptional.art\/#website","url":"https:\/\/www.exceptional.art\/","name":"Humberto Poidomani Art - Decades of Sculptural and Paintings Mastery","description":"An Artist&#039;s Journey Through Textures, Colors, and Societal Commentary","publisher":{"@id":"https:\/\/www.exceptional.art\/#organization"},"potentialAction":[{"@type":"SearchAction","target":{"@type":"EntryPoint","urlTemplate":"https:\/\/www.exceptional.art\/?s={search_term_string}"},"query-input":{"@type":"PropertyValueSpecification","valueRequired":true,"valueName":"search_term_string"}}],"inLanguage":"es-AR"},{"@type":"Organization","@id":"https:\/\/www.exceptional.art\/#organization","name":"Humberto Poidomani Art - Decades of Sculptural and Paintings Mastery","alternateName":"Humberto Poidomani Art","url":"https:\/\/www.exceptional.art\/","logo":{"@type":"ImageObject","inLanguage":"es-AR","@id":"https:\/\/www.exceptional.art\/#\/schema\/logo\/image\/","url":"https:\/\/www.exceptional.art\/wp-content\/uploads\/2024\/02\/cropped-Humberto-Poidomani-Signature-2-letters-red.webp","contentUrl":"https:\/\/www.exceptional.art\/wp-content\/uploads\/2024\/02\/cropped-Humberto-Poidomani-Signature-2-letters-red.webp","width":511,"height":97,"caption":"Humberto Poidomani Art - Decades of Sculptural and Paintings Mastery"},"image":{"@id":"https:\/\/www.exceptional.art\/#\/schema\/logo\/image\/"},"description":"Online Art Gallery","email":"info@exceptional.art","telephone":"\u202a(802) 234-8278\u202c","legalName":"Exceptional Art","foundingDate":"2024-06-16","numberOfEmployees":{"@type":"QuantitativeValue","minValue":"1","maxValue":"10"}}]}},"_links":{"self":[{"href":"https:\/\/www.exceptional.art\/es\/wp-json\/wp\/v2\/product\/13380","targetHints":{"allow":["GET"]}}],"collection":[{"href":"https:\/\/www.exceptional.art\/es\/wp-json\/wp\/v2\/product"}],"about":[{"href":"https:\/\/www.exceptional.art\/es\/wp-json\/wp\/v2\/types\/product"}],"replies":[{"embeddable":true,"href":"https:\/\/www.exceptional.art\/es\/wp-json\/wp\/v2\/comments?post=13380"}],"wp:featuredmedia":[{"embeddable":true,"href":"https:\/\/www.exceptional.art\/es\/wp-json\/wp\/v2\/media\/13381"}],"wp:attachment":[{"href":"https:\/\/www.exceptional.art\/es\/wp-json\/wp\/v2\/media?parent=13380"}],"wp:term":[{"taxonomy":"art-created-date","embeddable":true,"href":"https:\/\/www.exceptional.art\/es\/wp-json\/wp\/v2\/art-created-date?post=13380"},{"taxonomy":"product_brand","embeddable":true,"href":"https:\/\/www.exceptional.art\/es\/wp-json\/wp\/v2\/product_brand?post=13380"},{"taxonomy":"product_cat","embeddable":true,"href":"https:\/\/www.exceptional.art\/es\/wp-json\/wp\/v2\/product_cat?post=13380"},{"taxonomy":"product_tag","embeddable":true,"href":"https:\/\/www.exceptional.art\/es\/wp-json\/wp\/v2\/product_tag?post=13380"}],"curies":[{"name":"wp","href":"https:\/\/api.w.org\/{rel}","templated":true}]}}