{"id":10760,"date":"2024-07-03T16:15:40","date_gmt":"2024-07-03T16:15:40","guid":{"rendered":"https:\/\/www.exceptional.art\/?post_type=product&#038;p=10760"},"modified":"2024-11-16T21:12:01","modified_gmt":"2024-11-16T21:12:01","slug":"funghis-xiii-de-humberto-poidomani","status":"publish","type":"product","link":"https:\/\/www.exceptional.art\/es\/tienda\/funghis-xiii-de-humberto-poidomani\/","title":{"rendered":"Funghis XIII de Humberto Poidomani - T\u00e9cnica mixta"},"content":{"rendered":"<figure id=\"attachment_10759\" aria-describedby=\"caption-attachment-10759\" style=\"width: 219px\" class=\"wp-caption alignnone\"><img fetchpriority=\"high\" decoding=\"async\" class=\"size-medium wp-image-10759\" src=\"https:\/\/www.exceptional.art\/wp-content\/uploads\/2024\/07\/Funghis-XIII-v-LRES.1900-219x300.jpg\" alt=\"Obra en t\u00e9cnica mixta de Humberto Poidomani titulada &quot;Funghis XIII&quot;, acr\u00edlico sobre lienzo con revestimiento de resina.\" width=\"219\" height=\"300\" srcset=\"https:\/\/www.exceptional.art\/wp-content\/uploads\/2024\/07\/Funghis-XIII-v-LRES.1900-219x300.jpg 219w, https:\/\/www.exceptional.art\/wp-content\/uploads\/2024\/07\/Funghis-XIII-v-LRES.1900-746x1024.jpg 746w, https:\/\/www.exceptional.art\/wp-content\/uploads\/2024\/07\/Funghis-XIII-v-LRES.1900-768x1054.jpg 768w, https:\/\/www.exceptional.art\/wp-content\/uploads\/2024\/07\/Funghis-XIII-v-LRES.1900-1119x1536.jpg 1119w, https:\/\/www.exceptional.art\/wp-content\/uploads\/2024\/07\/Funghis-XIII-v-LRES.1900-1493x2048.jpg 1493w, https:\/\/www.exceptional.art\/wp-content\/uploads\/2024\/07\/Funghis-XIII-v-LRES.1900-9x12.jpg 9w, https:\/\/www.exceptional.art\/wp-content\/uploads\/2024\/07\/Funghis-XIII-v-LRES.1900-500x686.jpg 500w, https:\/\/www.exceptional.art\/wp-content\/uploads\/2024\/07\/Funghis-XIII-v-LRES.1900-scaled.jpg 1866w\" sizes=\"(max-width: 219px) 100vw, 219px\" \/><figcaption id=\"caption-attachment-10759\" class=\"wp-caption-text\">\"Funghis XIII\" de Humberto Poidomani - Acr\u00edlico sobre lienzo con revestimiento de resina.<\/figcaption><\/figure>","protected":false},"excerpt":{"rendered":"<p>\"Funghis XIII\" de Humberto Poidomani es una obra de t\u00e9cnica mixta con acr\u00edlico sobre lienzo recubierto de resina, conocida por sus texturas \u00fanicas y sus colores vibrantes.<\/p>","protected":false},"featured_media":10759,"comment_status":"open","ping_status":"closed","template":"","meta":{"_acf_changed":false,"site-sidebar-layout":"default","site-content-layout":"","ast-site-content-layout":"default","site-content-style":"default","site-sidebar-style":"default","ast-global-header-display":"","ast-banner-title-visibility":"","ast-main-header-display":"","ast-hfb-above-header-display":"","ast-hfb-below-header-display":"","ast-hfb-mobile-header-display":"","site-post-title":"","ast-breadcrumbs-content":"","ast-featured-img":"","footer-sml-layout":"","theme-transparent-header-meta":"default","adv-header-id-meta":"","stick-header-meta":"default","header-above-stick-meta":"","header-main-stick-meta":"","header-below-stick-meta":"","astra-migrate-meta-layouts":"set","ast-page-background-enabled":"default","ast-page-background-meta":{"desktop":{"background-color":"","background-image":"","background-repeat":"repeat","background-position":"center center","background-size":"auto","background-attachment":"scroll","background-type":"","background-media":"","overlay-type":"","overlay-color":"","overlay-opacity":"","overlay-gradient":""},"tablet":{"background-color":"","background-image":"","background-repeat":"repeat","background-position":"center center","background-size":"auto","background-attachment":"scroll","background-type":"","background-media":"","overlay-type":"","overlay-color":"","overlay-opacity":"","overlay-gradient":""},"mobile":{"background-color":"","background-image":"","background-repeat":"repeat","background-position":"center center","background-size":"auto","background-attachment":"scroll","background-type":"","background-media":"","overlay-type":"","overlay-color":"","overlay-opacity":"","overlay-gradient":""}},"ast-content-background-meta":{"desktop":{"background-color":"var(--ast-global-color-5)","background-image":"","background-repeat":"repeat","background-position":"center center","background-size":"auto","background-attachment":"scroll","background-type":"","background-media":"","overlay-type":"","overlay-color":"","overlay-opacity":"","overlay-gradient":""},"tablet":{"background-color":"var(--ast-global-color-5)","background-image":"","background-repeat":"repeat","background-position":"center center","background-size":"auto","background-attachment":"scroll","background-type":"","background-media":"","overlay-type":"","overlay-color":"","overlay-opacity":"","overlay-gradient":""},"mobile":{"background-color":"var(--ast-global-color-5)","background-image":"","background-repeat":"repeat","background-position":"center center","background-size":"auto","background-attachment":"scroll","background-type":"","background-media":"","overlay-type":"","overlay-color":"","overlay-opacity":"","overlay-gradient":""}}},"art-created-date":[189],"product_brand":[],"product_cat":[193],"product_tag":[],"class_list":{"0":"post-10760","1":"product","2":"type-product","3":"status-publish","4":"has-post-thumbnail","6":"art-created-date-189","7":"product_cat-acrylic-on-canvas-with-resin-coating-with-glitters","8":"desktop-align-left","9":"tablet-align-left","10":"mobile-align-left","11":"ast-product-gallery-layout-horizontal-slider","12":"ast-product-tabs-layout-horizontal","13":"ast-qv-on-image","15":"first","16":"instock","17":"featured","18":"taxable","19":"shipping-taxable","20":"purchasable","21":"product-type-simple"},"acf":[],"yoast_head":"<!-- This site is optimized with the Yoast SEO Premium plugin v24.1 (Yoast SEO v25.4) - https:\/\/yoast.com\/wordpress\/plugins\/seo\/ -->\n<title>Funghis XIII by Humberto Poidomani - Mixed Media Art - Humberto Poidomani Art - Decades of Sculptural and Paintings Mastery<\/title>\n<meta name=\"description\" content=\"Explore &quot;Funghis XIII&quot; by Humberto Poidomani, a mixed media artwork using acrylic on canvas with a resin coating, highlighting unique textures and forms.\" \/>\n<meta name=\"robots\" content=\"index, follow, max-snippet:-1, max-image-preview:large, max-video-preview:-1\" \/>\n<link rel=\"canonical\" href=\"https:\/\/www.exceptional.art\/es\/tienda\/funghis-xiii-de-humberto-poidomani\/\" \/>\n<meta property=\"og:locale\" content=\"es_ES\" \/>\n<meta property=\"og:type\" content=\"article\" \/>\n<meta property=\"og:title\" content=\"Funghis XIII by Humberto Poidomani - Mixed Media Art\" \/>\n<meta property=\"og:description\" content=\"Explore &quot;Funghis XIII&quot; by Humberto Poidomani, a mixed media artwork using acrylic on canvas with a resin coating, highlighting unique textures and forms.\" \/>\n<meta property=\"og:url\" content=\"https:\/\/www.exceptional.art\/es\/tienda\/funghis-xiii-de-humberto-poidomani\/\" \/>\n<meta property=\"og:site_name\" content=\"Humberto Poidomani Art - Decades of Sculptural and Paintings Mastery\" \/>\n<meta property=\"article:modified_time\" content=\"2024-11-16T21:12:01+00:00\" \/>\n<meta property=\"og:image\" content=\"https:\/\/www.exceptional.art\/wp-content\/uploads\/2024\/07\/Funghis-XIII-v-LRES.1900-scaled.jpg\" \/>\n\t<meta property=\"og:image:width\" content=\"1866\" \/>\n\t<meta property=\"og:image:height\" content=\"2560\" \/>\n\t<meta property=\"og:image:type\" content=\"image\/jpeg\" \/>\n<meta name=\"twitter:card\" content=\"summary_large_image\" \/>\n<meta name=\"twitter:label1\" content=\"Tiempo de lectura\" \/>\n\t<meta name=\"twitter:data1\" content=\"1 minuto\" \/>\n<script type=\"application\/ld+json\" class=\"yoast-schema-graph\">{\"@context\":\"https:\/\/schema.org\",\"@graph\":[{\"@type\":\"WebPage\",\"@id\":\"https:\/\/www.exceptional.art\/shop\/funghis-xiii-by-humberto-poidomani\/\",\"url\":\"https:\/\/www.exceptional.art\/shop\/funghis-xiii-by-humberto-poidomani\/\",\"name\":\"Funghis XIII by Humberto Poidomani - Mixed Media Art - Humberto Poidomani Art - Decades of Sculptural and Paintings Mastery\",\"isPartOf\":{\"@id\":\"https:\/\/www.exceptional.art\/#website\"},\"primaryImageOfPage\":{\"@id\":\"https:\/\/www.exceptional.art\/shop\/funghis-xiii-by-humberto-poidomani\/#primaryimage\"},\"image\":{\"@id\":\"https:\/\/www.exceptional.art\/shop\/funghis-xiii-by-humberto-poidomani\/#primaryimage\"},\"thumbnailUrl\":\"https:\/\/www.exceptional.art\/wp-content\/uploads\/2024\/07\/Funghis-XIII-v-LRES.1900-scaled.jpg\",\"datePublished\":\"2024-07-03T16:15:40+00:00\",\"dateModified\":\"2024-11-16T21:12:01+00:00\",\"description\":\"Explore \\\"Funghis XIII\\\" by Humberto Poidomani, a mixed media artwork using acrylic on canvas with a resin coating, highlighting unique textures and forms.\",\"breadcrumb\":{\"@id\":\"https:\/\/www.exceptional.art\/shop\/funghis-xiii-by-humberto-poidomani\/#breadcrumb\"},\"inLanguage\":\"es-AR\",\"potentialAction\":[{\"@type\":\"ReadAction\",\"target\":[\"https:\/\/www.exceptional.art\/shop\/funghis-xiii-by-humberto-poidomani\/\"]}]},{\"@type\":\"ImageObject\",\"inLanguage\":\"es-AR\",\"@id\":\"https:\/\/www.exceptional.art\/shop\/funghis-xiii-by-humberto-poidomani\/#primaryimage\",\"url\":\"https:\/\/www.exceptional.art\/wp-content\/uploads\/2024\/07\/Funghis-XIII-v-LRES.1900-scaled.jpg\",\"contentUrl\":\"https:\/\/www.exceptional.art\/wp-content\/uploads\/2024\/07\/Funghis-XIII-v-LRES.1900-scaled.jpg\",\"width\":1866,\"height\":2560,\"caption\":\"\\\"Funghis XIII\\\" by Humberto Poidomani - Acrylic on canvas with resin coating.\"},{\"@type\":\"BreadcrumbList\",\"@id\":\"https:\/\/www.exceptional.art\/shop\/funghis-xiii-by-humberto-poidomani\/#breadcrumb\",\"itemListElement\":[{\"@type\":\"ListItem\",\"position\":1,\"name\":\"Home\",\"item\":\"https:\/\/www.exceptional.art\/\"},{\"@type\":\"ListItem\",\"position\":2,\"name\":\"Shop\",\"item\":\"https:\/\/www.exceptional.art\/shop\/\"},{\"@type\":\"ListItem\",\"position\":3,\"name\":\"Funghis XIII by Humberto Poidomani &#8211; Mixed Media Art\"}]},{\"@type\":\"WebSite\",\"@id\":\"https:\/\/www.exceptional.art\/#website\",\"url\":\"https:\/\/www.exceptional.art\/\",\"name\":\"Humberto Poidomani Art - Decades of Sculptural and Paintings Mastery\",\"description\":\"An Artist&#039;s Journey Through Textures, Colors, and Societal Commentary\",\"publisher\":{\"@id\":\"https:\/\/www.exceptional.art\/#organization\"},\"potentialAction\":[{\"@type\":\"SearchAction\",\"target\":{\"@type\":\"EntryPoint\",\"urlTemplate\":\"https:\/\/www.exceptional.art\/?s={search_term_string}\"},\"query-input\":{\"@type\":\"PropertyValueSpecification\",\"valueRequired\":true,\"valueName\":\"search_term_string\"}}],\"inLanguage\":\"es-AR\"},{\"@type\":\"Organization\",\"@id\":\"https:\/\/www.exceptional.art\/#organization\",\"name\":\"Humberto Poidomani Art - Decades of Sculptural and Paintings Mastery\",\"alternateName\":\"Humberto Poidomani Art\",\"url\":\"https:\/\/www.exceptional.art\/\",\"logo\":{\"@type\":\"ImageObject\",\"inLanguage\":\"es-AR\",\"@id\":\"https:\/\/www.exceptional.art\/#\/schema\/logo\/image\/\",\"url\":\"https:\/\/www.exceptional.art\/wp-content\/uploads\/2024\/02\/cropped-Humberto-Poidomani-Signature-2-letters-red.webp\",\"contentUrl\":\"https:\/\/www.exceptional.art\/wp-content\/uploads\/2024\/02\/cropped-Humberto-Poidomani-Signature-2-letters-red.webp\",\"width\":511,\"height\":97,\"caption\":\"Humberto Poidomani Art - Decades of Sculptural and Paintings Mastery\"},\"image\":{\"@id\":\"https:\/\/www.exceptional.art\/#\/schema\/logo\/image\/\"},\"description\":\"Online Art Gallery\",\"email\":\"info@exceptional.art\",\"telephone\":\"\u202a(802) 234-8278\u202c\",\"legalName\":\"Exceptional Art\",\"foundingDate\":\"2024-06-16\",\"numberOfEmployees\":{\"@type\":\"QuantitativeValue\",\"minValue\":\"1\",\"maxValue\":\"10\"}}]}<\/script>\n<!-- \/ Yoast SEO Premium plugin. -->","yoast_head_json":{"title":"Funghis XIII by Humberto Poidomani - Mixed Media Art - Humberto Poidomani Art - Decades of Sculptural and Paintings Mastery","description":"Explore \"Funghis XIII\" by Humberto Poidomani, a mixed media artwork using acrylic on canvas with a resin coating, highlighting unique textures and forms.","robots":{"index":"index","follow":"follow","max-snippet":"max-snippet:-1","max-image-preview":"max-image-preview:large","max-video-preview":"max-video-preview:-1"},"canonical":"https:\/\/www.exceptional.art\/es\/tienda\/funghis-xiii-de-humberto-poidomani\/","og_locale":"es_ES","og_type":"article","og_title":"Funghis XIII by Humberto Poidomani - Mixed Media Art","og_description":"Explore \"Funghis XIII\" by Humberto Poidomani, a mixed media artwork using acrylic on canvas with a resin coating, highlighting unique textures and forms.","og_url":"https:\/\/www.exceptional.art\/es\/tienda\/funghis-xiii-de-humberto-poidomani\/","og_site_name":"Humberto Poidomani Art - Decades of Sculptural and Paintings Mastery","article_modified_time":"2024-11-16T21:12:01+00:00","og_image":[{"width":1866,"height":2560,"url":"https:\/\/www.exceptional.art\/wp-content\/uploads\/2024\/07\/Funghis-XIII-v-LRES.1900-scaled.jpg","type":"image\/jpeg"}],"twitter_card":"summary_large_image","twitter_misc":{"Tiempo de lectura":"1 minuto"},"schema":{"@context":"https:\/\/schema.org","@graph":[{"@type":"WebPage","@id":"https:\/\/www.exceptional.art\/shop\/funghis-xiii-by-humberto-poidomani\/","url":"https:\/\/www.exceptional.art\/shop\/funghis-xiii-by-humberto-poidomani\/","name":"Funghis XIII by Humberto Poidomani - Mixed Media Art - Humberto Poidomani Art - Decades of Sculptural and Paintings Mastery","isPartOf":{"@id":"https:\/\/www.exceptional.art\/#website"},"primaryImageOfPage":{"@id":"https:\/\/www.exceptional.art\/shop\/funghis-xiii-by-humberto-poidomani\/#primaryimage"},"image":{"@id":"https:\/\/www.exceptional.art\/shop\/funghis-xiii-by-humberto-poidomani\/#primaryimage"},"thumbnailUrl":"https:\/\/www.exceptional.art\/wp-content\/uploads\/2024\/07\/Funghis-XIII-v-LRES.1900-scaled.jpg","datePublished":"2024-07-03T16:15:40+00:00","dateModified":"2024-11-16T21:12:01+00:00","description":"Explore \"Funghis XIII\" by Humberto Poidomani, a mixed media artwork using acrylic on canvas with a resin coating, highlighting unique textures and forms.","breadcrumb":{"@id":"https:\/\/www.exceptional.art\/shop\/funghis-xiii-by-humberto-poidomani\/#breadcrumb"},"inLanguage":"es-AR","potentialAction":[{"@type":"ReadAction","target":["https:\/\/www.exceptional.art\/shop\/funghis-xiii-by-humberto-poidomani\/"]}]},{"@type":"ImageObject","inLanguage":"es-AR","@id":"https:\/\/www.exceptional.art\/shop\/funghis-xiii-by-humberto-poidomani\/#primaryimage","url":"https:\/\/www.exceptional.art\/wp-content\/uploads\/2024\/07\/Funghis-XIII-v-LRES.1900-scaled.jpg","contentUrl":"https:\/\/www.exceptional.art\/wp-content\/uploads\/2024\/07\/Funghis-XIII-v-LRES.1900-scaled.jpg","width":1866,"height":2560,"caption":"\"Funghis XIII\" by Humberto Poidomani - Acrylic on canvas with resin coating."},{"@type":"BreadcrumbList","@id":"https:\/\/www.exceptional.art\/shop\/funghis-xiii-by-humberto-poidomani\/#breadcrumb","itemListElement":[{"@type":"ListItem","position":1,"name":"Home","item":"https:\/\/www.exceptional.art\/"},{"@type":"ListItem","position":2,"name":"Shop","item":"https:\/\/www.exceptional.art\/shop\/"},{"@type":"ListItem","position":3,"name":"Funghis XIII by Humberto Poidomani &#8211; Mixed Media Art"}]},{"@type":"WebSite","@id":"https:\/\/www.exceptional.art\/#website","url":"https:\/\/www.exceptional.art\/","name":"Humberto Poidomani Art - Decades of Sculptural and Paintings Mastery","description":"An Artist&#039;s Journey Through Textures, Colors, and Societal Commentary","publisher":{"@id":"https:\/\/www.exceptional.art\/#organization"},"potentialAction":[{"@type":"SearchAction","target":{"@type":"EntryPoint","urlTemplate":"https:\/\/www.exceptional.art\/?s={search_term_string}"},"query-input":{"@type":"PropertyValueSpecification","valueRequired":true,"valueName":"search_term_string"}}],"inLanguage":"es-AR"},{"@type":"Organization","@id":"https:\/\/www.exceptional.art\/#organization","name":"Humberto Poidomani Art - Decades of Sculptural and Paintings Mastery","alternateName":"Humberto Poidomani Art","url":"https:\/\/www.exceptional.art\/","logo":{"@type":"ImageObject","inLanguage":"es-AR","@id":"https:\/\/www.exceptional.art\/#\/schema\/logo\/image\/","url":"https:\/\/www.exceptional.art\/wp-content\/uploads\/2024\/02\/cropped-Humberto-Poidomani-Signature-2-letters-red.webp","contentUrl":"https:\/\/www.exceptional.art\/wp-content\/uploads\/2024\/02\/cropped-Humberto-Poidomani-Signature-2-letters-red.webp","width":511,"height":97,"caption":"Humberto Poidomani Art - Decades of Sculptural and Paintings Mastery"},"image":{"@id":"https:\/\/www.exceptional.art\/#\/schema\/logo\/image\/"},"description":"Online Art Gallery","email":"info@exceptional.art","telephone":"\u202a(802) 234-8278\u202c","legalName":"Exceptional Art","foundingDate":"2024-06-16","numberOfEmployees":{"@type":"QuantitativeValue","minValue":"1","maxValue":"10"}}]}},"_links":{"self":[{"href":"https:\/\/www.exceptional.art\/es\/wp-json\/wp\/v2\/product\/10760","targetHints":{"allow":["GET"]}}],"collection":[{"href":"https:\/\/www.exceptional.art\/es\/wp-json\/wp\/v2\/product"}],"about":[{"href":"https:\/\/www.exceptional.art\/es\/wp-json\/wp\/v2\/types\/product"}],"replies":[{"embeddable":true,"href":"https:\/\/www.exceptional.art\/es\/wp-json\/wp\/v2\/comments?post=10760"}],"wp:featuredmedia":[{"embeddable":true,"href":"https:\/\/www.exceptional.art\/es\/wp-json\/wp\/v2\/media\/10759"}],"wp:attachment":[{"href":"https:\/\/www.exceptional.art\/es\/wp-json\/wp\/v2\/media?parent=10760"}],"wp:term":[{"taxonomy":"art-created-date","embeddable":true,"href":"https:\/\/www.exceptional.art\/es\/wp-json\/wp\/v2\/art-created-date?post=10760"},{"taxonomy":"product_brand","embeddable":true,"href":"https:\/\/www.exceptional.art\/es\/wp-json\/wp\/v2\/product_brand?post=10760"},{"taxonomy":"product_cat","embeddable":true,"href":"https:\/\/www.exceptional.art\/es\/wp-json\/wp\/v2\/product_cat?post=10760"},{"taxonomy":"product_tag","embeddable":true,"href":"https:\/\/www.exceptional.art\/es\/wp-json\/wp\/v2\/product_tag?post=10760"}],"curies":[{"name":"wp","href":"https:\/\/api.w.org\/{rel}","templated":true}]}}