{"id":10756,"date":"2024-07-03T15:52:51","date_gmt":"2024-07-03T15:52:51","guid":{"rendered":"https:\/\/www.exceptional.art\/?post_type=product&#038;p=10756"},"modified":"2024-11-16T22:45:46","modified_gmt":"2024-11-16T22:45:46","slug":"incertidumbre-de-humberto-poidomani","status":"publish","type":"product","link":"https:\/\/www.exceptional.art\/es\/tienda\/incertidumbre-de-humberto-poidomani\/","title":{"rendered":"Incertidumbre by Humberto Poidomani - Mixed Media Art"},"content":{"rendered":"<figure id=\"attachment_10755\" aria-describedby=\"caption-attachment-10755\" style=\"width: 300px\" class=\"wp-caption alignnone\"><img fetchpriority=\"high\" decoding=\"async\" class=\"size-medium wp-image-10755\" src=\"https:\/\/www.exceptional.art\/wp-content\/uploads\/2024\/07\/Incertidumbre-L.RES_.ORG_-300x277.jpg\" alt=\"Obra en t\u00e9cnica mixta de Humberto Poidomani titulada &quot;Incertidumbre&quot;, acr\u00edlico sobre lienzo con revestimiento de resina.\" width=\"300\" height=\"277\" srcset=\"https:\/\/www.exceptional.art\/wp-content\/uploads\/2024\/07\/Incertidumbre-L.RES_.ORG_-300x277.jpg 300w, https:\/\/www.exceptional.art\/wp-content\/uploads\/2024\/07\/Incertidumbre-L.RES_.ORG_-1024x944.jpg 1024w, https:\/\/www.exceptional.art\/wp-content\/uploads\/2024\/07\/Incertidumbre-L.RES_.ORG_-768x708.jpg 768w, https:\/\/www.exceptional.art\/wp-content\/uploads\/2024\/07\/Incertidumbre-L.RES_.ORG_-1536x1416.jpg 1536w, https:\/\/www.exceptional.art\/wp-content\/uploads\/2024\/07\/Incertidumbre-L.RES_.ORG_-13x12.jpg 13w, https:\/\/www.exceptional.art\/wp-content\/uploads\/2024\/07\/Incertidumbre-L.RES_.ORG_-500x461.jpg 500w, https:\/\/www.exceptional.art\/wp-content\/uploads\/2024\/07\/Incertidumbre-L.RES_.ORG_.jpg 1920w\" sizes=\"(max-width: 300px) 100vw, 300px\" \/><figcaption id=\"caption-attachment-10755\" class=\"wp-caption-text\">\"Incertidumbre\" de Humberto Poidomani - Acr\u00edlico sobre lienzo con revestimiento de resina.<\/figcaption><\/figure>","protected":false},"excerpt":{"rendered":"<p>\"Incertidumbre\" de Humberto Poidomani.<\/p>\n<p>Esta exclusiva pieza de t\u00e9cnica mixta est\u00e1 realizada con acr\u00edlico sobre lienzo y recubierta de resina caracter\u00edstica que le confiere una textura vibrante y una profundidad \u00fanicas. Se trata de una obra \u00fanica, ideal para coleccionistas o aficionados al arte.<\/p>\n<p><strong><em>Tambi\u00e9n hay disponible una versi\u00f3n m\u00e1s asequible de alta reproducci\u00f3n digital, con un precio de $439<\/em><\/strong>. Recoge fielmente<span style=\"font-size: 16px;\"> la esencia de la obra de arte original. A diferencia del original, presenta un acabado mate sin el revestimiento de resina epoxi, que puedes ver <\/span><a style=\"font-size: 16px; background-color: #ffffff;\" href=\"https:\/\/www.exceptional.art\/es\/tienda\/incertidumbre-by-humberto-poidomani-digital-art\/\" target=\"_blank\" rel=\"noopener\">aqu\u00ed<\/a><span style=\"font-size: 16px;\">.<\/span><\/p>","protected":false},"featured_media":10755,"comment_status":"open","ping_status":"closed","template":"","meta":{"_acf_changed":false,"site-sidebar-layout":"default","site-content-layout":"","ast-site-content-layout":"default","site-content-style":"default","site-sidebar-style":"default","ast-global-header-display":"","ast-banner-title-visibility":"","ast-main-header-display":"","ast-hfb-above-header-display":"","ast-hfb-below-header-display":"","ast-hfb-mobile-header-display":"","site-post-title":"","ast-breadcrumbs-content":"","ast-featured-img":"","footer-sml-layout":"","theme-transparent-header-meta":"default","adv-header-id-meta":"","stick-header-meta":"default","header-above-stick-meta":"","header-main-stick-meta":"","header-below-stick-meta":"","astra-migrate-meta-layouts":"set","ast-page-background-enabled":"default","ast-page-background-meta":{"desktop":{"background-color":"","background-image":"","background-repeat":"repeat","background-position":"center center","background-size":"auto","background-attachment":"scroll","background-type":"","background-media":"","overlay-type":"","overlay-color":"","overlay-opacity":"","overlay-gradient":""},"tablet":{"background-color":"","background-image":"","background-repeat":"repeat","background-position":"center center","background-size":"auto","background-attachment":"scroll","background-type":"","background-media":"","overlay-type":"","overlay-color":"","overlay-opacity":"","overlay-gradient":""},"mobile":{"background-color":"","background-image":"","background-repeat":"repeat","background-position":"center center","background-size":"auto","background-attachment":"scroll","background-type":"","background-media":"","overlay-type":"","overlay-color":"","overlay-opacity":"","overlay-gradient":""}},"ast-content-background-meta":{"desktop":{"background-color":"var(--ast-global-color-5)","background-image":"","background-repeat":"repeat","background-position":"center center","background-size":"auto","background-attachment":"scroll","background-type":"","background-media":"","overlay-type":"","overlay-color":"","overlay-opacity":"","overlay-gradient":""},"tablet":{"background-color":"var(--ast-global-color-5)","background-image":"","background-repeat":"repeat","background-position":"center center","background-size":"auto","background-attachment":"scroll","background-type":"","background-media":"","overlay-type":"","overlay-color":"","overlay-opacity":"","overlay-gradient":""},"mobile":{"background-color":"var(--ast-global-color-5)","background-image":"","background-repeat":"repeat","background-position":"center center","background-size":"auto","background-attachment":"scroll","background-type":"","background-media":"","overlay-type":"","overlay-color":"","overlay-opacity":"","overlay-gradient":""}}},"art-created-date":[189],"product_brand":[],"product_cat":[192],"product_tag":[],"class_list":{"0":"post-10756","1":"product","2":"type-product","3":"status-publish","4":"has-post-thumbnail","6":"art-created-date-189","7":"product_cat-acrylic-on-canvas-with-resin-coating","8":"desktop-align-left","9":"tablet-align-left","10":"mobile-align-left","11":"ast-product-gallery-layout-horizontal-slider","12":"ast-product-tabs-layout-horizontal","13":"ast-qv-on-image","15":"first","16":"instock","17":"featured","18":"taxable","19":"shipping-taxable","20":"purchasable","21":"product-type-simple"},"acf":[],"yoast_head":"<!-- This site is optimized with the Yoast SEO Premium plugin v24.1 (Yoast SEO v25.4) - https:\/\/yoast.com\/wordpress\/plugins\/seo\/ -->\n<title>Incertidumbre&quot; by Humberto Poidomani<\/title>\n<meta name=\"description\" content=\"Explore &quot;Incertidumbre&quot; by Humberto Poidomani, a mixed media artwork using acrylic on canvas with a resin coating, highlighting unique textures and forms.\" \/>\n<meta name=\"robots\" content=\"index, follow, max-snippet:-1, max-image-preview:large, max-video-preview:-1\" \/>\n<link rel=\"canonical\" href=\"https:\/\/www.exceptional.art\/es\/tienda\/incertidumbre-de-humberto-poidomani\/\" \/>\n<meta property=\"og:locale\" content=\"es_ES\" \/>\n<meta property=\"og:type\" content=\"article\" \/>\n<meta property=\"og:title\" content=\"Incertidumbre by Humberto Poidomani - Mixed Media Art\" \/>\n<meta property=\"og:description\" content=\"Explore &quot;Incertidumbre&quot; by Humberto Poidomani, a mixed media artwork using acrylic on canvas with a resin coating, highlighting unique textures and forms.\" \/>\n<meta property=\"og:url\" content=\"https:\/\/www.exceptional.art\/es\/tienda\/incertidumbre-de-humberto-poidomani\/\" \/>\n<meta property=\"og:site_name\" content=\"Humberto Poidomani Art - Decades of Sculptural and Paintings Mastery\" \/>\n<meta property=\"article:modified_time\" content=\"2024-11-16T22:45:46+00:00\" \/>\n<meta property=\"og:image\" content=\"https:\/\/www.exceptional.art\/wp-content\/uploads\/2024\/07\/Incertidumbre-L.RES_.ORG_.jpg\" \/>\n\t<meta property=\"og:image:width\" content=\"1920\" \/>\n\t<meta property=\"og:image:height\" content=\"1770\" \/>\n\t<meta property=\"og:image:type\" content=\"image\/jpeg\" \/>\n<meta name=\"twitter:card\" content=\"summary_large_image\" \/>\n<meta name=\"twitter:label1\" content=\"Tiempo de lectura\" \/>\n\t<meta name=\"twitter:data1\" content=\"1 minuto\" \/>\n<script type=\"application\/ld+json\" class=\"yoast-schema-graph\">{\"@context\":\"https:\/\/schema.org\",\"@graph\":[{\"@type\":\"WebPage\",\"@id\":\"https:\/\/www.exceptional.art\/shop\/incertidumbre-by-humberto-poidomani\/\",\"url\":\"https:\/\/www.exceptional.art\/shop\/incertidumbre-by-humberto-poidomani\/\",\"name\":\"Incertidumbre\\\" by Humberto Poidomani\",\"isPartOf\":{\"@id\":\"https:\/\/www.exceptional.art\/#website\"},\"primaryImageOfPage\":{\"@id\":\"https:\/\/www.exceptional.art\/shop\/incertidumbre-by-humberto-poidomani\/#primaryimage\"},\"image\":{\"@id\":\"https:\/\/www.exceptional.art\/shop\/incertidumbre-by-humberto-poidomani\/#primaryimage\"},\"thumbnailUrl\":\"https:\/\/www.exceptional.art\/wp-content\/uploads\/2024\/07\/Incertidumbre-L.RES_.ORG_.jpg\",\"datePublished\":\"2024-07-03T15:52:51+00:00\",\"dateModified\":\"2024-11-16T22:45:46+00:00\",\"description\":\"Explore \\\"Incertidumbre\\\" by Humberto Poidomani, a mixed media artwork using acrylic on canvas with a resin coating, highlighting unique textures and forms.\",\"breadcrumb\":{\"@id\":\"https:\/\/www.exceptional.art\/shop\/incertidumbre-by-humberto-poidomani\/#breadcrumb\"},\"inLanguage\":\"es-AR\",\"potentialAction\":[{\"@type\":\"ReadAction\",\"target\":[\"https:\/\/www.exceptional.art\/shop\/incertidumbre-by-humberto-poidomani\/\"]}]},{\"@type\":\"ImageObject\",\"inLanguage\":\"es-AR\",\"@id\":\"https:\/\/www.exceptional.art\/shop\/incertidumbre-by-humberto-poidomani\/#primaryimage\",\"url\":\"https:\/\/www.exceptional.art\/wp-content\/uploads\/2024\/07\/Incertidumbre-L.RES_.ORG_.jpg\",\"contentUrl\":\"https:\/\/www.exceptional.art\/wp-content\/uploads\/2024\/07\/Incertidumbre-L.RES_.ORG_.jpg\",\"width\":1920,\"height\":1770,\"caption\":\"\\\"Incertidumbre\\\" by Humberto Poidomani - Acrylic on canvas with resin coating.\"},{\"@type\":\"BreadcrumbList\",\"@id\":\"https:\/\/www.exceptional.art\/shop\/incertidumbre-by-humberto-poidomani\/#breadcrumb\",\"itemListElement\":[{\"@type\":\"ListItem\",\"position\":1,\"name\":\"Home\",\"item\":\"https:\/\/www.exceptional.art\/\"},{\"@type\":\"ListItem\",\"position\":2,\"name\":\"Shop\",\"item\":\"https:\/\/www.exceptional.art\/shop\/\"},{\"@type\":\"ListItem\",\"position\":3,\"name\":\"Incertidumbre by Humberto Poidomani &#8211; Mixed Media Art\"}]},{\"@type\":\"WebSite\",\"@id\":\"https:\/\/www.exceptional.art\/#website\",\"url\":\"https:\/\/www.exceptional.art\/\",\"name\":\"Humberto Poidomani Art - Decades of Sculptural and Paintings Mastery\",\"description\":\"An Artist&#039;s Journey Through Textures, Colors, and Societal Commentary\",\"publisher\":{\"@id\":\"https:\/\/www.exceptional.art\/#organization\"},\"potentialAction\":[{\"@type\":\"SearchAction\",\"target\":{\"@type\":\"EntryPoint\",\"urlTemplate\":\"https:\/\/www.exceptional.art\/?s={search_term_string}\"},\"query-input\":{\"@type\":\"PropertyValueSpecification\",\"valueRequired\":true,\"valueName\":\"search_term_string\"}}],\"inLanguage\":\"es-AR\"},{\"@type\":\"Organization\",\"@id\":\"https:\/\/www.exceptional.art\/#organization\",\"name\":\"Humberto Poidomani Art - Decades of Sculptural and Paintings Mastery\",\"alternateName\":\"Humberto Poidomani Art\",\"url\":\"https:\/\/www.exceptional.art\/\",\"logo\":{\"@type\":\"ImageObject\",\"inLanguage\":\"es-AR\",\"@id\":\"https:\/\/www.exceptional.art\/#\/schema\/logo\/image\/\",\"url\":\"https:\/\/www.exceptional.art\/wp-content\/uploads\/2024\/02\/cropped-Humberto-Poidomani-Signature-2-letters-red.webp\",\"contentUrl\":\"https:\/\/www.exceptional.art\/wp-content\/uploads\/2024\/02\/cropped-Humberto-Poidomani-Signature-2-letters-red.webp\",\"width\":511,\"height\":97,\"caption\":\"Humberto Poidomani Art - Decades of Sculptural and Paintings Mastery\"},\"image\":{\"@id\":\"https:\/\/www.exceptional.art\/#\/schema\/logo\/image\/\"},\"description\":\"Online Art Gallery\",\"email\":\"info@exceptional.art\",\"telephone\":\"\u202a(802) 234-8278\u202c\",\"legalName\":\"Exceptional Art\",\"foundingDate\":\"2024-06-16\",\"numberOfEmployees\":{\"@type\":\"QuantitativeValue\",\"minValue\":\"1\",\"maxValue\":\"10\"}}]}<\/script>\n<!-- \/ Yoast SEO Premium plugin. -->","yoast_head_json":{"title":"Incertidumbre\" by Humberto Poidomani","description":"Explore \"Incertidumbre\" by Humberto Poidomani, a mixed media artwork using acrylic on canvas with a resin coating, highlighting unique textures and forms.","robots":{"index":"index","follow":"follow","max-snippet":"max-snippet:-1","max-image-preview":"max-image-preview:large","max-video-preview":"max-video-preview:-1"},"canonical":"https:\/\/www.exceptional.art\/es\/tienda\/incertidumbre-de-humberto-poidomani\/","og_locale":"es_ES","og_type":"article","og_title":"Incertidumbre by Humberto Poidomani - Mixed Media Art","og_description":"Explore \"Incertidumbre\" by Humberto Poidomani, a mixed media artwork using acrylic on canvas with a resin coating, highlighting unique textures and forms.","og_url":"https:\/\/www.exceptional.art\/es\/tienda\/incertidumbre-de-humberto-poidomani\/","og_site_name":"Humberto Poidomani Art - Decades of Sculptural and Paintings Mastery","article_modified_time":"2024-11-16T22:45:46+00:00","og_image":[{"width":1920,"height":1770,"url":"https:\/\/www.exceptional.art\/wp-content\/uploads\/2024\/07\/Incertidumbre-L.RES_.ORG_.jpg","type":"image\/jpeg"}],"twitter_card":"summary_large_image","twitter_misc":{"Tiempo de lectura":"1 minuto"},"schema":{"@context":"https:\/\/schema.org","@graph":[{"@type":"WebPage","@id":"https:\/\/www.exceptional.art\/shop\/incertidumbre-by-humberto-poidomani\/","url":"https:\/\/www.exceptional.art\/shop\/incertidumbre-by-humberto-poidomani\/","name":"Incertidumbre\" by Humberto Poidomani","isPartOf":{"@id":"https:\/\/www.exceptional.art\/#website"},"primaryImageOfPage":{"@id":"https:\/\/www.exceptional.art\/shop\/incertidumbre-by-humberto-poidomani\/#primaryimage"},"image":{"@id":"https:\/\/www.exceptional.art\/shop\/incertidumbre-by-humberto-poidomani\/#primaryimage"},"thumbnailUrl":"https:\/\/www.exceptional.art\/wp-content\/uploads\/2024\/07\/Incertidumbre-L.RES_.ORG_.jpg","datePublished":"2024-07-03T15:52:51+00:00","dateModified":"2024-11-16T22:45:46+00:00","description":"Explore \"Incertidumbre\" by Humberto Poidomani, a mixed media artwork using acrylic on canvas with a resin coating, highlighting unique textures and forms.","breadcrumb":{"@id":"https:\/\/www.exceptional.art\/shop\/incertidumbre-by-humberto-poidomani\/#breadcrumb"},"inLanguage":"es-AR","potentialAction":[{"@type":"ReadAction","target":["https:\/\/www.exceptional.art\/shop\/incertidumbre-by-humberto-poidomani\/"]}]},{"@type":"ImageObject","inLanguage":"es-AR","@id":"https:\/\/www.exceptional.art\/shop\/incertidumbre-by-humberto-poidomani\/#primaryimage","url":"https:\/\/www.exceptional.art\/wp-content\/uploads\/2024\/07\/Incertidumbre-L.RES_.ORG_.jpg","contentUrl":"https:\/\/www.exceptional.art\/wp-content\/uploads\/2024\/07\/Incertidumbre-L.RES_.ORG_.jpg","width":1920,"height":1770,"caption":"\"Incertidumbre\" by Humberto Poidomani - Acrylic on canvas with resin coating."},{"@type":"BreadcrumbList","@id":"https:\/\/www.exceptional.art\/shop\/incertidumbre-by-humberto-poidomani\/#breadcrumb","itemListElement":[{"@type":"ListItem","position":1,"name":"Home","item":"https:\/\/www.exceptional.art\/"},{"@type":"ListItem","position":2,"name":"Shop","item":"https:\/\/www.exceptional.art\/shop\/"},{"@type":"ListItem","position":3,"name":"Incertidumbre by Humberto Poidomani &#8211; Mixed Media Art"}]},{"@type":"WebSite","@id":"https:\/\/www.exceptional.art\/#website","url":"https:\/\/www.exceptional.art\/","name":"Humberto Poidomani Art - Decades of Sculptural and Paintings Mastery","description":"An Artist&#039;s Journey Through Textures, Colors, and Societal Commentary","publisher":{"@id":"https:\/\/www.exceptional.art\/#organization"},"potentialAction":[{"@type":"SearchAction","target":{"@type":"EntryPoint","urlTemplate":"https:\/\/www.exceptional.art\/?s={search_term_string}"},"query-input":{"@type":"PropertyValueSpecification","valueRequired":true,"valueName":"search_term_string"}}],"inLanguage":"es-AR"},{"@type":"Organization","@id":"https:\/\/www.exceptional.art\/#organization","name":"Humberto Poidomani Art - Decades of Sculptural and Paintings Mastery","alternateName":"Humberto Poidomani Art","url":"https:\/\/www.exceptional.art\/","logo":{"@type":"ImageObject","inLanguage":"es-AR","@id":"https:\/\/www.exceptional.art\/#\/schema\/logo\/image\/","url":"https:\/\/www.exceptional.art\/wp-content\/uploads\/2024\/02\/cropped-Humberto-Poidomani-Signature-2-letters-red.webp","contentUrl":"https:\/\/www.exceptional.art\/wp-content\/uploads\/2024\/02\/cropped-Humberto-Poidomani-Signature-2-letters-red.webp","width":511,"height":97,"caption":"Humberto Poidomani Art - Decades of Sculptural and Paintings Mastery"},"image":{"@id":"https:\/\/www.exceptional.art\/#\/schema\/logo\/image\/"},"description":"Online Art Gallery","email":"info@exceptional.art","telephone":"\u202a(802) 234-8278\u202c","legalName":"Exceptional Art","foundingDate":"2024-06-16","numberOfEmployees":{"@type":"QuantitativeValue","minValue":"1","maxValue":"10"}}]}},"_links":{"self":[{"href":"https:\/\/www.exceptional.art\/es\/wp-json\/wp\/v2\/product\/10756","targetHints":{"allow":["GET"]}}],"collection":[{"href":"https:\/\/www.exceptional.art\/es\/wp-json\/wp\/v2\/product"}],"about":[{"href":"https:\/\/www.exceptional.art\/es\/wp-json\/wp\/v2\/types\/product"}],"replies":[{"embeddable":true,"href":"https:\/\/www.exceptional.art\/es\/wp-json\/wp\/v2\/comments?post=10756"}],"wp:featuredmedia":[{"embeddable":true,"href":"https:\/\/www.exceptional.art\/es\/wp-json\/wp\/v2\/media\/10755"}],"wp:attachment":[{"href":"https:\/\/www.exceptional.art\/es\/wp-json\/wp\/v2\/media?parent=10756"}],"wp:term":[{"taxonomy":"art-created-date","embeddable":true,"href":"https:\/\/www.exceptional.art\/es\/wp-json\/wp\/v2\/art-created-date?post=10756"},{"taxonomy":"product_brand","embeddable":true,"href":"https:\/\/www.exceptional.art\/es\/wp-json\/wp\/v2\/product_brand?post=10756"},{"taxonomy":"product_cat","embeddable":true,"href":"https:\/\/www.exceptional.art\/es\/wp-json\/wp\/v2\/product_cat?post=10756"},{"taxonomy":"product_tag","embeddable":true,"href":"https:\/\/www.exceptional.art\/es\/wp-json\/wp\/v2\/product_tag?post=10756"}],"curies":[{"name":"wp","href":"https:\/\/api.w.org\/{rel}","templated":true}]}}