{"id":13340,"date":"2024-11-16T21:26:41","date_gmt":"2024-11-16T21:26:41","guid":{"rendered":"https:\/\/www.exceptional.art\/?page_id=13340"},"modified":"2024-11-16T21:55:43","modified_gmt":"2024-11-16T21:55:43","slug":"cronologia-de-la-evolucion-de-las-paletas-de-colores-y-las-tecnicas-de-pincelado","status":"publish","type":"page","link":"https:\/\/www.exceptional.art\/es\/cronologia-de-la-evolucion-de-las-paletas-de-colores-y-las-tecnicas-de-pincelado\/","title":{"rendered":"cronolog\u00eda de la evoluci\u00f3n de las paletas de colores y las t\u00e9cnicas de pincelado"},"content":{"rendered":"<div data-elementor-type=\"wp-page\" data-elementor-id=\"13340\" class=\"elementor elementor-13340\" data-elementor-post-type=\"page\">\n\t\t\t\t<div class=\"elementor-element elementor-element-c93266b e-flex e-con-boxed e-con e-parent\" data-id=\"c93266b\" data-element_type=\"container\" data-e-type=\"container\">\n\t\t\t\t\t<div class=\"e-con-inner\">\n\t\t\t\t\t<\/div>\n\t\t\t\t<\/div>\n\t\t<div class=\"elementor-element elementor-element-6d2f967 e-flex e-con-boxed e-con e-parent\" data-id=\"6d2f967\" data-element_type=\"container\" data-e-type=\"container\">\n\t\t\t\t\t<div class=\"e-con-inner\">\n\t\t\t\t<div class=\"elementor-element elementor-element-2e45795 elementor-widget elementor-widget-text-editor\" data-id=\"2e45795\" data-element_type=\"widget\" data-e-type=\"widget\" data-widget_type=\"text-editor.default\">\n\t\t\t\t<div class=\"elementor-widget-container\">\n\t\t\t\t\t\t\t\t\t<h3><strong>Renacimiento (1400-1600)<\/strong><\/h3>\n<ul>\n  <li><strong>Paleta de colores:<\/strong> Tonos terrosos, verdes apagados, azules y rojos; entre los pigmentos m\u00e1s apreciados se encontraban el ultramarino y el bermell\u00f3n.<\/li>\n  <li><strong>Pinceladas:<\/strong> Detalles suaves y finos con t\u00e9cnicas de glaseado para mayor realismo y profundidad.<\/li>\n  <li><strong>Artistas notables:<\/strong> Leonardo da Vinci, Miguel \u00c1ngel, Rafael.<\/li>\n<\/ul>\n<p><a href=\"https:\/\/en.wikipedia.org\/wiki\/Renaissance_art\" target=\"_blank\">Leer m\u00e1s<\/a><\/p>\n<hr \/>\n\n<h3><strong>Barroco (1600-1700)<\/strong><\/h3>\n<ul>\n  <li><strong>Paleta de colores:<\/strong> Contrastes profundos y dram\u00e1ticos con colores ricos como el rojo carm\u00edn, el ocre y el negro; el claroscuro era la clave.<\/li>\n  <li><strong>Pinceladas:<\/strong> Fluido pero preciso, enfatizando el movimiento y la iluminaci\u00f3n dram\u00e1tica.<\/li>\n  <li><strong>Artistas notables:<\/strong> Caravaggio, Rembrandt, Peter Paul Rubens.<\/li>\n<\/ul>\n<p><a href=\"https:\/\/en.wikipedia.org\/wiki\/Baroque_art\" target=\"_blank\">Leer m\u00e1s<\/a><\/p>\n<hr \/>\n\n<h3><strong>Rococ\u00f3 (1700-Fines del siglo XVIII)<\/strong><\/h3>\n<ul>\n  <li><strong>Paleta de colores:<\/strong> Pasteles suaves como el melocot\u00f3n, el azul cielo, el rosa claro y el dorado para una est\u00e9tica l\u00fadica y decorativa.<\/li>\n  <li><strong>Pinceladas:<\/strong> Trazos ligeros y delicados que transmiten refinamiento y capricho.<\/li>\n  <li><strong>Artistas notables:<\/strong> Fran\u00e7ois Boucher, Jean-Honor\u00e9 Fragonard.<\/li>\n<\/ul>\n<p><a href=\"https:\/\/en.wikipedia.org\/wiki\/Rococo\" target=\"_blank\">Leer m\u00e1s<\/a><\/p>\n<hr \/>\n\n<h3><strong>Neoclasicismo (finales del siglo XVIII)<\/strong><\/h3>\n<ul>\n  <li><strong>Paleta de colores:<\/strong> Tonos apagados inspirados en el arte griego y romano antiguo, centrados en blancos, grises y tonos tierra.<\/li>\n  <li><strong>Pinceladas:<\/strong> L\u00edneas limpias y n\u00edtidas con superficies lisas y pulidas.<\/li>\n  <li><strong>Artistas notables:<\/strong> Jacques-Louis David, Jean-Auguste-Dominique Ingres.<\/li>\n<\/ul>\n<p><a href=\"https:\/\/en.wikipedia.org\/wiki\/Neoclassicism\" target=\"_blank\">Leer m\u00e1s<\/a><\/p>\n<hr \/>\n\n<h3><strong>Romanticismo (1800-1850)<\/strong><\/h3>\n<ul>\n  <li><strong>Paleta de colores:<\/strong> Colores vibrantes y emotivos, como rojos ardientes, grises tormentosos y azules profundos.<\/li>\n  <li><strong>Pinceladas:<\/strong> Expresivo y en\u00e9rgico para transmitir dramatismo y asombro.<\/li>\n  <li><strong>Artistas notables:<\/strong> J.M.W. Turner, Eug\u00e8ne Delacroix.<\/li>\n<\/ul>\n<p><a href=\"https:\/\/en.wikipedia.org\/wiki\/Romanticism\" target=\"_blank\">Leer m\u00e1s<\/a><\/p>\n<hr \/>\n\n<h3><strong>Realismo (1840-1880)<\/strong><\/h3>\n<ul>\n  <li><strong>Paleta de colores:<\/strong> Tonos naturales con marrones y verdes terrosos para representar escenas de la vida real.<\/li>\n  <li><strong>Pinceladas:<\/strong> Preciso pero menos pulido, centrado en la vida cotidiana y en los detalles.<\/li>\n  <li><strong>Artistas notables:<\/strong> Gustave Courbet, Jean-Fran\u00e7ois Millet.<\/li>\n<\/ul>\n<p><a href=\"https:\/\/en.wikipedia.org\/wiki\/Realism_(art_movement)\" target=\"_blank\">Leer m\u00e1s<\/a><\/p>\n<hr \/>\n\n<h3><strong>Impresionismo (1860-1900)<\/strong><\/h3>\n<ul>\n  <li><strong>Paleta de colores:<\/strong> Colores claros y vibrantes aplicados directamente; predominan los azules, amarillos y rosas brillantes.<\/li>\n  <li><strong>Pinceladas:<\/strong> Trazos cortos y visibles que captan la luz y el movimiento.<\/li>\n  <li><strong>Artistas notables:<\/strong> Claude Monet, Pierre-Auguste Renoir.<\/li>\n<\/ul>\n<p><a href=\"https:\/\/en.wikipedia.org\/wiki\/Impressionism\" target=\"_blank\">Leer m\u00e1s<\/a><\/p>\n<hr \/>\n\n<h3><strong>Post-Impressionism (1880s\u20131900s)<\/strong><\/h3>\n<ul>\n  <li><strong>Paleta de colores:<\/strong> Colores atrevidos y expresivos con matices emotivos, a veces antinaturales.<\/li>\n  <li><strong>Pinceladas:<\/strong> Variados, desde el puntillismo a los trazos audaces y dram\u00e1ticos.<\/li>\n  <li><strong>Artistas notables:<\/strong> Vincent van Gogh, Paul C\u00e9zanne, Georges Seurat.<\/li>\n<\/ul>\n<p><a href=\"https:\/\/en.wikipedia.org\/wiki\/Post-Impressionism\" target=\"_blank\">Leer m\u00e1s<\/a><\/p>\n<hr \/>\n\n<h3><strong>Fauvismo (1900-1910)<\/strong><\/h3>\n<ul>\n  <li><strong>Paleta de colores:<\/strong> Tonos puros y vivos como el rojo, el naranja y el azul con una expresiva abstracci\u00f3n.<\/li>\n  <li><strong>Pinceladas:<\/strong> Trazos r\u00e1pidos y audaces que destacan el color vibrante sobre el detalle.<\/li>\n  <li><strong>Artistas notables:<\/strong> Henri Matisse, Andr\u00e9 Derain.<\/li>\n<\/ul>\n<p><a href=\"https:\/\/en.wikipedia.org\/wiki\/Fauvism\" target=\"_blank\">Leer m\u00e1s<\/a><\/p>\n<hr \/>\n\n<h3><strong>Cubismo (1907-1920)<\/strong><\/h3>\n<ul>\n  <li><strong>Paleta de colores:<\/strong> Monocromos apagados o colores sint\u00e9ticos m\u00e1s vivos en fases posteriores.<\/li>\n  <li><strong>Pinceladas:<\/strong> Formas geom\u00e9tricas fragmentadas con una textura m\u00ednima.<\/li>\n  <li><strong>Artistas notables:<\/strong> Pablo Picasso, Georges Braque.<\/li>\n<\/ul>\n<p><a href=\"https:\/\/en.wikipedia.org\/wiki\/Cubism\" target=\"_blank\">Leer m\u00e1s<\/a><\/p>\n<hr \/>\n\n<h3><strong>Expresionismo abstracto (d\u00e9cadas de 1940-1950)<\/strong><\/h3>\n<ul>\n  <li><strong>Paleta de colores:<\/strong> Primarias variadas y llamativas para causar impacto o tonos apagados para crear ambiente.<\/li>\n  <li><strong>Pinceladas:<\/strong> T\u00e9cnicas en\u00e9rgicas y gestuales como el goteo o las salpicaduras.<\/li>\n  <li><strong>Artistas notables:<\/strong> Jackson Pollock, Mark Rothko.<\/li>\n<\/ul>\n<p><a href=\"https:\/\/en.wikipedia.org\/wiki\/Abstract_expressionism\" target=\"_blank\">Leer m\u00e1s<\/a><\/p>\n<hr \/>\n\n<h3><strong>Arte pop (1950-1970)<\/strong><\/h3>\n<ul>\n  <li><strong>Paleta de colores:<\/strong> Colores brillantes y saturados que imitan la publicidad (por ejemplo, rojo, amarillo, cian).<\/li>\n  <li><strong>Pinceladas:<\/strong> Plano, limpio y gr\u00e1fico con bordes afilados.<\/li>\n  <li><strong>Artistas notables:<\/strong> Andy Warhol, Roy Lichtenstein.<\/li>\n<\/ul>\n<p><a href=\"https:\/\/en.wikipedia.org\/wiki\/Pop_art\" target=\"_blank\">Leer m\u00e1s<\/a><\/p>\n<hr \/>\n\n<h3><strong>Arte contempor\u00e1neo (a\u00f1os 80-actualidad)<\/strong><\/h3>\n<ul>\n  <li><strong>Paleta de colores:<\/strong> Amplia gama: desde colores brillantes de ne\u00f3n hasta monocromos minimalistas.<\/li>\n  <li><strong>Pinceladas:<\/strong> Los diversos estilos incluyen hiperrealismo, texturas digitales y capas multimedia.<\/li>\n  <li><strong>Tendencias notables:<\/strong> Arte callejero (por ejemplo, Banksy), arte digital, obras de instalaci\u00f3n.<\/li>\n<\/ul>\n<p><a href=\"https:\/\/en.wikipedia.org\/wiki\/Contemporary_art\" target=\"_blank\">Leer m\u00e1s<\/a><\/p>\n\t\t\t\t\t\t\t\t<\/div>\n\t\t\t\t<\/div>\n\t\t\t\t\t<\/div>\n\t\t\t\t<\/div>\n\t\t<div class=\"elementor-element elementor-element-5fcda8d e-flex e-con-boxed e-con e-parent\" data-id=\"5fcda8d\" data-element_type=\"container\" data-e-type=\"container\">\n\t\t\t\t\t<div class=\"e-con-inner\">\n\t\t\t\t\t<\/div>\n\t\t\t\t<\/div>\n\t\t\t\t<\/div>","protected":false},"excerpt":{"rendered":"<p>Renaissance (1400s\u20131600s) Color Palette: Earthy tones, muted greens, blues, and reds; prized pigments included ultramarine and vermilion. Brushwork: Smooth, fine details with glazing techniques for realism and depth. Notable Artists: Leonardo da Vinci, Michelangelo, Raphael. Read More Baroque (1600s\u20131700s) Color Palette: Deep, dramatic contrasts with rich colors like carmine red, ochre, and black; chiaroscuro was[&#8230;]<\/p>","protected":false},"author":1,"featured_media":0,"parent":0,"menu_order":0,"comment_status":"closed","ping_status":"closed","template":"","meta":{"_acf_changed":false,"site-sidebar-layout":"no-sidebar","site-content-layout":"page-builder","ast-site-content-layout":"full-width-container","site-content-style":"default","site-sidebar-style":"default","ast-global-header-display":"","ast-banner-title-visibility":"","ast-main-header-display":"","ast-hfb-above-header-display":"","ast-hfb-below-header-display":"","ast-hfb-mobile-header-display":"","site-post-title":"disabled","ast-breadcrumbs-content":"","ast-featured-img":"disabled","footer-sml-layout":"","theme-transparent-header-meta":"","adv-header-id-meta":"","stick-header-meta":"","header-above-stick-meta":"","header-main-stick-meta":"","header-below-stick-meta":"","astra-migrate-meta-layouts":"set","ast-page-background-enabled":"default","ast-page-background-meta":{"desktop":{"background-color":"","background-image":"","background-repeat":"repeat","background-position":"center center","background-size":"auto","background-attachment":"scroll","background-type":"","background-media":"","overlay-type":"","overlay-color":"","overlay-opacity":"","overlay-gradient":""},"tablet":{"background-color":"","background-image":"","background-repeat":"repeat","background-position":"center center","background-size":"auto","background-attachment":"scroll","background-type":"","background-media":"","overlay-type":"","overlay-color":"","overlay-opacity":"","overlay-gradient":""},"mobile":{"background-color":"","background-image":"","background-repeat":"repeat","background-position":"center center","background-size":"auto","background-attachment":"scroll","background-type":"","background-media":"","overlay-type":"","overlay-color":"","overlay-opacity":"","overlay-gradient":""}},"ast-content-background-meta":{"desktop":{"background-color":"var(--ast-global-color-5)","background-image":"","background-repeat":"repeat","background-position":"center center","background-size":"auto","background-attachment":"scroll","background-type":"","background-media":"","overlay-type":"","overlay-color":"","overlay-opacity":"","overlay-gradient":""},"tablet":{"background-color":"var(--ast-global-color-5)","background-image":"","background-repeat":"repeat","background-position":"center center","background-size":"auto","background-attachment":"scroll","background-type":"","background-media":"","overlay-type":"","overlay-color":"","overlay-opacity":"","overlay-gradient":""},"mobile":{"background-color":"var(--ast-global-color-5)","background-image":"","background-repeat":"repeat","background-position":"center center","background-size":"auto","background-attachment":"scroll","background-type":"","background-media":"","overlay-type":"","overlay-color":"","overlay-opacity":"","overlay-gradient":""}},"footnotes":""},"class_list":["post-13340","page","type-page","status-publish","hentry"],"acf":[],"yoast_head":"<!-- This site is optimized with the Yoast SEO Premium plugin v24.1 (Yoast SEO v25.4) - https:\/\/yoast.com\/wordpress\/plugins\/seo\/ -->\n<title>timeline of evolving color palettes and brushwork techniques - Humberto Poidomani Art - Decades of Sculptural and Paintings Mastery<\/title>\n<meta name=\"robots\" content=\"index, follow, max-snippet:-1, max-image-preview:large, max-video-preview:-1\" \/>\n<link rel=\"canonical\" href=\"https:\/\/www.exceptional.art\/es\/cronologia-de-la-evolucion-de-las-paletas-de-colores-y-las-tecnicas-de-pincelado\/\" \/>\n<meta property=\"og:locale\" content=\"es_ES\" \/>\n<meta property=\"og:type\" content=\"article\" \/>\n<meta property=\"og:title\" content=\"timeline of evolving color palettes and brushwork techniques\" \/>\n<meta property=\"og:description\" content=\"Renaissance (1400s\u20131600s) Color Palette: Earthy tones, muted greens, blues, and reds; prized pigments included ultramarine and vermilion. Brushwork: Smooth, fine details with glazing techniques for realism and depth. Notable Artists: Leonardo da Vinci, Michelangelo, Raphael. Read More Baroque (1600s\u20131700s) Color Palette: Deep, dramatic contrasts with rich colors like carmine red, ochre, and black; chiaroscuro was[...]\" \/>\n<meta property=\"og:url\" content=\"https:\/\/www.exceptional.art\/es\/cronologia-de-la-evolucion-de-las-paletas-de-colores-y-las-tecnicas-de-pincelado\/\" \/>\n<meta property=\"og:site_name\" content=\"Humberto Poidomani Art - Decades of Sculptural and Paintings Mastery\" \/>\n<meta property=\"article:modified_time\" content=\"2024-11-16T21:55:43+00:00\" \/>\n<meta name=\"twitter:card\" content=\"summary_large_image\" \/>\n<meta name=\"twitter:label1\" content=\"Tiempo de lectura\" \/>\n\t<meta name=\"twitter:data1\" content=\"2 minutos\" \/>\n<script type=\"application\/ld+json\" class=\"yoast-schema-graph\">{\"@context\":\"https:\/\/schema.org\",\"@graph\":[{\"@type\":\"WebPage\",\"@id\":\"https:\/\/www.exceptional.art\/timeline-of-evolving-color-palettes-and-brushwork-techniques\/\",\"url\":\"https:\/\/www.exceptional.art\/timeline-of-evolving-color-palettes-and-brushwork-techniques\/\",\"name\":\"timeline of evolving color palettes and brushwork techniques - Humberto Poidomani Art - Decades of Sculptural and Paintings Mastery\",\"isPartOf\":{\"@id\":\"https:\/\/www.exceptional.art\/#website\"},\"datePublished\":\"2024-11-16T21:26:41+00:00\",\"dateModified\":\"2024-11-16T21:55:43+00:00\",\"breadcrumb\":{\"@id\":\"https:\/\/www.exceptional.art\/timeline-of-evolving-color-palettes-and-brushwork-techniques\/#breadcrumb\"},\"inLanguage\":\"es-AR\",\"potentialAction\":[{\"@type\":\"ReadAction\",\"target\":[\"https:\/\/www.exceptional.art\/timeline-of-evolving-color-palettes-and-brushwork-techniques\/\"]}]},{\"@type\":\"BreadcrumbList\",\"@id\":\"https:\/\/www.exceptional.art\/timeline-of-evolving-color-palettes-and-brushwork-techniques\/#breadcrumb\",\"itemListElement\":[{\"@type\":\"ListItem\",\"position\":1,\"name\":\"Home\",\"item\":\"https:\/\/www.exceptional.art\/\"},{\"@type\":\"ListItem\",\"position\":2,\"name\":\"timeline of evolving color palettes and brushwork techniques\"}]},{\"@type\":\"WebSite\",\"@id\":\"https:\/\/www.exceptional.art\/#website\",\"url\":\"https:\/\/www.exceptional.art\/\",\"name\":\"Humberto Poidomani Art - Decades of Sculptural and Paintings Mastery\",\"description\":\"An Artist&#039;s Journey Through Textures, Colors, and Societal Commentary\",\"publisher\":{\"@id\":\"https:\/\/www.exceptional.art\/#organization\"},\"potentialAction\":[{\"@type\":\"SearchAction\",\"target\":{\"@type\":\"EntryPoint\",\"urlTemplate\":\"https:\/\/www.exceptional.art\/?s={search_term_string}\"},\"query-input\":{\"@type\":\"PropertyValueSpecification\",\"valueRequired\":true,\"valueName\":\"search_term_string\"}}],\"inLanguage\":\"es-AR\"},{\"@type\":\"Organization\",\"@id\":\"https:\/\/www.exceptional.art\/#organization\",\"name\":\"Humberto Poidomani Art - Decades of Sculptural and Paintings Mastery\",\"alternateName\":\"Humberto Poidomani Art\",\"url\":\"https:\/\/www.exceptional.art\/\",\"logo\":{\"@type\":\"ImageObject\",\"inLanguage\":\"es-AR\",\"@id\":\"https:\/\/www.exceptional.art\/#\/schema\/logo\/image\/\",\"url\":\"https:\/\/www.exceptional.art\/wp-content\/uploads\/2024\/02\/cropped-Humberto-Poidomani-Signature-2-letters-red.webp\",\"contentUrl\":\"https:\/\/www.exceptional.art\/wp-content\/uploads\/2024\/02\/cropped-Humberto-Poidomani-Signature-2-letters-red.webp\",\"width\":511,\"height\":97,\"caption\":\"Humberto Poidomani Art - Decades of Sculptural and Paintings Mastery\"},\"image\":{\"@id\":\"https:\/\/www.exceptional.art\/#\/schema\/logo\/image\/\"},\"description\":\"Online Art Gallery\",\"email\":\"info@exceptional.art\",\"telephone\":\"\u202a(802) 234-8278\u202c\",\"legalName\":\"Exceptional Art\",\"foundingDate\":\"2024-06-16\",\"numberOfEmployees\":{\"@type\":\"QuantitativeValue\",\"minValue\":\"1\",\"maxValue\":\"10\"}}]}<\/script>\n<!-- \/ Yoast SEO Premium plugin. -->","yoast_head_json":{"title":"timeline of evolving color palettes and brushwork techniques - Humberto Poidomani Art - Decades of Sculptural and Paintings Mastery","robots":{"index":"index","follow":"follow","max-snippet":"max-snippet:-1","max-image-preview":"max-image-preview:large","max-video-preview":"max-video-preview:-1"},"canonical":"https:\/\/www.exceptional.art\/es\/cronologia-de-la-evolucion-de-las-paletas-de-colores-y-las-tecnicas-de-pincelado\/","og_locale":"es_ES","og_type":"article","og_title":"timeline of evolving color palettes and brushwork techniques","og_description":"Renaissance (1400s\u20131600s) Color Palette: Earthy tones, muted greens, blues, and reds; prized pigments included ultramarine and vermilion. Brushwork: Smooth, fine details with glazing techniques for realism and depth. Notable Artists: Leonardo da Vinci, Michelangelo, Raphael. Read More Baroque (1600s\u20131700s) Color Palette: Deep, dramatic contrasts with rich colors like carmine red, ochre, and black; chiaroscuro was[...]","og_url":"https:\/\/www.exceptional.art\/es\/cronologia-de-la-evolucion-de-las-paletas-de-colores-y-las-tecnicas-de-pincelado\/","og_site_name":"Humberto Poidomani Art - Decades of Sculptural and Paintings Mastery","article_modified_time":"2024-11-16T21:55:43+00:00","twitter_card":"summary_large_image","twitter_misc":{"Tiempo de lectura":"2 minutos"},"schema":{"@context":"https:\/\/schema.org","@graph":[{"@type":"WebPage","@id":"https:\/\/www.exceptional.art\/timeline-of-evolving-color-palettes-and-brushwork-techniques\/","url":"https:\/\/www.exceptional.art\/timeline-of-evolving-color-palettes-and-brushwork-techniques\/","name":"timeline of evolving color palettes and brushwork techniques - Humberto Poidomani Art - Decades of Sculptural and Paintings Mastery","isPartOf":{"@id":"https:\/\/www.exceptional.art\/#website"},"datePublished":"2024-11-16T21:26:41+00:00","dateModified":"2024-11-16T21:55:43+00:00","breadcrumb":{"@id":"https:\/\/www.exceptional.art\/timeline-of-evolving-color-palettes-and-brushwork-techniques\/#breadcrumb"},"inLanguage":"es-AR","potentialAction":[{"@type":"ReadAction","target":["https:\/\/www.exceptional.art\/timeline-of-evolving-color-palettes-and-brushwork-techniques\/"]}]},{"@type":"BreadcrumbList","@id":"https:\/\/www.exceptional.art\/timeline-of-evolving-color-palettes-and-brushwork-techniques\/#breadcrumb","itemListElement":[{"@type":"ListItem","position":1,"name":"Home","item":"https:\/\/www.exceptional.art\/"},{"@type":"ListItem","position":2,"name":"timeline of evolving color palettes and brushwork techniques"}]},{"@type":"WebSite","@id":"https:\/\/www.exceptional.art\/#website","url":"https:\/\/www.exceptional.art\/","name":"Humberto Poidomani Art - Decades of Sculptural and Paintings Mastery","description":"An Artist&#039;s Journey Through Textures, Colors, and Societal Commentary","publisher":{"@id":"https:\/\/www.exceptional.art\/#organization"},"potentialAction":[{"@type":"SearchAction","target":{"@type":"EntryPoint","urlTemplate":"https:\/\/www.exceptional.art\/?s={search_term_string}"},"query-input":{"@type":"PropertyValueSpecification","valueRequired":true,"valueName":"search_term_string"}}],"inLanguage":"es-AR"},{"@type":"Organization","@id":"https:\/\/www.exceptional.art\/#organization","name":"Humberto Poidomani Art - Decades of Sculptural and Paintings Mastery","alternateName":"Humberto Poidomani Art","url":"https:\/\/www.exceptional.art\/","logo":{"@type":"ImageObject","inLanguage":"es-AR","@id":"https:\/\/www.exceptional.art\/#\/schema\/logo\/image\/","url":"https:\/\/www.exceptional.art\/wp-content\/uploads\/2024\/02\/cropped-Humberto-Poidomani-Signature-2-letters-red.webp","contentUrl":"https:\/\/www.exceptional.art\/wp-content\/uploads\/2024\/02\/cropped-Humberto-Poidomani-Signature-2-letters-red.webp","width":511,"height":97,"caption":"Humberto Poidomani Art - Decades of Sculptural and Paintings Mastery"},"image":{"@id":"https:\/\/www.exceptional.art\/#\/schema\/logo\/image\/"},"description":"Online Art Gallery","email":"info@exceptional.art","telephone":"\u202a(802) 234-8278\u202c","legalName":"Exceptional Art","foundingDate":"2024-06-16","numberOfEmployees":{"@type":"QuantitativeValue","minValue":"1","maxValue":"10"}}]}},"_links":{"self":[{"href":"https:\/\/www.exceptional.art\/es\/wp-json\/wp\/v2\/pages\/13340","targetHints":{"allow":["GET"]}}],"collection":[{"href":"https:\/\/www.exceptional.art\/es\/wp-json\/wp\/v2\/pages"}],"about":[{"href":"https:\/\/www.exceptional.art\/es\/wp-json\/wp\/v2\/types\/page"}],"author":[{"embeddable":true,"href":"https:\/\/www.exceptional.art\/es\/wp-json\/wp\/v2\/users\/1"}],"replies":[{"embeddable":true,"href":"https:\/\/www.exceptional.art\/es\/wp-json\/wp\/v2\/comments?post=13340"}],"version-history":[{"count":11,"href":"https:\/\/www.exceptional.art\/es\/wp-json\/wp\/v2\/pages\/13340\/revisions"}],"predecessor-version":[{"id":13351,"href":"https:\/\/www.exceptional.art\/es\/wp-json\/wp\/v2\/pages\/13340\/revisions\/13351"}],"wp:attachment":[{"href":"https:\/\/www.exceptional.art\/es\/wp-json\/wp\/v2\/media?parent=13340"}],"curies":[{"name":"wp","href":"https:\/\/api.w.org\/{rel}","templated":true}]}}