{"id":11462,"date":"2024-08-02T04:49:45","date_gmt":"2024-08-02T04:49:45","guid":{"rendered":"https:\/\/www.exceptional.art\/?page_id=11462"},"modified":"2024-08-02T04:53:20","modified_gmt":"2024-08-02T04:53:20","slug":"explorar-las-tendencias-y-tecnicas-del-arte-moderno","status":"publish","type":"page","link":"https:\/\/www.exceptional.art\/es\/explorar-las-tendencias-y-tecnicas-del-arte-moderno\/","title":{"rendered":"Exploraci\u00f3n de las tendencias y t\u00e9cnicas del arte moderno"},"content":{"rendered":"<div data-elementor-type=\"wp-page\" data-elementor-id=\"11462\" class=\"elementor elementor-11462\" data-elementor-post-type=\"page\">\n\t\t\t\t<div class=\"elementor-element elementor-element-52ac068 e-flex e-con-boxed e-con e-parent\" data-id=\"52ac068\" data-element_type=\"container\" data-e-type=\"container\">\n\t\t\t\t\t<div class=\"e-con-inner\">\n\t\t\t\t<div class=\"elementor-element elementor-element-6e81d04 elementor-widget elementor-widget-heading\" data-id=\"6e81d04\" data-element_type=\"widget\" data-e-type=\"widget\" data-widget_type=\"heading.default\">\n\t\t\t\t<div class=\"elementor-widget-container\">\n\t\t\t\t\t<h1 class=\"elementor-heading-title elementor-size-default\">Exploraci\u00f3n de las tendencias y t\u00e9cnicas del arte moderno<\/h1>\t\t\t\t<\/div>\n\t\t\t\t<\/div>\n\t\t\t\t\t<\/div>\n\t\t\t\t<\/div>\n\t\t<div class=\"elementor-element elementor-element-3295270 e-flex e-con-boxed e-con e-parent\" data-id=\"3295270\" data-element_type=\"container\" data-e-type=\"container\">\n\t\t\t\t\t<div class=\"e-con-inner\">\n\t\t\t\t<div class=\"elementor-element elementor-element-55e630c elementor-widget elementor-widget-heading\" data-id=\"55e630c\" data-element_type=\"widget\" data-e-type=\"widget\" data-widget_type=\"heading.default\">\n\t\t\t\t<div class=\"elementor-widget-container\">\n\t\t\t\t\t<h2 class=\"elementor-heading-title elementor-size-default\">Arte abstracto y de ensamblaje<\/h2>\t\t\t\t<\/div>\n\t\t\t\t<\/div>\n\t\t\t\t\t<\/div>\n\t\t\t\t<\/div>\n\t\t<div class=\"elementor-element elementor-element-1cd1fa5 e-flex e-con-boxed e-con e-parent\" data-id=\"1cd1fa5\" data-element_type=\"container\" data-e-type=\"container\">\n\t\t\t\t\t<div class=\"e-con-inner\">\n\t\t\t\t<div class=\"elementor-element elementor-element-0f83a5b elementor-widget elementor-widget-image\" data-id=\"0f83a5b\" data-element_type=\"widget\" data-e-type=\"widget\" data-widget_type=\"image.default\">\n\t\t\t\t<div class=\"elementor-widget-container\">\n\t\t\t\t\t\t\t\t\t\t\t\t\t\t\t<img fetchpriority=\"high\" decoding=\"async\" width=\"1024\" height=\"585\" src=\"https:\/\/www.exceptional.art\/wp-content\/uploads\/2024\/08\/A-side-by-side-comparison-of-Abstract-and-Assemblage-Art.-The-Abstract-Art-side-features-bold-vibrant-colors-with-fluid-non-representational-shapes--1024x585.webp\" class=\"attachment-large size-large wp-image-11464\" alt=\"&quot;Comparaci\u00f3n lado a lado del Arte Abstracto con colores vivos y atrevidos y el Arte de Ensamblaje con composiciones tridimensionales&quot;\" srcset=\"https:\/\/www.exceptional.art\/wp-content\/uploads\/2024\/08\/A-side-by-side-comparison-of-Abstract-and-Assemblage-Art.-The-Abstract-Art-side-features-bold-vibrant-colors-with-fluid-non-representational-shapes--1024x585.webp 1024w, https:\/\/www.exceptional.art\/wp-content\/uploads\/2024\/08\/A-side-by-side-comparison-of-Abstract-and-Assemblage-Art.-The-Abstract-Art-side-features-bold-vibrant-colors-with-fluid-non-representational-shapes--300x171.webp 300w, https:\/\/www.exceptional.art\/wp-content\/uploads\/2024\/08\/A-side-by-side-comparison-of-Abstract-and-Assemblage-Art.-The-Abstract-Art-side-features-bold-vibrant-colors-with-fluid-non-representational-shapes--768x439.webp 768w, https:\/\/www.exceptional.art\/wp-content\/uploads\/2024\/08\/A-side-by-side-comparison-of-Abstract-and-Assemblage-Art.-The-Abstract-Art-side-features-bold-vibrant-colors-with-fluid-non-representational-shapes--1536x878.webp 1536w, https:\/\/www.exceptional.art\/wp-content\/uploads\/2024\/08\/A-side-by-side-comparison-of-Abstract-and-Assemblage-Art.-The-Abstract-Art-side-features-bold-vibrant-colors-with-fluid-non-representational-shapes--18x10.webp 18w, https:\/\/www.exceptional.art\/wp-content\/uploads\/2024\/08\/A-side-by-side-comparison-of-Abstract-and-Assemblage-Art.-The-Abstract-Art-side-features-bold-vibrant-colors-with-fluid-non-representational-shapes--500x286.webp 500w, https:\/\/www.exceptional.art\/wp-content\/uploads\/2024\/08\/A-side-by-side-comparison-of-Abstract-and-Assemblage-Art.-The-Abstract-Art-side-features-bold-vibrant-colors-with-fluid-non-representational-shapes-.webp 1792w\" sizes=\"(max-width: 1024px) 100vw, 1024px\" \/>\t\t\t\t\t\t\t\t\t\t\t\t\t\t\t<\/div>\n\t\t\t\t<\/div>\n\t\t\t\t\t<\/div>\n\t\t\t\t<\/div>\n\t\t<div class=\"elementor-element elementor-element-a35aee6 e-flex e-con-boxed e-con e-parent\" data-id=\"a35aee6\" data-element_type=\"container\" data-e-type=\"container\">\n\t\t\t\t\t<div class=\"e-con-inner\">\n\t\t\t\t<div class=\"elementor-element elementor-element-663feed elementor-widget elementor-widget-spacer\" data-id=\"663feed\" data-element_type=\"widget\" data-e-type=\"widget\" data-widget_type=\"spacer.default\">\n\t\t\t\t<div class=\"elementor-widget-container\">\n\t\t\t\t\t\t\t<div class=\"elementor-spacer\">\n\t\t\t<div class=\"elementor-spacer-inner\"><\/div>\n\t\t<\/div>\n\t\t\t\t\t\t<\/div>\n\t\t\t\t<\/div>\n\t\t\t\t\t<\/div>\n\t\t\t\t<\/div>\n\t\t<div class=\"elementor-element elementor-element-460ba5a e-flex e-con-boxed e-con e-parent\" data-id=\"460ba5a\" data-element_type=\"container\" data-e-type=\"container\">\n\t\t\t\t\t<div class=\"e-con-inner\">\n\t\t\t\t<div class=\"elementor-element elementor-element-98905b3 elementor-widget elementor-widget-text-editor\" data-id=\"98905b3\" data-element_type=\"widget\" data-e-type=\"widget\" data-widget_type=\"text-editor.default\">\n\t\t\t\t<div class=\"elementor-widget-container\">\n\t\t\t\t\t\t\t\t\t<p>Las tendencias del arte moderno evolucionan continuamente, y el arte abstracto y el arte de ensamblaje ganan protagonismo. Estos estilos desaf\u00edan los l\u00edmites convencionales e invitan a los espectadores a interpretar y comprometerse con el arte a un nivel m\u00e1s profundo.<\/p><ul><li><strong>Arte abstracto:<\/strong> Se centra en el uso de formas, colores y figuras para transmitir emociones e ideas sin representar objetos reconocibles.<\/li><li><strong>Arte de ensamblaje:<\/strong> Consiste en crear composiciones tridimensionales a partir de objetos encontrados, ofreciendo una perspectiva \u00fanica y a menudo provocadora.<\/li><\/ul><h4>El proceso art\u00edstico y la inspiraci\u00f3n<\/h4><p>Comprender el proceso art\u00edstico y encontrar la inspiraci\u00f3n es crucial para crear obras de arte \u00fanicas. Los artistas suelen inspirarse en experiencias personales, emociones y el entorno que les rodea para crear obras que resuenen en el espectador.<\/p><h4>Atraer a los coleccionistas de arte y las tendencias<\/h4><p>Conectar con coleccionistas de arte y mantenerse al d\u00eda de las tendencias art\u00edsticas es esencial tanto para los artistas como para los aficionados. Participar en exposiciones, establecer contactos con coleccionistas y seguir las tendencias del sector puede aportar valiosos conocimientos y oportunidades.<\/p><h4>El rico patrimonio art\u00edstico argentino<\/h4><p>Argentina cuenta con una vibrante escena art\u00edstica, con una rica historia de expresi\u00f3n art\u00edstica. Explorar el arte en Argentina, incluidas las obras de destacados artistas argentinos, ofrece una fascinante visi\u00f3n del patrimonio cultural del pa\u00eds.<\/p><h4>Fan Art de Messi: Homenaje a un icono<\/h4><p>El arte de los fans dedicado a Lionel Messi se ha hecho popular, mostrando la intersecci\u00f3n entre el deporte y el arte. Estas obras celebran el impacto de Messi dentro y fuera del campo, reflejando la pasi\u00f3n y la creatividad de sus seguidores. Lee nuestro blog <a href=\"http:\/\/Celebrating the 2024 Olympic Games in Paris: The Inspiration Behind Humberto Poidomani\u2019s Latest Masterpiece\" data-wplink-url-error=\"true\">aqu\u00ed<\/a><\/p>\t\t\t\t\t\t\t\t<\/div>\n\t\t\t\t<\/div>\n\t\t\t\t\t<\/div>\n\t\t\t\t<\/div>\n\t\t\t\t<\/div>","protected":false},"excerpt":{"rendered":"<p>Exploring Modern Art Trends and Techniques Embracing Abstract and Assemblage Art Modern art trends are continuously evolving, with abstract art and assemblage art gaining prominence. These styles challenge conventional boundaries and invite viewers to interpret and engage with art on a deeper level. Abstract Art: Focuses on using shapes, colors, and forms to convey emotions[&#8230;]<\/p>","protected":false},"author":1,"featured_media":0,"parent":0,"menu_order":0,"comment_status":"closed","ping_status":"closed","template":"","meta":{"_acf_changed":false,"site-sidebar-layout":"no-sidebar","site-content-layout":"page-builder","ast-site-content-layout":"full-width-container","site-content-style":"default","site-sidebar-style":"default","ast-global-header-display":"","ast-banner-title-visibility":"","ast-main-header-display":"","ast-hfb-above-header-display":"","ast-hfb-below-header-display":"","ast-hfb-mobile-header-display":"","site-post-title":"disabled","ast-breadcrumbs-content":"","ast-featured-img":"disabled","footer-sml-layout":"","theme-transparent-header-meta":"","adv-header-id-meta":"","stick-header-meta":"","header-above-stick-meta":"","header-main-stick-meta":"","header-below-stick-meta":"","astra-migrate-meta-layouts":"set","ast-page-background-enabled":"default","ast-page-background-meta":{"desktop":{"background-color":"","background-image":"","background-repeat":"repeat","background-position":"center center","background-size":"auto","background-attachment":"scroll","background-type":"","background-media":"","overlay-type":"","overlay-color":"","overlay-opacity":"","overlay-gradient":""},"tablet":{"background-color":"","background-image":"","background-repeat":"repeat","background-position":"center center","background-size":"auto","background-attachment":"scroll","background-type":"","background-media":"","overlay-type":"","overlay-color":"","overlay-opacity":"","overlay-gradient":""},"mobile":{"background-color":"","background-image":"","background-repeat":"repeat","background-position":"center center","background-size":"auto","background-attachment":"scroll","background-type":"","background-media":"","overlay-type":"","overlay-color":"","overlay-opacity":"","overlay-gradient":""}},"ast-content-background-meta":{"desktop":{"background-color":"var(--ast-global-color-5)","background-image":"","background-repeat":"repeat","background-position":"center center","background-size":"auto","background-attachment":"scroll","background-type":"","background-media":"","overlay-type":"","overlay-color":"","overlay-opacity":"","overlay-gradient":""},"tablet":{"background-color":"var(--ast-global-color-5)","background-image":"","background-repeat":"repeat","background-position":"center center","background-size":"auto","background-attachment":"scroll","background-type":"","background-media":"","overlay-type":"","overlay-color":"","overlay-opacity":"","overlay-gradient":""},"mobile":{"background-color":"var(--ast-global-color-5)","background-image":"","background-repeat":"repeat","background-position":"center center","background-size":"auto","background-attachment":"scroll","background-type":"","background-media":"","overlay-type":"","overlay-color":"","overlay-opacity":"","overlay-gradient":""}},"footnotes":""},"class_list":["post-11462","page","type-page","status-publish","hentry"],"acf":[],"yoast_head":"<!-- This site is optimized with the Yoast SEO Premium plugin v24.1 (Yoast SEO v25.4) - https:\/\/yoast.com\/wordpress\/plugins\/seo\/ -->\n<title>Exploring Modern Art Trends and Techniques:<\/title>\n<meta name=\"description\" content=\"Dive into the latest modern art trends and techniques, discovering innovative styles, emerging artists, and the evolving landscape of contemporary art.\" \/>\n<meta name=\"robots\" content=\"index, follow, max-snippet:-1, max-image-preview:large, max-video-preview:-1\" \/>\n<link rel=\"canonical\" href=\"https:\/\/www.exceptional.art\/es\/explorar-las-tendencias-y-tecnicas-del-arte-moderno\/\" \/>\n<meta property=\"og:locale\" content=\"es_ES\" \/>\n<meta property=\"og:type\" content=\"article\" \/>\n<meta property=\"og:title\" content=\"Exploring Modern Art Trends and Techniques\" \/>\n<meta property=\"og:description\" content=\"Dive into the latest modern art trends and techniques, discovering innovative styles, emerging artists, and the evolving landscape of contemporary art.\" \/>\n<meta property=\"og:url\" content=\"https:\/\/www.exceptional.art\/es\/explorar-las-tendencias-y-tecnicas-del-arte-moderno\/\" \/>\n<meta property=\"og:site_name\" content=\"Humberto Poidomani Art - Decades of Sculptural and Paintings Mastery\" \/>\n<meta property=\"article:modified_time\" content=\"2024-08-02T04:53:20+00:00\" \/>\n<meta property=\"og:image\" content=\"https:\/\/www.exceptional.art\/wp-content\/uploads\/2024\/08\/A-side-by-side-comparison-of-Abstract-and-Assemblage-Art.-The-Abstract-Art-side-features-bold-vibrant-colors-with-fluid-non-representational-shapes--1024x585.webp\" \/>\n<meta name=\"twitter:card\" content=\"summary_large_image\" \/>\n<meta name=\"twitter:label1\" content=\"Tiempo de lectura\" \/>\n\t<meta name=\"twitter:data1\" content=\"2 minutos\" \/>\n<script type=\"application\/ld+json\" class=\"yoast-schema-graph\">{\"@context\":\"https:\/\/schema.org\",\"@graph\":[{\"@type\":\"WebPage\",\"@id\":\"https:\/\/www.exceptional.art\/exploring-modern-art-trends-and-techniques\/\",\"url\":\"https:\/\/www.exceptional.art\/exploring-modern-art-trends-and-techniques\/\",\"name\":\"Exploring Modern Art Trends and Techniques:\",\"isPartOf\":{\"@id\":\"https:\/\/www.exceptional.art\/#website\"},\"primaryImageOfPage\":{\"@id\":\"https:\/\/www.exceptional.art\/exploring-modern-art-trends-and-techniques\/#primaryimage\"},\"image\":{\"@id\":\"https:\/\/www.exceptional.art\/exploring-modern-art-trends-and-techniques\/#primaryimage\"},\"thumbnailUrl\":\"https:\/\/www.exceptional.art\/wp-content\/uploads\/2024\/08\/A-side-by-side-comparison-of-Abstract-and-Assemblage-Art.-The-Abstract-Art-side-features-bold-vibrant-colors-with-fluid-non-representational-shapes--1024x585.webp\",\"datePublished\":\"2024-08-02T04:49:45+00:00\",\"dateModified\":\"2024-08-02T04:53:20+00:00\",\"description\":\"Dive into the latest modern art trends and techniques, discovering innovative styles, emerging artists, and the evolving landscape of contemporary art.\",\"breadcrumb\":{\"@id\":\"https:\/\/www.exceptional.art\/exploring-modern-art-trends-and-techniques\/#breadcrumb\"},\"inLanguage\":\"es-AR\",\"potentialAction\":[{\"@type\":\"ReadAction\",\"target\":[\"https:\/\/www.exceptional.art\/exploring-modern-art-trends-and-techniques\/\"]}]},{\"@type\":\"ImageObject\",\"inLanguage\":\"es-AR\",\"@id\":\"https:\/\/www.exceptional.art\/exploring-modern-art-trends-and-techniques\/#primaryimage\",\"url\":\"https:\/\/www.exceptional.art\/wp-content\/uploads\/2024\/08\/A-side-by-side-comparison-of-Abstract-and-Assemblage-Art.-The-Abstract-Art-side-features-bold-vibrant-colors-with-fluid-non-representational-shapes--1024x585.webp\",\"contentUrl\":\"https:\/\/www.exceptional.art\/wp-content\/uploads\/2024\/08\/A-side-by-side-comparison-of-Abstract-and-Assemblage-Art.-The-Abstract-Art-side-features-bold-vibrant-colors-with-fluid-non-representational-shapes--1024x585.webp\"},{\"@type\":\"BreadcrumbList\",\"@id\":\"https:\/\/www.exceptional.art\/exploring-modern-art-trends-and-techniques\/#breadcrumb\",\"itemListElement\":[{\"@type\":\"ListItem\",\"position\":1,\"name\":\"Home\",\"item\":\"https:\/\/www.exceptional.art\/\"},{\"@type\":\"ListItem\",\"position\":2,\"name\":\"Exploring Modern Art Trends and Techniques\"}]},{\"@type\":\"WebSite\",\"@id\":\"https:\/\/www.exceptional.art\/#website\",\"url\":\"https:\/\/www.exceptional.art\/\",\"name\":\"Humberto Poidomani Art - Decades of Sculptural and Paintings Mastery\",\"description\":\"An Artist&#039;s Journey Through Textures, Colors, and Societal Commentary\",\"publisher\":{\"@id\":\"https:\/\/www.exceptional.art\/#organization\"},\"potentialAction\":[{\"@type\":\"SearchAction\",\"target\":{\"@type\":\"EntryPoint\",\"urlTemplate\":\"https:\/\/www.exceptional.art\/?s={search_term_string}\"},\"query-input\":{\"@type\":\"PropertyValueSpecification\",\"valueRequired\":true,\"valueName\":\"search_term_string\"}}],\"inLanguage\":\"es-AR\"},{\"@type\":\"Organization\",\"@id\":\"https:\/\/www.exceptional.art\/#organization\",\"name\":\"Humberto Poidomani Art - Decades of Sculptural and Paintings Mastery\",\"alternateName\":\"Humberto Poidomani Art\",\"url\":\"https:\/\/www.exceptional.art\/\",\"logo\":{\"@type\":\"ImageObject\",\"inLanguage\":\"es-AR\",\"@id\":\"https:\/\/www.exceptional.art\/#\/schema\/logo\/image\/\",\"url\":\"https:\/\/www.exceptional.art\/wp-content\/uploads\/2024\/02\/cropped-Humberto-Poidomani-Signature-2-letters-red.webp\",\"contentUrl\":\"https:\/\/www.exceptional.art\/wp-content\/uploads\/2024\/02\/cropped-Humberto-Poidomani-Signature-2-letters-red.webp\",\"width\":511,\"height\":97,\"caption\":\"Humberto Poidomani Art - Decades of Sculptural and Paintings Mastery\"},\"image\":{\"@id\":\"https:\/\/www.exceptional.art\/#\/schema\/logo\/image\/\"},\"description\":\"Online Art Gallery\",\"email\":\"info@exceptional.art\",\"telephone\":\"\u202a(802) 234-8278\u202c\",\"legalName\":\"Exceptional Art\",\"foundingDate\":\"2024-06-16\",\"numberOfEmployees\":{\"@type\":\"QuantitativeValue\",\"minValue\":\"1\",\"maxValue\":\"10\"}}]}<\/script>\n<!-- \/ Yoast SEO Premium plugin. -->","yoast_head_json":{"title":"Exploring Modern Art Trends and Techniques:","description":"Dive into the latest modern art trends and techniques, discovering innovative styles, emerging artists, and the evolving landscape of contemporary art.","robots":{"index":"index","follow":"follow","max-snippet":"max-snippet:-1","max-image-preview":"max-image-preview:large","max-video-preview":"max-video-preview:-1"},"canonical":"https:\/\/www.exceptional.art\/es\/explorar-las-tendencias-y-tecnicas-del-arte-moderno\/","og_locale":"es_ES","og_type":"article","og_title":"Exploring Modern Art Trends and Techniques","og_description":"Dive into the latest modern art trends and techniques, discovering innovative styles, emerging artists, and the evolving landscape of contemporary art.","og_url":"https:\/\/www.exceptional.art\/es\/explorar-las-tendencias-y-tecnicas-del-arte-moderno\/","og_site_name":"Humberto Poidomani Art - Decades of Sculptural and Paintings Mastery","article_modified_time":"2024-08-02T04:53:20+00:00","og_image":[{"url":"https:\/\/www.exceptional.art\/wp-content\/uploads\/2024\/08\/A-side-by-side-comparison-of-Abstract-and-Assemblage-Art.-The-Abstract-Art-side-features-bold-vibrant-colors-with-fluid-non-representational-shapes--1024x585.webp","type":"","width":"","height":""}],"twitter_card":"summary_large_image","twitter_misc":{"Tiempo de lectura":"2 minutos"},"schema":{"@context":"https:\/\/schema.org","@graph":[{"@type":"WebPage","@id":"https:\/\/www.exceptional.art\/exploring-modern-art-trends-and-techniques\/","url":"https:\/\/www.exceptional.art\/exploring-modern-art-trends-and-techniques\/","name":"Exploring Modern Art Trends and Techniques:","isPartOf":{"@id":"https:\/\/www.exceptional.art\/#website"},"primaryImageOfPage":{"@id":"https:\/\/www.exceptional.art\/exploring-modern-art-trends-and-techniques\/#primaryimage"},"image":{"@id":"https:\/\/www.exceptional.art\/exploring-modern-art-trends-and-techniques\/#primaryimage"},"thumbnailUrl":"https:\/\/www.exceptional.art\/wp-content\/uploads\/2024\/08\/A-side-by-side-comparison-of-Abstract-and-Assemblage-Art.-The-Abstract-Art-side-features-bold-vibrant-colors-with-fluid-non-representational-shapes--1024x585.webp","datePublished":"2024-08-02T04:49:45+00:00","dateModified":"2024-08-02T04:53:20+00:00","description":"Dive into the latest modern art trends and techniques, discovering innovative styles, emerging artists, and the evolving landscape of contemporary art.","breadcrumb":{"@id":"https:\/\/www.exceptional.art\/exploring-modern-art-trends-and-techniques\/#breadcrumb"},"inLanguage":"es-AR","potentialAction":[{"@type":"ReadAction","target":["https:\/\/www.exceptional.art\/exploring-modern-art-trends-and-techniques\/"]}]},{"@type":"ImageObject","inLanguage":"es-AR","@id":"https:\/\/www.exceptional.art\/exploring-modern-art-trends-and-techniques\/#primaryimage","url":"https:\/\/www.exceptional.art\/wp-content\/uploads\/2024\/08\/A-side-by-side-comparison-of-Abstract-and-Assemblage-Art.-The-Abstract-Art-side-features-bold-vibrant-colors-with-fluid-non-representational-shapes--1024x585.webp","contentUrl":"https:\/\/www.exceptional.art\/wp-content\/uploads\/2024\/08\/A-side-by-side-comparison-of-Abstract-and-Assemblage-Art.-The-Abstract-Art-side-features-bold-vibrant-colors-with-fluid-non-representational-shapes--1024x585.webp"},{"@type":"BreadcrumbList","@id":"https:\/\/www.exceptional.art\/exploring-modern-art-trends-and-techniques\/#breadcrumb","itemListElement":[{"@type":"ListItem","position":1,"name":"Home","item":"https:\/\/www.exceptional.art\/"},{"@type":"ListItem","position":2,"name":"Exploring Modern Art Trends and Techniques"}]},{"@type":"WebSite","@id":"https:\/\/www.exceptional.art\/#website","url":"https:\/\/www.exceptional.art\/","name":"Humberto Poidomani Art - Decades of Sculptural and Paintings Mastery","description":"An Artist&#039;s Journey Through Textures, Colors, and Societal Commentary","publisher":{"@id":"https:\/\/www.exceptional.art\/#organization"},"potentialAction":[{"@type":"SearchAction","target":{"@type":"EntryPoint","urlTemplate":"https:\/\/www.exceptional.art\/?s={search_term_string}"},"query-input":{"@type":"PropertyValueSpecification","valueRequired":true,"valueName":"search_term_string"}}],"inLanguage":"es-AR"},{"@type":"Organization","@id":"https:\/\/www.exceptional.art\/#organization","name":"Humberto Poidomani Art - Decades of Sculptural and Paintings Mastery","alternateName":"Humberto Poidomani Art","url":"https:\/\/www.exceptional.art\/","logo":{"@type":"ImageObject","inLanguage":"es-AR","@id":"https:\/\/www.exceptional.art\/#\/schema\/logo\/image\/","url":"https:\/\/www.exceptional.art\/wp-content\/uploads\/2024\/02\/cropped-Humberto-Poidomani-Signature-2-letters-red.webp","contentUrl":"https:\/\/www.exceptional.art\/wp-content\/uploads\/2024\/02\/cropped-Humberto-Poidomani-Signature-2-letters-red.webp","width":511,"height":97,"caption":"Humberto Poidomani Art - Decades of Sculptural and Paintings Mastery"},"image":{"@id":"https:\/\/www.exceptional.art\/#\/schema\/logo\/image\/"},"description":"Online Art Gallery","email":"info@exceptional.art","telephone":"\u202a(802) 234-8278\u202c","legalName":"Exceptional Art","foundingDate":"2024-06-16","numberOfEmployees":{"@type":"QuantitativeValue","minValue":"1","maxValue":"10"}}]}},"_links":{"self":[{"href":"https:\/\/www.exceptional.art\/es\/wp-json\/wp\/v2\/pages\/11462","targetHints":{"allow":["GET"]}}],"collection":[{"href":"https:\/\/www.exceptional.art\/es\/wp-json\/wp\/v2\/pages"}],"about":[{"href":"https:\/\/www.exceptional.art\/es\/wp-json\/wp\/v2\/types\/page"}],"author":[{"embeddable":true,"href":"https:\/\/www.exceptional.art\/es\/wp-json\/wp\/v2\/users\/1"}],"replies":[{"embeddable":true,"href":"https:\/\/www.exceptional.art\/es\/wp-json\/wp\/v2\/comments?post=11462"}],"version-history":[{"count":4,"href":"https:\/\/www.exceptional.art\/es\/wp-json\/wp\/v2\/pages\/11462\/revisions"}],"predecessor-version":[{"id":11467,"href":"https:\/\/www.exceptional.art\/es\/wp-json\/wp\/v2\/pages\/11462\/revisions\/11467"}],"wp:attachment":[{"href":"https:\/\/www.exceptional.art\/es\/wp-json\/wp\/v2\/media?parent=11462"}],"curies":[{"name":"wp","href":"https:\/\/api.w.org\/{rel}","templated":true}]}}